{"id":72,"date":"2025-02-18T15:55:50","date_gmt":"2025-02-18T14:55:50","guid":{"rendered":"https:\/\/race4driftparts.com\/?page_id=72"},"modified":"2025-02-18T15:57:46","modified_gmt":"2025-02-18T14:57:46","slug":"retourbeleid","status":"publish","type":"page","link":"https:\/\/race4driftparts.com\/de\/ruckgabepolitik\/","title":{"rendered":"R\u00fcckgabepolitik"},"content":{"rendered":"<div data-elementor-type=\"wp-page\" data-elementor-id=\"72\" class=\"elementor elementor-72\" data-elementor-post-type=\"page\">\n\t\t\t\t<div class=\"elementor-element elementor-element-b79c1fc e-flex e-con-boxed e-con e-parent\" data-id=\"b79c1fc\" data-element_type=\"container\">\n\t\t\t\t\t<div class=\"e-con-inner\">\n\t\t\t\t<div class=\"elementor-element elementor-element-d4e1d51 elementor-widget elementor-widget-text-editor\" data-id=\"d4e1d51\" data-element_type=\"widget\" data-settings=\"{&quot;wdt_animation_effect&quot;:&quot;none&quot;}\" data-widget_type=\"text-editor.default\">\n\t\t\t\t\t\t\t\t\t<p><b>R\u00fcckgabepolitik<\/b><\/p><p><span style=\"font-weight: 400;\">Wir m\u00f6chten, dass Sie mit Ihrem Kauf zufrieden sind. Sollten Sie jedoch aus irgendeinem Grund nicht zufrieden sein, k\u00f6nnen Sie Ihre Bestellung innerhalb von <\/span><b>14 Tage<\/b><span style=\"font-weight: 400;\"> R\u00fcckgabe nach Erhalt. Bitte lesen Sie unsere R\u00fcckgabebedingungen unten und folgen Sie den Anweisungen, um eine R\u00fcckgabe zu bearbeiten.<\/span><\/p><ol><li><b> R\u00fcckgabebedingungen:<\/b><\/li><\/ol><ul><li style=\"font-weight: 400;\" aria-level=\"1\"><span style=\"font-weight: 400;\">R\u00fccksendungen k\u00f6nnen innerhalb von <\/span><b>14 Tage<\/b><span style=\"font-weight: 400;\"> nach Erhalt des Produkts.<\/span><\/li><li style=\"font-weight: 400;\" aria-level=\"1\"><span style=\"font-weight: 400;\">Das Produkt muss <\/span><b>unbenutzt<\/b><span style=\"font-weight: 400;\"> und <\/span><b>in seinem urspr\u00fcnglichen Zustand<\/b><span style=\"font-weight: 400;\"> verkeren (einschlie\u00dflich Verpackung, Etiketten usw.).<\/span><\/li><li style=\"font-weight: 400;\" aria-level=\"1\"><span style=\"font-weight: 400;\">Ge\u00f6ffnete oder besch\u00e4digte Produkte k\u00f6nnen nicht zur\u00fcckgegeben werden, es sei denn, das Produkt ist defekt.<\/span><\/li><\/ul><ol start=\"2\"><li><b> Kosten f\u00fcr die R\u00fccksendung:<\/b><\/li><\/ol><ul><li style=\"font-weight: 400;\" aria-level=\"1\"><span style=\"font-weight: 400;\">Die Kosten f\u00fcr die R\u00fccksendung des Pakets sind f\u00fcr <\/span><b>der Verbraucher<\/b><span style=\"font-weight: 400;\">. Das bedeutet, dass Sie f\u00fcr die R\u00fccksendung und die damit verbundenen Kosten verantwortlich sind.<\/span><\/li><li style=\"font-weight: 400;\" aria-level=\"1\"><span style=\"font-weight: 400;\">Wir empfehlen, die R\u00fccksendung per Einschreiben oder mit Track &amp; Trace zu versenden, damit Sie das Paket verfolgen k\u00f6nnen und einen Nachweis \u00fcber die R\u00fccksendung haben.<\/span><\/li><\/ul><ol start=\"3\"><li><b> Verantwortung im Falle von Verlust oder Besch\u00e4digung:<\/b><\/li><\/ol><ul><li style=\"font-weight: 400;\" aria-level=\"1\"><b>Der Verbraucher ist f\u00fcr die R\u00fccksendung des Pakets verantwortlich, bis wir es in gutem Zustand erhalten<\/b><span style=\"font-weight: 400;\">. Wir raten Ihnen daher immer, das Paket ordnungsgem\u00e4\u00df zu verpacken und eine zuverl\u00e4ssige Versandart zu w\u00e4hlen.<\/span><\/li><li style=\"font-weight: 400;\" aria-level=\"1\"><span style=\"font-weight: 400;\">Sollte das Paket bei der R\u00fccksendung besch\u00e4digt werden oder verloren gehen, sind Sie, der Verbraucher, f\u00fcr die Sch\u00e4den verantwortlich. Es ist daher wichtig, dass Sie das Paket ordnungsgem\u00e4\u00df verpackt und versichert (z. B. per Track &amp; Trace) versenden.<\/span><\/li><\/ul><ol start=\"4\"><li><b> R\u00fcckgabeverfahren:<\/b><\/li><\/ol><ul><li style=\"font-weight: 400;\" aria-level=\"1\"><span style=\"font-weight: 400;\">Um eine R\u00fccksendung zu veranlassen, senden Sie bitte eine E-Mail an <\/span><b>retour@race4driftparts.com<\/b><span style=\"font-weight: 400;\"> mit der Bestellnummer und dem Grund f\u00fcr Ihre R\u00fccksendung.<\/span><\/li><li style=\"font-weight: 400;\" aria-level=\"1\"><span style=\"font-weight: 400;\">Sobald wir Ihren R\u00fcckgabeantrag genehmigt haben, senden wir Ihnen weitere R\u00fcckgabeanweisungen zu.<\/span><\/li><li style=\"font-weight: 400;\" aria-level=\"1\"><span style=\"font-weight: 400;\">Nach Erhalt des zur\u00fcckgesandten Produkts und Pr\u00fcfung seines Zustands erstatten wir den vollen Kaufpreis (ohne Versandkosten) innerhalb von <\/span><b>14 Tage<\/b><span style=\"font-weight: 400;\"> Erstattung auf das Konto, das Sie bei der Bestellung angegeben haben.<\/span><\/li><\/ul><ol start=\"5\"><li><b> Ausnahmen:<\/b><\/li><\/ol><ul><li style=\"font-weight: 400;\" aria-level=\"1\"><b>Erm\u00e4\u00dfigungen und Sonderangebote<\/b><span style=\"font-weight: 400;\">Produkte, die mit einem Rabatt oder im Rahmen einer Sonderaktion erworben wurden, k\u00f6nnen <\/span><b>nicht zur\u00fcckgegeben<\/b><span style=\"font-weight: 400;\"> werden.<\/span><\/li><li style=\"font-weight: 400;\" aria-level=\"1\"><b>Versiegelte Produkte<\/b><span style=\"font-weight: 400;\">Produkte, deren Siegel gebrochen ist, k\u00f6nnen <\/span><b>nicht zur\u00fcckgegeben<\/b><span style=\"font-weight: 400;\"> werden.<\/span><\/li><li style=\"font-weight: 400;\" aria-level=\"1\"><b>Speziell bestellte Produkte<\/b><span style=\"font-weight: 400;\">Produkte, die speziell auf Wunsch des Verbrauchers bestellt werden, k\u00f6nnen <\/span><b>nicht zur\u00fcckgegeben<\/b><span style=\"font-weight: 400;\"> werden.<\/span><\/li><li style=\"font-weight: 400;\" aria-level=\"1\"><b>Einzelne Zeitungen und Zeitschriften<\/b><span style=\"font-weight: 400;\">Ge\u00f6ffnete Zeitungen oder Zeitschriften k\u00f6nnen <\/span><b>nicht zur\u00fcckgegeben<\/b><span style=\"font-weight: 400;\"> werden.<\/span><\/li><li style=\"font-weight: 400;\" aria-level=\"1\"><b>Eindeutig personalisierte Produkte<\/b><span style=\"font-weight: 400;\">Produkte, die eindeutig pers\u00f6nlicher Natur sind, k\u00f6nnen sein <\/span><b>nicht zur\u00fcckgegeben<\/b><span style=\"font-weight: 400;\"> werden.<\/span><\/li><li style=\"font-weight: 400;\" aria-level=\"1\"><b>Geschenkgutscheine<\/b><span style=\"font-weight: 400;\">: Geschenkgutscheine k\u00f6nnen <\/span><b>nicht zur\u00fcckgegeben<\/b><span style=\"font-weight: 400;\"> werden.<\/span><\/li><li style=\"font-weight: 400;\" aria-level=\"1\"><b>Preise unterliegen den Schwankungen der Finanzm\u00e4rkte<\/b><span style=\"font-weight: 400;\">Produkte, deren Preis Schwankungen auf dem Finanzmarkt unterliegt, auf die der Unternehmer keinen Einfluss hat, k\u00f6nnen <\/span><b>nicht zur\u00fcckgegeben<\/b><span style=\"font-weight: 400;\"> werden.<\/span><\/li><\/ul><p><span style=\"font-weight: 400;\">Wenn Sie Fragen oder Unklarheiten haben, k\u00f6nnen Sie uns jederzeit kontaktieren unter <\/span><b>retour@race4driftparts.com<\/b><span style=\"font-weight: 400;\">.<\/span><\/p>\t\t\t\t\t\t\t\t<\/div>\n\t\t\t\t\t<\/div>\n\t\t\t\t<\/div>\n\t\t\t\t<\/div>","protected":false},"excerpt":{"rendered":"<p>R\u00fcckgaberecht Wir m\u00f6chten, dass Sie mit Ihrem Kauf zufrieden sind. Wenn Sie jedoch aus irgendeinem Grund nicht zufrieden sind, k\u00f6nnen Sie Ihre Bestellung innerhalb von 14 Tagen nach Erhalt zur\u00fcckgeben. Bitte lesen Sie unsere R\u00fcckgabebedingungen unten und folgen Sie den Anweisungen, um eine R\u00fcckgabe zu bearbeiten. R\u00fcckgabebedingungen: R\u00fccksendungen k\u00f6nnen innerhalb von 14 Tagen nach Erhalt der [...]<\/p>","protected":false},"author":13,"featured_media":0,"parent":0,"menu_order":0,"comment_status":"closed","ping_status":"closed","template":"","meta":{"_acf_changed":false,"footnotes":""},"class_list":["post-72","page","type-page","status-publish","hentry"],"acf":[],"_links":{"self":[{"href":"https:\/\/race4driftparts.com\/de\/wp-json\/wp\/v2\/pages\/72","targetHints":{"allow":["GET"]}}],"collection":[{"href":"https:\/\/race4driftparts.com\/de\/wp-json\/wp\/v2\/pages"}],"about":[{"href":"https:\/\/race4driftparts.com\/de\/wp-json\/wp\/v2\/types\/page"}],"author":[{"embeddable":true,"href":"https:\/\/race4driftparts.com\/de\/wp-json\/wp\/v2\/users\/13"}],"replies":[{"embeddable":true,"href":"https:\/\/race4driftparts.com\/de\/wp-json\/wp\/v2\/comments?post=72"}],"version-history":[{"count":0,"href":"https:\/\/race4driftparts.com\/de\/wp-json\/wp\/v2\/pages\/72\/revisions"}],"wp:attachment":[{"href":"https:\/\/race4driftparts.com\/de\/wp-json\/wp\/v2\/media?parent=72"}],"curies":[{"name":"wp","href":"https:\/\/api.w.org\/{rel}","templated":true}]}}