{"id":72,"date":"2025-02-18T15:55:50","date_gmt":"2025-02-18T14:55:50","guid":{"rendered":"https:\/\/race4driftparts.com\/?page_id=72"},"modified":"2025-02-18T15:57:46","modified_gmt":"2025-02-18T14:57:46","slug":"retourbeleid","status":"publish","type":"page","link":"https:\/\/race4driftparts.com\/fr\/politique-de-retour\/","title":{"rendered":"Politique de retour"},"content":{"rendered":"<div data-elementor-type=\"wp-page\" data-elementor-id=\"72\" class=\"elementor elementor-72\" data-elementor-post-type=\"page\">\n\t\t\t\t<div class=\"elementor-element elementor-element-b79c1fc e-flex e-con-boxed e-con e-parent\" data-id=\"b79c1fc\" data-element_type=\"container\">\n\t\t\t\t\t<div class=\"e-con-inner\">\n\t\t\t\t<div class=\"elementor-element elementor-element-d4e1d51 elementor-widget elementor-widget-text-editor\" data-id=\"d4e1d51\" data-element_type=\"widget\" data-settings=\"{&quot;wdt_animation_effect&quot;:&quot;none&quot;}\" data-widget_type=\"text-editor.default\">\n\t\t\t\t\t\t\t\t\t<p><b>Politique de retour<\/b><\/p><p><span style=\"font-weight: 400;\">Nous voulons que vous soyez satisfait de votre achat. Toutefois, si, pour une raison quelconque, vous n'\u00eates pas enti\u00e8rement satisfait, vous pouvez passer votre commande dans les d\u00e9lais suivants <\/span><b>14 jours<\/b><span style=\"font-weight: 400;\"> retour apr\u00e8s r\u00e9ception. Veuillez lire notre politique de retour ci-dessous et suivre les instructions pour effectuer un retour.<\/span><\/p><ol><li><b> Conditions de retour :<\/b><\/li><\/ol><ul><li style=\"font-weight: 400;\" aria-level=\"1\"><span style=\"font-weight: 400;\">Les retours peuvent \u00eatre effectu\u00e9s dans un d\u00e9lai de <\/span><b>14 jours<\/b><span style=\"font-weight: 400;\"> apr\u00e8s avoir re\u00e7u le produit.<\/span><\/li><li style=\"font-weight: 400;\" aria-level=\"1\"><span style=\"font-weight: 400;\">Le produit doit <\/span><b>inutilis\u00e9<\/b><span style=\"font-weight: 400;\"> et <\/span><b>dans son \u00e9tat d'origine<\/b><span style=\"font-weight: 400;\"> verkeren (y compris l'emballage, les \u00e9tiquettes, etc.).<\/span><\/li><li style=\"font-weight: 400;\" aria-level=\"1\"><span style=\"font-weight: 400;\">Les produits ouverts ou endommag\u00e9s ne peuvent \u00eatre retourn\u00e9s que si le produit est d\u00e9fectueux.<\/span><\/li><\/ul><ol start=\"2\"><li><b> Frais de retour :<\/b><\/li><\/ol><ul><li style=\"font-weight: 400;\" aria-level=\"1\"><span style=\"font-weight: 400;\">Les frais de renvoi du colis s'\u00e9l\u00e8vent \u00e0 <\/span><b>le consommateur<\/b><span style=\"font-weight: 400;\">. Cela signifie que vous \u00eates responsable des frais de retour et des co\u00fbts associ\u00e9s.<\/span><\/li><li style=\"font-weight: 400;\" aria-level=\"1\"><span style=\"font-weight: 400;\">Nous vous recommandons d'envoyer le colis de retour par courrier recommand\u00e9 ou avec un syst\u00e8me de suivi afin que vous puissiez suivre le colis et avoir une preuve du retour.<\/span><\/li><\/ul><ol start=\"3\"><li><b> Responsabilit\u00e9 en cas de perte ou de dommage :<\/b><\/li><\/ol><ul><li style=\"font-weight: 400;\" aria-level=\"1\"><b>Le consommateur est responsable du colis de retour jusqu'\u00e0 ce que nous le recevions en bon \u00e9tat.<\/b><span style=\"font-weight: 400;\">. Nous vous conseillons donc toujours d'emballer correctement le colis et de choisir un mode d'exp\u00e9dition fiable.<\/span><\/li><li style=\"font-weight: 400;\" aria-level=\"1\"><span style=\"font-weight: 400;\">Si le colis est endommag\u00e9 ou perdu pendant le retour, vous, le consommateur, \u00eates responsable de tout dommage ou perte. Il est donc important que vous envoyiez le colis correctement emball\u00e9 et assur\u00e9 (par exemple via track &amp; trace).<\/span><\/li><\/ul><ol start=\"4\"><li><b> Proc\u00e9dure de retour :<\/b><\/li><\/ol><ul><li style=\"font-weight: 400;\" aria-level=\"1\"><span style=\"font-weight: 400;\">Pour effectuer un retour, veuillez envoyer un courriel \u00e0 l'adresse suivante <\/span><b>retour@race4driftparts.com<\/b><span style=\"font-weight: 400;\"> en indiquant le num\u00e9ro de commande et le motif du retour.<\/span><\/li><li style=\"font-weight: 400;\" aria-level=\"1\"><span style=\"font-weight: 400;\">Une fois que nous aurons approuv\u00e9 votre demande de retour, nous vous enverrons d'autres instructions de retour.<\/span><\/li><li style=\"font-weight: 400;\" aria-level=\"1\"><span style=\"font-weight: 400;\">Apr\u00e8s avoir re\u00e7u le produit retourn\u00e9 et v\u00e9rifi\u00e9 son \u00e9tat, nous vous rembourserons l'int\u00e9gralit\u00e9 du prix d'achat (\u00e0 l'exclusion des frais d'exp\u00e9dition) dans les d\u00e9lais suivants <\/span><b>14 jours<\/b><span style=\"font-weight: 400;\"> remboursement sur le compte que vous avez utilis\u00e9 lors de la commande.<\/span><\/li><\/ul><ol start=\"5\"><li><b> Exceptions :<\/b><\/li><\/ol><ul><li style=\"font-weight: 400;\" aria-level=\"1\"><b>R\u00e9ductions et promotions<\/b><span style=\"font-weight: 400;\">Les produits achet\u00e9s \u00e0 prix r\u00e9duit ou dans le cadre d'une promotion sp\u00e9ciale peuvent \u00eatre <\/span><b>non renvoy\u00e9e<\/b><span style=\"font-weight: 400;\"> devenir.<\/span><\/li><li style=\"font-weight: 400;\" aria-level=\"1\"><b>Produits scell\u00e9s<\/b><span style=\"font-weight: 400;\">Les produits dont le sceau a \u00e9t\u00e9 bris\u00e9 peuvent <\/span><b>non renvoy\u00e9e<\/b><span style=\"font-weight: 400;\"> devenir.<\/span><\/li><li style=\"font-weight: 400;\" aria-level=\"1\"><b>Produits sp\u00e9cialement command\u00e9s<\/b><span style=\"font-weight: 400;\">Les produits command\u00e9s sp\u00e9cialement \u00e0 la demande du consommateur peuvent \u00eatre <\/span><b>non renvoy\u00e9e<\/b><span style=\"font-weight: 400;\"> devenir.<\/span><\/li><li style=\"font-weight: 400;\" aria-level=\"1\"><b>Journaux et magazines individuels<\/b><span style=\"font-weight: 400;\">Les journaux ou magazines ouverts peuvent <\/span><b>non renvoy\u00e9e<\/b><span style=\"font-weight: 400;\"> devenir.<\/span><\/li><li style=\"font-weight: 400;\" aria-level=\"1\"><b>Des produits clairement personnalis\u00e9s<\/b><span style=\"font-weight: 400;\">Les produits qui sont clairement de nature personnelle peuvent \u00eatre <\/span><b>non renvoy\u00e9e<\/b><span style=\"font-weight: 400;\"> devenir.<\/span><\/li><li style=\"font-weight: 400;\" aria-level=\"1\"><b>Ch\u00e8ques-cadeaux<\/b><span style=\"font-weight: 400;\">: Les ch\u00e8ques-cadeaux peuvent <\/span><b>non renvoy\u00e9e<\/b><span style=\"font-weight: 400;\"> devenir.<\/span><\/li><li style=\"font-weight: 400;\" aria-level=\"1\"><b>Prix soumis aux fluctuations des march\u00e9s financiers<\/b><span style=\"font-weight: 400;\">Les produits dont le prix est soumis \u00e0 des fluctuations du march\u00e9 financier sur lesquelles l'entrepreneur n'a pas d'influence peuvent <\/span><b>non renvoy\u00e9e<\/b><span style=\"font-weight: 400;\"> devenir.<\/span><\/li><\/ul><p><span style=\"font-weight: 400;\">Si vous avez des questions ou des incertitudes, vous pouvez toujours nous contacter \u00e0 l'adresse suivante <\/span><b>retour@race4driftparts.com<\/b><span style=\"font-weight: 400;\">.<\/span><\/p>\t\t\t\t\t\t\t\t<\/div>\n\t\t\t\t\t<\/div>\n\t\t\t\t<\/div>\n\t\t\t\t<\/div>","protected":false},"excerpt":{"rendered":"<p>Retourbeleid Wij willen dat u tevreden bent met uw aankoop. Mocht u echter om welke reden dan ook niet volledig tevreden zijn, dan kunt u uw bestelling binnen 14 dagen na ontvangst retourneren. Lees hieronder ons retourbeleid en volg de instructies om een retour te verwerken. Retourvoorwaarden: Retourneren kan binnen 14 dagen na ontvangst van [&hellip;]<\/p>","protected":false},"author":13,"featured_media":0,"parent":0,"menu_order":0,"comment_status":"closed","ping_status":"closed","template":"","meta":{"_acf_changed":false,"footnotes":""},"class_list":["post-72","page","type-page","status-publish","hentry"],"acf":[],"_links":{"self":[{"href":"https:\/\/race4driftparts.com\/fr\/wp-json\/wp\/v2\/pages\/72","targetHints":{"allow":["GET"]}}],"collection":[{"href":"https:\/\/race4driftparts.com\/fr\/wp-json\/wp\/v2\/pages"}],"about":[{"href":"https:\/\/race4driftparts.com\/fr\/wp-json\/wp\/v2\/types\/page"}],"author":[{"embeddable":true,"href":"https:\/\/race4driftparts.com\/fr\/wp-json\/wp\/v2\/users\/13"}],"replies":[{"embeddable":true,"href":"https:\/\/race4driftparts.com\/fr\/wp-json\/wp\/v2\/comments?post=72"}],"version-history":[{"count":0,"href":"https:\/\/race4driftparts.com\/fr\/wp-json\/wp\/v2\/pages\/72\/revisions"}],"wp:attachment":[{"href":"https:\/\/race4driftparts.com\/fr\/wp-json\/wp\/v2\/media?parent=72"}],"curies":[{"name":"wp","href":"https:\/\/api.w.org\/{rel}","templated":true}]}}