{"id":20875,"date":"2025-01-25T21:21:55","date_gmt":"2025-01-25T20:21:55","guid":{"rendered":"https:\/\/race4driftparts.com\/?post_type=product&#038;p=20875"},"modified":"2025-06-01T00:05:07","modified_gmt":"2025-05-31T22:05:07","slug":"verstelbare-hendel-voor-versnellingsbak-bmw-swap-e30-e36-e46-e92-e90-e82","status":"publish","type":"product","link":"https:\/\/race4driftparts.com\/fr\/shop\/interieur\/shortshifters-koppeling-en-vliegwiel\/levier-ajustable-pour-boite-de-vitesse-bmw-swap-e30-e36-e46-e92-e90-e82\/","title":{"rendered":"M\u00e9canisme de levier de vitesse r\u00e9glable bo\u00eete de vitesse BMW SWAP E30 E36 E46 E92 E90 E82"},"content":{"rendered":"<p>Levier de vitesse universel r\u00e9glable pour BMW - Parfait pour les SWAPs ! \ud83d\ude97\u2699\ufe0f<br \/>\nVous voulez am\u00e9liorer la pr\u00e9cision de vos changements de vitesse ? Notre levier de vitesse r\u00e9glable est la solution id\u00e9ale ! Sp\u00e9cialement con\u00e7u pour les voitures BMW, ce levier de vitesse universel offre une exp\u00e9rience de changement de vitesse am\u00e9lior\u00e9e. Que vous fassiez un SWAP ou que vous souhaitiez simplement optimiser la pr\u00e9cision du passage des vitesses, ce levier de vitesse s'adapte facilement \u00e0 vos besoins !<\/p>\n<p>Pourquoi ce levier de vitesse r\u00e9glable ?<br \/>\n\ud83d\udd27 Utilisation universelle - Le levier de vitesse convient \u00e0 presque tous les mod\u00e8les et \u00e0 tous les \u00e9changes ! Vous pouvez facilement raccourcir la longueur pour l'adapter exactement \u00e0 votre voiture.<br \/>\n\u2699\ufe0f Am\u00e9lioration de la pr\u00e9cision des changements de vitesse - La conception r\u00e9glable vous permet de changer de vitesse avec plus de pr\u00e9cision, ce qui am\u00e9liore consid\u00e9rablement l'exp\u00e9rience de conduite.<br \/>\n\ud83d\udcaa Mat\u00e9riau durable - Fabriqu\u00e9 en acier haute r\u00e9sistance, prot\u00e9g\u00e9 par galvanoplastie, pour une solidit\u00e9 accrue et une protection \u00e0 long terme contre la corrosion.<br \/>\n\ud83d\udd29 Compatibilit\u00e9 avec les shortshifters - Ce shifter est un compl\u00e9ment parfait aux shortshifters de notre gamme !<\/p>\n<p>Caract\u00e9ristiques techniques :<br \/>\nMat\u00e9riau : Acier de haute qualit\u00e9, galvanis\u00e9 pour la protection et la durabilit\u00e9.<br \/>\nFabrication CNC - pour une pr\u00e9cision et une fiabilit\u00e9 dans les moindres d\u00e9tails.<br \/>\nLongueur r\u00e9glable - convient \u00e0 pratiquement tous les mod\u00e8les BMW et peut \u00eatre facilement ajust\u00e9e.<br \/>\nAm\u00e9liorez votre exp\u00e9rience de changement de vitesse et rendez chaque trajet plus efficace et amusant avec notre shifter r\u00e9glable ! \ud83d\ude97\ud83d\udca8<\/p>","protected":false},"excerpt":{"rendered":"<p>Levier de vitesse universel r\u00e9glable pour BMW \ud83d\ude97\u2699\ufe0f<br \/>\nAm\u00e9liorez la pr\u00e9cision de vos changements de vitesse gr\u00e2ce \u00e0 ce levier de vitesse r\u00e9glable, id\u00e9al pour les SWAP et les mod\u00e8les BMW. Fabriqu\u00e9 en acier galvanis\u00e9 et usin\u00e9 CNC pour plus de durabilit\u00e9 et de pr\u00e9cision. La longueur peut \u00eatre facilement raccourcie pour un ajustement parfait. Un excellent compl\u00e9ment \u00e0 nos shortshifters pour une exp\u00e9rience de conduite am\u00e9lior\u00e9e !<\/p>\n<p>\ud83d\udd27 Convient \u00e0 presque tous les mod\u00e8les et offre une commutation pr\u00e9cise !<\/p>","protected":false},"featured_media":20889,"comment_status":"open","ping_status":"closed","template":"","meta":{"_acf_changed":false},"product_brand":[],"product_cat":[383,3782],"product_tag":[],"giftcard-category":[],"class_list":{"0":"post-20875","1":"product","2":"type-product","3":"status-publish","4":"has-post-thumbnail","6":"product_cat-shortshifters-koppeling-en-vliegwiel","7":"product_cat-versnellingsbak","10":"onbackorder","11":"taxable","12":"shipping-taxable","13":"purchasable","14":"product-type-simple","15":"product-grid-view"},"exclude_global_add_ons":[],"addons":[],"acf":[],"_links":{"self":[{"href":"https:\/\/race4driftparts.com\/fr\/wp-json\/wp\/v2\/product\/20875","targetHints":{"allow":["GET"]}}],"collection":[{"href":"https:\/\/race4driftparts.com\/fr\/wp-json\/wp\/v2\/product"}],"about":[{"href":"https:\/\/race4driftparts.com\/fr\/wp-json\/wp\/v2\/types\/product"}],"replies":[{"embeddable":true,"href":"https:\/\/race4driftparts.com\/fr\/wp-json\/wp\/v2\/comments?post=20875"}],"version-history":[{"count":0,"href":"https:\/\/race4driftparts.com\/fr\/wp-json\/wp\/v2\/product\/20875\/revisions"}],"wp:featuredmedia":[{"embeddable":true,"href":"https:\/\/race4driftparts.com\/fr\/wp-json\/wp\/v2\/media\/20889"}],"wp:attachment":[{"href":"https:\/\/race4driftparts.com\/fr\/wp-json\/wp\/v2\/media?parent=20875"}],"wp:term":[{"taxonomy":"product_brand","embeddable":true,"href":"https:\/\/race4driftparts.com\/fr\/wp-json\/wp\/v2\/product_brand?post=20875"},{"taxonomy":"product_cat","embeddable":true,"href":"https:\/\/race4driftparts.com\/fr\/wp-json\/wp\/v2\/product_cat?post=20875"},{"taxonomy":"product_tag","embeddable":true,"href":"https:\/\/race4driftparts.com\/fr\/wp-json\/wp\/v2\/product_tag?post=20875"},{"taxonomy":"giftcard-category","embeddable":true,"href":"https:\/\/race4driftparts.com\/fr\/wp-json\/wp\/v2\/giftcard-category?post=20875"}],"curies":[{"name":"wp","href":"https:\/\/api.w.org\/{rel}","templated":true}]}}