{"id":20947,"date":"2025-01-25T21:24:08","date_gmt":"2025-01-25T20:24:08","guid":{"rendered":"https:\/\/race4driftparts.com\/?post_type=product&#038;p=20947"},"modified":"2026-02-07T15:30:39","modified_gmt":"2026-02-07T14:30:39","slug":"e36-bmw-sedan-coupe-reservewieldop-licht","status":"publish","type":"product","link":"https:\/\/race4driftparts.com\/fr\/shop\/interieur\/plaatwerk\/e36-bmw-sedan-coupe-spare-wheel-cover-light\/","title":{"rendered":"BMW E36 SEDAN COUPE Suppression du plateau de roue de secours"},"content":{"rendered":"<h1>BMW E36 SEDAN COUPE Suppression du plateau de roue de secours<\/h1>\n<p>Nous proposons un enjoliveur de passage de roue de secours pour BMW E36 compos\u00e9 de 3 \u00e9l\u00e9ments. Il s'agit d'un excellent produit pour les personnes qui souhaitent r\u00e9duire le poids de leur voiture. Fabriqu\u00e9 en aluminium de 1 mm d'\u00e9paisseur, il ne p\u00e8se que 2,3 kg. Rev\u00eatement en poudre sur une face. Il a une excellente fonction esth\u00e9tique et prot\u00e8ge \u00e9galement de la fum\u00e9e et de la poussi\u00e8re dans l'habitacle de la voiture. Le montage est laiss\u00e9 \u00e0 votre discr\u00e9tion, mais nous pensons que des rivets ou des vis \u00e0 t\u00f4le conviennent le mieux.<\/p>\n<p>D\u00e9couvrez \u00e9galement nos panneaux de porte en aluminium, notre plaque de recouvrement de coffre, etc.<\/p>","protected":false},"excerpt":{"rendered":"<p>R\u00e9duisez le poids et am\u00e9liorez l'aspect de votre BMW E36 gr\u00e2ce \u00e0 notre couvre-passage de roue de secours en aluminium de 1 mm d'\u00e9paisseur (ne pesant que 2,3 kg). Ce cache, recouvert d'un rev\u00eatement en poudre, prot\u00e8ge de la fum\u00e9e et de la poussi\u00e8re \u00e0 l'int\u00e9rieur et offre un aspect \u00e9l\u00e9gant. Facile \u00e0 monter \u00e0 l'aide de rivets ou de vis \u00e0 t\u00f4le.<\/p>","protected":false},"featured_media":20961,"comment_status":"open","ping_status":"closed","template":"","meta":{"_acf_changed":false},"product_brand":[],"product_cat":[249,155],"product_tag":[3975],"giftcard-category":[],"class_list":{"0":"post-20947","1":"product","2":"type-product","3":"status-publish","4":"has-post-thumbnail","6":"product_cat-firewalls","7":"product_cat-plaatwerk","8":"product_tag-bmw-e36-sedan-coupe-reservewielbak-delete","11":"instock","12":"taxable","13":"shipping-taxable","14":"purchasable","15":"product-type-simple","16":"product-grid-view"},"exclude_global_add_ons":[],"addons":[],"acf":[],"_links":{"self":[{"href":"https:\/\/race4driftparts.com\/fr\/wp-json\/wp\/v2\/product\/20947","targetHints":{"allow":["GET"]}}],"collection":[{"href":"https:\/\/race4driftparts.com\/fr\/wp-json\/wp\/v2\/product"}],"about":[{"href":"https:\/\/race4driftparts.com\/fr\/wp-json\/wp\/v2\/types\/product"}],"replies":[{"embeddable":true,"href":"https:\/\/race4driftparts.com\/fr\/wp-json\/wp\/v2\/comments?post=20947"}],"version-history":[{"count":0,"href":"https:\/\/race4driftparts.com\/fr\/wp-json\/wp\/v2\/product\/20947\/revisions"}],"wp:featuredmedia":[{"embeddable":true,"href":"https:\/\/race4driftparts.com\/fr\/wp-json\/wp\/v2\/media\/20961"}],"wp:attachment":[{"href":"https:\/\/race4driftparts.com\/fr\/wp-json\/wp\/v2\/media?parent=20947"}],"wp:term":[{"taxonomy":"product_brand","embeddable":true,"href":"https:\/\/race4driftparts.com\/fr\/wp-json\/wp\/v2\/product_brand?post=20947"},{"taxonomy":"product_cat","embeddable":true,"href":"https:\/\/race4driftparts.com\/fr\/wp-json\/wp\/v2\/product_cat?post=20947"},{"taxonomy":"product_tag","embeddable":true,"href":"https:\/\/race4driftparts.com\/fr\/wp-json\/wp\/v2\/product_tag?post=20947"},{"taxonomy":"giftcard-category","embeddable":true,"href":"https:\/\/race4driftparts.com\/fr\/wp-json\/wp\/v2\/giftcard-category?post=20947"}],"curies":[{"name":"wp","href":"https:\/\/api.w.org\/{rel}","templated":true}]}}