{"id":21013,"date":"2025-01-25T21:28:41","date_gmt":"2025-01-25T20:28:41","guid":{"rendered":"https:\/\/race4driftparts.com\/?post_type=product&#038;p=21013"},"modified":"2025-03-16T12:33:11","modified_gmt":"2025-03-16T11:33:11","slug":"platform-bmw-e30-e36-e46-stoelmontage-aluminium-fia","status":"publish","type":"product","link":"https:\/\/race4driftparts.com\/fr\/shop\/interieur\/kuipstoel-frames\/plateforme-bmw-e30-e36-e46-assemblage-siege-aluminium-fia\/","title":{"rendered":"BMW E30 E36 E46 Assemblage de si\u00e8ge plate-forme aluminium FIA"},"content":{"rendered":"<p>Plateforme en aluminium pour si\u00e8ges baquets - Parfaite pour le sport automobile et les voitures de piste \ud83c\udfce\ufe0f\ud83d\udca8<br \/>\nAm\u00e9liorez votre voiture de sport automobile ou votre v\u00e9hicule de type piste avec notre plateforme en aluminium pour le montage de si\u00e8ges baquets. Adapt\u00e9e \u00e0 toutes les voitures de sport automobile, telles que DRIFT, RALLY, TIME ATTACK et \u00bc MILI, cette plate-forme est id\u00e9ale pour les voitures de piste n\u00e9cessitant des performances de pointe. Nous proposons des plateformes pour le conducteur et le passager, ou m\u00eame les deux. Lors de l'achat, veuillez nous indiquer la plate-forme dont vous avez besoin !<\/p>\n<p>\ud83d\udd39 Pourquoi cette plateforme est parfaite :<br \/>\n\u2714 Convient aux voitures de sport automobile et de circuit - Id\u00e9al pour les v\u00e9hicules utilis\u00e9s en DRIFT, RALLY, TIME ATTACK et plus encore.<br \/>\n\u2714 Options de montage r\u00e9glables - Permet un montage flexible pour une position parfaite du si\u00e8ge.<br \/>\n\u2714 Aluminium l\u00e9ger - Fabriqu\u00e9 en aluminium, il est l\u00e9ger sans sacrifier la solidit\u00e9 et la durabilit\u00e9.<br \/>\n\u2714 Disponibilit\u00e9 pour le conducteur, le passager ou les deux - Lors de l'achat, indiquez-nous si vous avez besoin de la plate-forme pour le conducteur, le passager ou les deux.<\/p>\n<p>\ud83d\udd27 Commandez maintenant et rendez le montage de votre si\u00e8ge baquet facile et efficace avec notre plateforme en aluminium pour la meilleure performance dans votre voiture de sport automobile !<\/p>","protected":false},"excerpt":{"rendered":"<p>Plate-forme en aluminium pour si\u00e8ges baquets \ud83c\udfce\ufe0f\ud83d\udca8<\/p>\n<p>Cette plate-forme en aluminium est id\u00e9ale pour le montage de si\u00e8ges baquets dans les voitures de sport automobile et les voitures de piste. Convenant au conducteur, au passager ou aux deux, elle offre des options de montage r\u00e9glables pour une position parfaite du si\u00e8ge. Fabriqu\u00e9e en aluminium l\u00e9ger, elle garantit des performances optimales sans sacrifier la durabilit\u00e9.<\/p>\n<p>Lors de l'achat, indiquez-nous si vous en avez besoin pour le conducteur, le passager ou les deux !<\/p>","protected":false},"featured_media":21021,"comment_status":"open","ping_status":"closed","template":"","meta":{"_acf_changed":false},"product_brand":[],"product_cat":[137],"product_tag":[],"giftcard-category":[],"class_list":{"0":"post-21013","1":"product","2":"type-product","3":"status-publish","4":"has-post-thumbnail","6":"product_cat-kuipstoel-frames","9":"onbackorder","10":"taxable","11":"shipping-taxable","12":"purchasable","13":"product-type-simple","14":"product-grid-view"},"exclude_global_add_ons":[],"addons":[],"acf":[],"_links":{"self":[{"href":"https:\/\/race4driftparts.com\/fr\/wp-json\/wp\/v2\/product\/21013","targetHints":{"allow":["GET"]}}],"collection":[{"href":"https:\/\/race4driftparts.com\/fr\/wp-json\/wp\/v2\/product"}],"about":[{"href":"https:\/\/race4driftparts.com\/fr\/wp-json\/wp\/v2\/types\/product"}],"replies":[{"embeddable":true,"href":"https:\/\/race4driftparts.com\/fr\/wp-json\/wp\/v2\/comments?post=21013"}],"version-history":[{"count":0,"href":"https:\/\/race4driftparts.com\/fr\/wp-json\/wp\/v2\/product\/21013\/revisions"}],"wp:featuredmedia":[{"embeddable":true,"href":"https:\/\/race4driftparts.com\/fr\/wp-json\/wp\/v2\/media\/21021"}],"wp:attachment":[{"href":"https:\/\/race4driftparts.com\/fr\/wp-json\/wp\/v2\/media?parent=21013"}],"wp:term":[{"taxonomy":"product_brand","embeddable":true,"href":"https:\/\/race4driftparts.com\/fr\/wp-json\/wp\/v2\/product_brand?post=21013"},{"taxonomy":"product_cat","embeddable":true,"href":"https:\/\/race4driftparts.com\/fr\/wp-json\/wp\/v2\/product_cat?post=21013"},{"taxonomy":"product_tag","embeddable":true,"href":"https:\/\/race4driftparts.com\/fr\/wp-json\/wp\/v2\/product_tag?post=21013"},{"taxonomy":"giftcard-category","embeddable":true,"href":"https:\/\/race4driftparts.com\/fr\/wp-json\/wp\/v2\/giftcard-category?post=21013"}],"curies":[{"name":"wp","href":"https:\/\/api.w.org\/{rel}","templated":true}]}}