{"id":21038,"date":"2025-01-25T21:29:48","date_gmt":"2025-01-25T20:29:48","guid":{"rendered":"https:\/\/race4driftparts.com\/?post_type=product&#038;p=21038"},"modified":"2025-05-06T13:55:29","modified_gmt":"2025-05-06T11:55:29","slug":"short-shifter-bmw-drift-kjs-rally-verstelbaar-v4","status":"publish","type":"product","link":"https:\/\/race4driftparts.com\/fr\/shop\/interieur\/versnellingspoken\/shifter-court-bmw-drift-kjs-rallye-ajustable-v4\/","title":{"rendered":"BMW Short Shifter universel V4"},"content":{"rendered":"<p>Shifter court universel ajustable pour BMW - Am\u00e9liorez votre exp\u00e9rience de changement de vitesse<\/p>\n<p>Vous recherchez une exp\u00e9rience de changement de vitesse plus rapide et plus pr\u00e9cise pour votre BMW ? Notre levier de vitesse court r\u00e9glable est la solution id\u00e9ale ! Ce shifter est con\u00e7u pour r\u00e9duire de mani\u00e8re significative le temps de passage des vitesses, vous donnant plus de contr\u00f4le et de connexion avec votre voiture. Le r\u00e9sultat ? Des performances am\u00e9lior\u00e9es et une exp\u00e9rience de conduite plus r\u00e9active.<\/p>\n<p>Qu'est-ce qui rend ce levier de vitesse si sp\u00e9cial ?<br \/>\nLongueur de course r\u00e9glable : r\u00e9glez facilement la course du levier pour une exp\u00e9rience de conduite personnalis\u00e9e qui r\u00e9pond parfaitement \u00e0 vos besoins.<br \/>\nInstallation facile : La conception est telle que le levier de vitesse s'ins\u00e8re parfaitement dans le tunnel d'origine et peut \u00eatre dissimul\u00e9 sous le soufflet d'origine.<br \/>\nDurable et solide : fabriqu\u00e9 en acier forg\u00e9 CNC et en composants en aluminium, avec un roulement de haute qualit\u00e9 pour des performances optimales et une longue dur\u00e9e de vie.<br \/>\nRev\u00eatement par poudrage : L'ensemble du produit est rev\u00eatu d'un rev\u00eatement par poudrage noir, ce qui lui conf\u00e8re un aspect \u00e9l\u00e9gant et une protection suppl\u00e9mentaire contre l'usure.<br \/>\nInstallation :<br \/>\nL'installation est simple et rapide ! Il suffit de retirer le s\u00e9lecteur d'origine et de brancher le nouveau levier de vitesse via le connecteur d'origine de la bo\u00eete de vitesses. L'installation n\u00e9cessite 4 trous dans le tunnel.<\/p>\n<p>Id\u00e9al pour :<br \/>\nLes passionn\u00e9s de BMW qui souhaitent am\u00e9liorer leur exp\u00e9rience en mati\u00e8re de changement de vitesse.<br \/>\nLes coureurs et les pilotes de rallye \u00e0 la recherche de liens plus rapides et plus pr\u00e9cis.<br \/>\nLes passionn\u00e9s d'automobile qui cherchent \u00e0 mieux contr\u00f4ler leur v\u00e9hicule et \u00e0 personnaliser leur exp\u00e9rience de conduite.<br \/>\nTirez le meilleur parti de votre BMW gr\u00e2ce \u00e0 ce levier de vitesses court universel r\u00e9glable ! Commandez d\u00e8s aujourd'hui et profitez des avantages d'un changement de vitesse plus rapide et d'un meilleur contr\u00f4le au volant !<\/p>","protected":false},"excerpt":{"rendered":"<p>Am\u00e9liorez votre exp\u00e9rience de changement de vitesse avec notre shifter court ajustable. Ce shifter r\u00e9duit le temps de changement de vitesse et rend le changement de vitesse plus pr\u00e9cis, vous donnant plus de contr\u00f4le sur votre v\u00e9hicule. La longueur de la course est facile \u00e0 r\u00e9gler selon vos pr\u00e9f\u00e9rences. Fabriqu\u00e9 en acier et en aluminium durables, avec une finition en poudre pour une protection suppl\u00e9mentaire. L'installation est facile et se fait en per\u00e7ant 4 trous dans le tunnel. Parfait pour les passionn\u00e9s de BMW \u00e0 la recherche d'une exp\u00e9rience de changement de vitesse plus rapide et plus r\u00e9active !<\/p>","protected":false},"featured_media":21047,"comment_status":"open","ping_status":"closed","template":"","meta":{"_acf_changed":false},"product_brand":[],"product_cat":[383,216,146],"product_tag":[],"giftcard-category":[],"class_list":{"0":"post-21038","1":"product","2":"type-product","3":"status-publish","4":"has-post-thumbnail","6":"product_cat-shortshifters-koppeling-en-vliegwiel","7":"product_cat-shortshifters","8":"product_cat-versnellingspoken","11":"onbackorder","12":"taxable","13":"shipping-taxable","14":"purchasable","15":"product-type-simple","16":"product-grid-view"},"exclude_global_add_ons":[],"addons":[],"acf":[],"_links":{"self":[{"href":"https:\/\/race4driftparts.com\/fr\/wp-json\/wp\/v2\/product\/21038","targetHints":{"allow":["GET"]}}],"collection":[{"href":"https:\/\/race4driftparts.com\/fr\/wp-json\/wp\/v2\/product"}],"about":[{"href":"https:\/\/race4driftparts.com\/fr\/wp-json\/wp\/v2\/types\/product"}],"replies":[{"embeddable":true,"href":"https:\/\/race4driftparts.com\/fr\/wp-json\/wp\/v2\/comments?post=21038"}],"version-history":[{"count":0,"href":"https:\/\/race4driftparts.com\/fr\/wp-json\/wp\/v2\/product\/21038\/revisions"}],"wp:featuredmedia":[{"embeddable":true,"href":"https:\/\/race4driftparts.com\/fr\/wp-json\/wp\/v2\/media\/21047"}],"wp:attachment":[{"href":"https:\/\/race4driftparts.com\/fr\/wp-json\/wp\/v2\/media?parent=21038"}],"wp:term":[{"taxonomy":"product_brand","embeddable":true,"href":"https:\/\/race4driftparts.com\/fr\/wp-json\/wp\/v2\/product_brand?post=21038"},{"taxonomy":"product_cat","embeddable":true,"href":"https:\/\/race4driftparts.com\/fr\/wp-json\/wp\/v2\/product_cat?post=21038"},{"taxonomy":"product_tag","embeddable":true,"href":"https:\/\/race4driftparts.com\/fr\/wp-json\/wp\/v2\/product_tag?post=21038"},{"taxonomy":"giftcard-category","embeddable":true,"href":"https:\/\/race4driftparts.com\/fr\/wp-json\/wp\/v2\/giftcard-category?post=21038"}],"curies":[{"name":"wp","href":"https:\/\/api.w.org\/{rel}","templated":true}]}}