{"id":21039,"date":"2025-01-25T21:29:48","date_gmt":"2025-01-25T20:29:48","guid":{"rendered":"https:\/\/race4driftparts.com\/?post_type=product&#038;p=21039"},"modified":"2025-03-16T12:33:18","modified_gmt":"2025-03-16T11:33:18","slug":"beugel-voor-brandblusser-bevestiging-bmw-drift","status":"publish","type":"product","link":"https:\/\/race4driftparts.com\/fr\/shop\/interieur\/support-pour-montage-dextincteur-bmw-drift\/","title":{"rendered":"Support pour le montage de l'extincteur D\u00e9rive BMW"},"content":{"rendered":"<p>Support d'extincteur pour BMW (BMW E36, E46, E90, E92, et autres) \ud83d\udd25\ud83d\ude97\ud83d\ude97<br \/>\nLa s\u00e9curit\u00e9 passe avant tout, et avec notre support d'extincteur pour les mod\u00e8les BMW, vous pouvez rapidement et facilement avoir un extincteur \u00e0 port\u00e9e de main. Con\u00e7u pour un montage facile sous les si\u00e8ges du conducteur et du passager, ce support utilise les trous d'origine dans le plancher sur lesquels le si\u00e8ge est boulonn\u00e9. Gr\u00e2ce \u00e0 plusieurs trous r\u00e9glables, vous pouvez ajuster la distance par rapport au si\u00e8ge en fonction de vos besoins.<\/p>\n<p>\ud83d\udd39 Caract\u00e9ristiques principales :<br \/>\n\u2714 Montage facile - Le support est con\u00e7u pour s'adapter directement aux trous d'origine dans le plancher de votre BMW, ce qui facilite l'installation.<br \/>\n\u2714 Position r\u00e9glable - Plusieurs trous permettent de r\u00e9gler la distance entre le support et le si\u00e8ge pour un ajustement parfait.<br \/>\n\u2714 Durable et solide - Fabriqu\u00e9 en acier de haute qualit\u00e9 et recouvert d'une couche de poudre noire pour une protection suppl\u00e9mentaire et un aspect \u00e9l\u00e9gant.<br \/>\n\u2714 La s\u00e9curit\u00e9 avant tout - Veillez \u00e0 toujours avoir un extincteur \u00e0 port\u00e9e de main, ce qui est essentiel pour la s\u00e9curit\u00e9, en particulier dans les sports m\u00e9caniques et sur la voie publique.<\/p>\n<p>\u26a0\ufe0f Note : L'extincteur n'est pas inclus ; les photos sont utilis\u00e9es \u00e0 des fins d'illustration.<\/p>\n<p>\ud83d\udd27 Augmentez la s\u00e9curit\u00e9 dans votre BMW et montez facilement un extincteur avec ce support d'extincteur personnalis\u00e9 !<\/p>","protected":false},"excerpt":{"rendered":"<p>Support d'extincteur pour BMW \ud83d\udd25\ud83d\ude97\ud83d\ude97<\/p>\n<p>Con\u00e7u sp\u00e9cifiquement pour les mod\u00e8les BMW, ce support d'extincteur peut \u00eatre facilement mont\u00e9 sous le si\u00e8ge du conducteur ou du passager, en utilisant les trous du plancher d'origine. Fabriqu\u00e9 en acier solide avec une finition en poudre noire, le support offre des positions r\u00e9glables pour un ajustement parfait.<\/p>\n<p>L'extincteur n'est pas inclus.<\/p>","protected":false},"featured_media":21049,"comment_status":"open","ping_status":"closed","template":"","meta":{"_acf_changed":false},"product_brand":[],"product_cat":[89],"product_tag":[],"giftcard-category":[],"class_list":{"0":"post-21039","1":"product","2":"type-product","3":"status-publish","4":"has-post-thumbnail","6":"product_cat-interieur","9":"onbackorder","10":"taxable","11":"shipping-taxable","12":"purchasable","13":"product-type-simple","14":"product-grid-view"},"exclude_global_add_ons":[],"addons":[],"acf":[],"_links":{"self":[{"href":"https:\/\/race4driftparts.com\/fr\/wp-json\/wp\/v2\/product\/21039","targetHints":{"allow":["GET"]}}],"collection":[{"href":"https:\/\/race4driftparts.com\/fr\/wp-json\/wp\/v2\/product"}],"about":[{"href":"https:\/\/race4driftparts.com\/fr\/wp-json\/wp\/v2\/types\/product"}],"replies":[{"embeddable":true,"href":"https:\/\/race4driftparts.com\/fr\/wp-json\/wp\/v2\/comments?post=21039"}],"version-history":[{"count":0,"href":"https:\/\/race4driftparts.com\/fr\/wp-json\/wp\/v2\/product\/21039\/revisions"}],"wp:featuredmedia":[{"embeddable":true,"href":"https:\/\/race4driftparts.com\/fr\/wp-json\/wp\/v2\/media\/21049"}],"wp:attachment":[{"href":"https:\/\/race4driftparts.com\/fr\/wp-json\/wp\/v2\/media?parent=21039"}],"wp:term":[{"taxonomy":"product_brand","embeddable":true,"href":"https:\/\/race4driftparts.com\/fr\/wp-json\/wp\/v2\/product_brand?post=21039"},{"taxonomy":"product_cat","embeddable":true,"href":"https:\/\/race4driftparts.com\/fr\/wp-json\/wp\/v2\/product_cat?post=21039"},{"taxonomy":"product_tag","embeddable":true,"href":"https:\/\/race4driftparts.com\/fr\/wp-json\/wp\/v2\/product_tag?post=21039"},{"taxonomy":"giftcard-category","embeddable":true,"href":"https:\/\/race4driftparts.com\/fr\/wp-json\/wp\/v2\/giftcard-category?post=21039"}],"curies":[{"name":"wp","href":"https:\/\/api.w.org\/{rel}","templated":true}]}}