{"id":21066,"date":"2025-01-25T21:30:38","date_gmt":"2025-01-25T20:30:38","guid":{"rendered":"https:\/\/race4driftparts.com\/?post_type=product&#038;p=21066"},"modified":"2025-03-16T12:23:03","modified_gmt":"2025-03-16T11:23:03","slug":"bekleding-bmw-e92-coupe-deurpanelen-drift","status":"publish","type":"product","link":"https:\/\/race4driftparts.com\/fr\/shop\/interieur\/deurpanelen\/sellerie-bmw-e92-coupe-panneaux-de-portes-drift\/","title":{"rendered":"E92 COUPE panneaux de portes avant"},"content":{"rendered":"<p>Panneaux de portes avant en aluminium l\u00e9ger - BMW E92 Coup\u00e9 \ud83d\ude97\u2728<br \/>\nOffrez \u00e0 votre BMW E92 Coup\u00e9 une mise \u00e0 jour \u00e9l\u00e9gante et fonctionnelle avec ces panneaux de porte avant en aluminium l\u00e9ger ! Fabriqu\u00e9s en aluminium de 1 mm d'\u00e9paisseur et pesant seulement 1,5 kg chacun, ils offrent un \u00e9quilibre parfait entre \u00e9conomie de poids, solidit\u00e9 et esth\u00e9tique.<\/p>\n<p>\ud83d\udd39 Avantages de ces panneaux de porte :<br \/>\n\u2714 L\u00e9ger et solide - Moins de poids pour de meilleures performances, sans compromis sur la durabilit\u00e9.<br \/>\n\u2714 Rev\u00eatement en poudre d'un c\u00f4t\u00e9 - Pour une finition \u00e9l\u00e9gante et une protection suppl\u00e9mentaire.<br \/>\n\u2714 Esth\u00e9tique et fonctionnel - Renforce les portes en stratifi\u00e9 et am\u00e9liore l'aspect de votre int\u00e9rieur.<br \/>\n\u2714 Assemblage facile - Fixation au choix, rivets ou vis \u00e0 t\u00f4le recommand\u00e9s.<\/p>\n<p>\ud83d\udd27 L'ensemble comprend 2 panneaux de portes avant. Consultez \u00e9galement nos autres annonces pour des panneaux arri\u00e8re assortis !<\/p>\n<p>\ud83c\udfc1 Id\u00e9al pour les coureurs, les drifters et les amateurs d'\u00e9conomie de poids ! \ud83d\ude97\ud83d\udca8<\/p>","protected":false},"excerpt":{"rendered":"<p>Panneaux de porte avant en aluminium l\u00e9ger - BMW E92 Coup\u00e9<\/p>\n<p>Ces panneaux de porte avant en aluminium l\u00e9ger sont id\u00e9aux pour votre BMW E92 Coup\u00e9. Fabriqu\u00e9s en aluminium de 1 mm d'\u00e9paisseur, ils ne p\u00e8sent que 1,5 kg chacun et offrent \u00e0 la fois des avantages esth\u00e9tiques et de r\u00e9sistance. Comprend des poign\u00e9es pour la poign\u00e9e de porte d'origine. Montage facile \u00e0 l'aide de rivets ou de vis \u00e0 t\u00f4le.<\/p>\n<p>Le prix est pour une paire.<\/p>","protected":false},"featured_media":21079,"comment_status":"open","ping_status":"closed","template":"","meta":{"_acf_changed":false},"product_brand":[],"product_cat":[148],"product_tag":[],"giftcard-category":[],"class_list":{"0":"post-21066","1":"product","2":"type-product","3":"status-publish","4":"has-post-thumbnail","6":"product_cat-deurpanelen","9":"onbackorder","10":"taxable","11":"shipping-taxable","12":"purchasable","13":"product-type-simple","14":"product-grid-view"},"exclude_global_add_ons":[],"addons":[],"acf":[],"_links":{"self":[{"href":"https:\/\/race4driftparts.com\/fr\/wp-json\/wp\/v2\/product\/21066","targetHints":{"allow":["GET"]}}],"collection":[{"href":"https:\/\/race4driftparts.com\/fr\/wp-json\/wp\/v2\/product"}],"about":[{"href":"https:\/\/race4driftparts.com\/fr\/wp-json\/wp\/v2\/types\/product"}],"replies":[{"embeddable":true,"href":"https:\/\/race4driftparts.com\/fr\/wp-json\/wp\/v2\/comments?post=21066"}],"version-history":[{"count":0,"href":"https:\/\/race4driftparts.com\/fr\/wp-json\/wp\/v2\/product\/21066\/revisions"}],"wp:featuredmedia":[{"embeddable":true,"href":"https:\/\/race4driftparts.com\/fr\/wp-json\/wp\/v2\/media\/21079"}],"wp:attachment":[{"href":"https:\/\/race4driftparts.com\/fr\/wp-json\/wp\/v2\/media?parent=21066"}],"wp:term":[{"taxonomy":"product_brand","embeddable":true,"href":"https:\/\/race4driftparts.com\/fr\/wp-json\/wp\/v2\/product_brand?post=21066"},{"taxonomy":"product_cat","embeddable":true,"href":"https:\/\/race4driftparts.com\/fr\/wp-json\/wp\/v2\/product_cat?post=21066"},{"taxonomy":"product_tag","embeddable":true,"href":"https:\/\/race4driftparts.com\/fr\/wp-json\/wp\/v2\/product_tag?post=21066"},{"taxonomy":"giftcard-category","embeddable":true,"href":"https:\/\/race4driftparts.com\/fr\/wp-json\/wp\/v2\/giftcard-category?post=21066"}],"curies":[{"name":"wp","href":"https:\/\/api.w.org\/{rel}","templated":true}]}}