{"id":21136,"date":"2025-01-25T21:32:23","date_gmt":"2025-01-25T20:32:23","guid":{"rendered":"https:\/\/race4driftparts.com\/?post_type=product&#038;p=21136"},"modified":"2026-03-23T10:28:12","modified_gmt":"2026-03-23T09:28:12","slug":"short-shifter","status":"publish","type":"product","link":"https:\/\/race4driftparts.com\/fr\/shop\/interieur\/versnellingspoken\/shifter-court-bmw-drift-kjs-rallye-ajustable\/","title":{"rendered":"Shifter court BMW r\u00e9glable"},"content":{"rendered":"<h2>Shifter court BMW r\u00e9glable<\/h2>\n<p data-start=\"174\" data-end=\"389\">Am\u00e9liorez votre exp\u00e9rience de conduite avec notre <strong data-start=\"207\" data-end=\"245\">levier de vitesse court r\u00e9glable pour BMW<\/strong>. Ce levier de vitesse raccourcit les temps de passage et rend chaque changement de vitesse plus pr\u00e9cis, ce qui vous donne plus de contr\u00f4le et rend votre voiture plus directe.<\/p>\n<p data-start=\"391\" data-end=\"573\">Le plus grand avantage ? Le <strong data-start=\"417\" data-end=\"442\">distance de commutation r\u00e9glable<\/strong>, Vous pouvez ainsi ajuster le levier \u00e0 votre convenance. Id\u00e9al pour une conduite sportive ou pour s'amuser sur la route.<\/p>\n<p data-start=\"575\" data-end=\"816\">Le levier de vitesse est <strong data-start=\"589\" data-end=\"605\">Fraisage CNC<\/strong>, Il est compos\u00e9 d'acier et d'aluminium, d'un roulement \u00e0 billes et d'un rev\u00eatement durable en poudre noire. Gr\u00e2ce \u00e0 sa conception intelligente, il s'ins\u00e8re parfaitement sous le tunnel et les soufflets d'origine, de mani\u00e8re totalement cach\u00e9e.<\/p>\n<p data-start=\"818\" data-end=\"967\"><strong data-start=\"818\" data-end=\"845\">Installation facile :<\/strong> Remplacez le s\u00e9lecteur d'origine, reliez-le \u00e0 la bo\u00eete de vitesses avec l'embrayage d'origine, et le tour est jou\u00e9 - aucun per\u00e7age n'est n\u00e9cessaire !<\/p>\n<p data-start=\"969\" data-end=\"985\"><strong data-start=\"969\" data-end=\"983\">Avantages :<\/strong><\/p>\n<ul data-start=\"986\" data-end=\"1192\">\n<li data-start=\"986\" data-end=\"1020\">\n<p data-start=\"988\" data-end=\"1020\">Liens plus courts et plus pr\u00e9cis, d\u00e9calage court<\/p>\n<\/li>\n<li data-start=\"1021\" data-end=\"1075\">\n<p data-start=\"1023\" data-end=\"1075\">Course r\u00e9glable pour un ajustement personnel<\/p>\n<\/li>\n<li data-start=\"1076\" data-end=\"1116\">\n<p data-start=\"1078\" data-end=\"1116\">Mat\u00e9riaux et fabrication de haute qualit\u00e9<\/p>\n<\/li>\n<li data-start=\"1117\" data-end=\"1158\">\n<p data-start=\"1119\" data-end=\"1158\">Fonctionnement en douceur gr\u00e2ce \u00e0 un roulement de qualit\u00e9 sup\u00e9rieure<\/p>\n<\/li>\n<li data-start=\"1159\" data-end=\"1192\">\n<p data-start=\"1161\" data-end=\"1192\">Montage simple et dissimul\u00e9<\/p>\n<\/li>\n<\/ul>\n<p data-start=\"1194\" data-end=\"1278\">L'am\u00e9lioration parfaite pour tout conducteur de BMW qui souhaite des changements de vitesse plus sportifs et plus serr\u00e9s.<\/p>","protected":false},"excerpt":{"rendered":"<h3>Shifter court BMW r\u00e9glable<\/h3>\n<p>Am\u00e9liorez votre exp\u00e9rience de conduite avec notre <strong data-start=\"292\" data-end=\"341\">Shifter court universel r\u00e9glable pour BMW<\/strong>. Ce levier de vitesse de haute qualit\u00e9 r\u00e9duit les temps de changement de vitesse et augmente la pr\u00e9cision, vous donnant plus de contr\u00f4le sur votre voiture. Enti\u00e8rement fabriqu\u00e9 par CNC, en acier et en aluminium, avec un roulement souple et un \u00e9l\u00e9gant rev\u00eatement en poudre noire. Installation facile, sans per\u00e7age, sous le tunnel et le soufflet d'origine. Ajustez la trajectoire du levier de vitesse selon vos pr\u00e9f\u00e9rences personnelles pour un plaisir de conduite ultime.<\/p>","protected":false},"featured_media":21147,"comment_status":"open","ping_status":"closed","template":"","meta":{"_acf_changed":false},"product_brand":[],"product_cat":[216,383,146],"product_tag":[4257,4256,4258],"giftcard-category":[],"class_list":{"0":"post-21136","1":"product","2":"type-product","3":"status-publish","4":"has-post-thumbnail","6":"product_cat-shortshifters","7":"product_cat-shortshifters-koppeling-en-vliegwiel","8":"product_cat-versnellingspoken","9":"product_tag-shifter","10":"product_tag-short-shift","11":"product_tag-shortshifter","14":"instock","15":"taxable","16":"shipping-taxable","17":"purchasable","18":"product-type-simple","19":"product-grid-view"},"exclude_global_add_ons":[],"addons":[],"acf":[],"_links":{"self":[{"href":"https:\/\/race4driftparts.com\/fr\/wp-json\/wp\/v2\/product\/21136","targetHints":{"allow":["GET"]}}],"collection":[{"href":"https:\/\/race4driftparts.com\/fr\/wp-json\/wp\/v2\/product"}],"about":[{"href":"https:\/\/race4driftparts.com\/fr\/wp-json\/wp\/v2\/types\/product"}],"replies":[{"embeddable":true,"href":"https:\/\/race4driftparts.com\/fr\/wp-json\/wp\/v2\/comments?post=21136"}],"version-history":[{"count":4,"href":"https:\/\/race4driftparts.com\/fr\/wp-json\/wp\/v2\/product\/21136\/revisions"}],"predecessor-version":[{"id":55808,"href":"https:\/\/race4driftparts.com\/fr\/wp-json\/wp\/v2\/product\/21136\/revisions\/55808"}],"wp:featuredmedia":[{"embeddable":true,"href":"https:\/\/race4driftparts.com\/fr\/wp-json\/wp\/v2\/media\/21147"}],"wp:attachment":[{"href":"https:\/\/race4driftparts.com\/fr\/wp-json\/wp\/v2\/media?parent=21136"}],"wp:term":[{"taxonomy":"product_brand","embeddable":true,"href":"https:\/\/race4driftparts.com\/fr\/wp-json\/wp\/v2\/product_brand?post=21136"},{"taxonomy":"product_cat","embeddable":true,"href":"https:\/\/race4driftparts.com\/fr\/wp-json\/wp\/v2\/product_cat?post=21136"},{"taxonomy":"product_tag","embeddable":true,"href":"https:\/\/race4driftparts.com\/fr\/wp-json\/wp\/v2\/product_tag?post=21136"},{"taxonomy":"giftcard-category","embeddable":true,"href":"https:\/\/race4driftparts.com\/fr\/wp-json\/wp\/v2\/giftcard-category?post=21136"}],"curies":[{"name":"wp","href":"https:\/\/api.w.org\/{rel}","templated":true}]}}