{"id":21260,"date":"2025-01-25T21:37:25","date_gmt":"2025-01-25T20:37:25","guid":{"rendered":"https:\/\/race4driftparts.com\/?post_type=product&#038;p=21260"},"modified":"2025-03-16T12:33:51","modified_gmt":"2025-03-16T11:33:51","slug":"diffuser-bmw-e36-sedan-coupe-touring-m-pakket-m3","status":"publish","type":"product","link":"https:\/\/race4driftparts.com\/fr\/shop\/exterieur\/diffusers\/diffuseur-bmw-e36-sedan-coupe-touring-m-package-m3\/","title":{"rendered":"Diffuseur BMW E36 berline coup\u00e9 touring M package M3"},"content":{"rendered":"<p>Diffuseur BMW E36 Sedan, Coupe, Touring M package, M3 - A\u00e9rodynamique am\u00e9lior\u00e9e et look sportif<\/p>\n<p>Am\u00e9liorez l'apparence et les performances de votre BMW E36 avec ce diffuseur de haute qualit\u00e9, sp\u00e9cialement con\u00e7u pour la berline, le coup\u00e9, le Touring M-package et la M3. Ce diffuseur am\u00e9liore l'a\u00e9rodynamisme de votre v\u00e9hicule en optimisant le flux d'air, ce qui lui conf\u00e8re une plus grande stabilit\u00e9 et une meilleure tenue de route, en particulier \u00e0 grande vitesse. Le design \u00e9l\u00e9gant du diffuseur donne \u00e0 votre BMW E36 un look plus agressif et sportif, ce qui en fait un excellent choix pour ceux qui veulent non seulement am\u00e9liorer leur exp\u00e9rience de conduite, mais aussi donner \u00e0 leur voiture un look distinctif.<\/p>\n<p>Le diffuseur est facile \u00e0 installer et s'adapte parfaitement aux mod\u00e8les BMW E36, y compris les versions M-package et M3. Fabriqu\u00e9 \u00e0 partir de mat\u00e9riaux durables et l\u00e9gers, ce diffuseur offre non seulement des avantages a\u00e9rodynamiques, mais contribue \u00e9galement \u00e0 la performance globale de votre v\u00e9hicule.<\/p>\n<p>Caract\u00e9ristiques :<\/p>\n<p>Sp\u00e9cialement con\u00e7u pour la BMW E36 : convient aux versions berline, coup\u00e9, Touring M package et M3.<br \/>\nA\u00e9rodynamique am\u00e9lior\u00e9e : optimise le flux d'air pour une meilleure stabilit\u00e9 et un meilleur contr\u00f4le \u00e0 grande vitesse.<br \/>\nAspect sportif : renforce l'aspect agressif et sportif de votre BMW E36.<br \/>\nInstallation facile : Con\u00e7u pour un ajustement parfait et une installation rapide.<br \/>\nConception durable : Fabriqu\u00e9 \u00e0 partir de mat\u00e9riaux l\u00e9gers et robustes pour une performance durable.<br \/>\nQue vous souhaitiez porter votre BMW E36 \u00e0 un niveau de performance sup\u00e9rieur ou simplement am\u00e9liorer l'aspect de votre voiture, ce diffuseur offre la combinaison parfaite de fonctionnalit\u00e9 et de style.<\/p>","protected":false},"excerpt":{"rendered":"<p>Diffuseur BMW E36 Sedan, Coupe, Touring M package, M3 - A\u00e9rodynamique am\u00e9lior\u00e9e et look sportif<\/p>\n<p>Donnez \u00e0 votre BMW E36 un look sportif et un meilleur a\u00e9rodynamisme avec ce diffuseur, adapt\u00e9 aux mod\u00e8les Sedan, Coupe, Touring M-package et M3. Il optimise le flux d'air, augmente la stabilit\u00e9 \u00e0 haute vitesse et donne \u00e0 votre voiture un look plus agressif. Facile \u00e0 installer, il est fabriqu\u00e9 \u00e0 partir de mat\u00e9riaux durables.<\/p>","protected":false},"featured_media":21275,"comment_status":"open","ping_status":"closed","template":"","meta":{"_acf_changed":false},"product_brand":[],"product_cat":[152],"product_tag":[],"giftcard-category":[],"class_list":{"0":"post-21260","1":"product","2":"type-product","3":"status-publish","4":"has-post-thumbnail","6":"product_cat-diffusers","9":"onbackorder","10":"taxable","11":"shipping-taxable","12":"purchasable","13":"product-type-simple","14":"product-grid-view"},"exclude_global_add_ons":[],"addons":[],"acf":[],"_links":{"self":[{"href":"https:\/\/race4driftparts.com\/fr\/wp-json\/wp\/v2\/product\/21260","targetHints":{"allow":["GET"]}}],"collection":[{"href":"https:\/\/race4driftparts.com\/fr\/wp-json\/wp\/v2\/product"}],"about":[{"href":"https:\/\/race4driftparts.com\/fr\/wp-json\/wp\/v2\/types\/product"}],"replies":[{"embeddable":true,"href":"https:\/\/race4driftparts.com\/fr\/wp-json\/wp\/v2\/comments?post=21260"}],"version-history":[{"count":0,"href":"https:\/\/race4driftparts.com\/fr\/wp-json\/wp\/v2\/product\/21260\/revisions"}],"wp:featuredmedia":[{"embeddable":true,"href":"https:\/\/race4driftparts.com\/fr\/wp-json\/wp\/v2\/media\/21275"}],"wp:attachment":[{"href":"https:\/\/race4driftparts.com\/fr\/wp-json\/wp\/v2\/media?parent=21260"}],"wp:term":[{"taxonomy":"product_brand","embeddable":true,"href":"https:\/\/race4driftparts.com\/fr\/wp-json\/wp\/v2\/product_brand?post=21260"},{"taxonomy":"product_cat","embeddable":true,"href":"https:\/\/race4driftparts.com\/fr\/wp-json\/wp\/v2\/product_cat?post=21260"},{"taxonomy":"product_tag","embeddable":true,"href":"https:\/\/race4driftparts.com\/fr\/wp-json\/wp\/v2\/product_tag?post=21260"},{"taxonomy":"giftcard-category","embeddable":true,"href":"https:\/\/race4driftparts.com\/fr\/wp-json\/wp\/v2\/giftcard-category?post=21260"}],"curies":[{"name":"wp","href":"https:\/\/api.w.org\/{rel}","templated":true}]}}