{"id":21522,"date":"2025-01-25T21:45:49","date_gmt":"2025-01-25T20:45:49","guid":{"rendered":"https:\/\/race4driftparts.com\/?post_type=product&#038;p=21522"},"modified":"2026-04-15T20:11:44","modified_gmt":"2026-04-15T18:11:44","slug":"basisbeugel-hydraulische-handrem-bevestiging","status":"publish","type":"product","link":"https:\/\/race4driftparts.com\/fr\/shop\/interieur\/hydraulische-handrem\/support-de-base-fixation-du-frein-a-main-hydraulique\/","title":{"rendered":"Support de montage du frein \u00e0 main hydraulique PASSAGIER"},"content":{"rendered":"<h2>Support de montage du frein \u00e0 main hydraulique PASSAGIER<\/h2>\n<p>Support passager pour frein \u00e0 main hydraulique - Installation facile, convient \u00e0 tous les mod\u00e8les BMW \ud83d\ude97\ud83d\udca5<br \/>\nNous proposons un support passager pour le montage d'un frein \u00e0 main hydraulique, qui est extr\u00eamement facile \u00e0 installer. Le support est compatible avec de nombreux freins \u00e0 main et leviers de vitesses et s'adapte \u00e0 tous les tunnels BMW. Gr\u00e2ce \u00e0 sa conception intelligente, ce support peut \u00e9galement \u00eatre utilis\u00e9 sur d'autres marques de voitures.<\/p>\n<p>\ud83d\udd39 Caract\u00e9ristiques principales :<br \/>\n\u2714 Installation facile - L'installation est simple et rapide, et ne n\u00e9cessite aucune op\u00e9ration suppl\u00e9mentaire.<br \/>\nCompatibilit\u00e9 - Convient \u00e0 tous les tunnels BMW et est compatible avec de nombreux freins \u00e0 main et leviers de vitesse.<br \/>\n\u2714 Robuste et durable - Fabriqu\u00e9 en acier de 5 mm d'\u00e9paisseur, pour une base robuste et fiable.<br \/>\n\u2714 Multifonctionnel - Convient \u00e9galement \u00e0 d'autres marques de voitures, gr\u00e2ce \u00e0 sa conception intelligente.<br \/>\n\u2714 Test\u00e9 dans des conditions extr\u00eames - Test\u00e9 en drift, en rallye et dans d'autres conditions difficiles, avec d'excellents r\u00e9sultats !<\/p>\n<p>\ud83d\udd27 Am\u00e9liorez votre v\u00e9hicule avec cet accessoire de frein \u00e0 main hydraulique et faites l'exp\u00e9rience de la fiabilit\u00e9 et de la commodit\u00e9.<\/p>","protected":false},"excerpt":{"rendered":"<p>Fixation passager pour frein \u00e0 main hydraulique \ud83d\ude97\ud83d\udca5\ud83d\ude97\ud83d\udca5<\/p>\n<p>Ce support passager pour le frein \u00e0 main hydraulique est facile \u00e0 installer et compatible avec de nombreux freins \u00e0 main et leviers de vitesses. Fabriqu\u00e9 en acier de 5 mm d'\u00e9paisseur, il constitue une solution robuste et fiable pour le c\u00f4t\u00e9 passager de tous les mod\u00e8les BMW et d'autres voitures. Test\u00e9 dans des conditions extr\u00eames, il est id\u00e9al pour le drift et le rallye.<\/p>","protected":false},"featured_media":21535,"comment_status":"open","ping_status":"closed","template":"","meta":{"_acf_changed":false},"product_brand":[],"product_cat":[149,172],"product_tag":[1841,2390,2401,2395,2398,520,536,371,2392,2391,2397,2394,1844,2400,2393,1856,2389,1356,1849,1085,2399,1848,1551,1840,2396],"giftcard-category":[],"class_list":{"0":"post-21522","1":"product","2":"type-product","3":"status-publish","4":"has-post-thumbnail","6":"product_cat-hydraulische-handrem","7":"product_cat-hydraulische-handrem-remmen","8":"product_tag-auto-parts","9":"product_tag-basic-bracket","10":"product_tag-basic-handbrake-bracket","11":"product_tag-brake-system-upgrade","12":"product_tag-car-brake-modification","13":"product_tag-car-modification","14":"product_tag-car-tuning","15":"product_tag-drift-car-parts","16":"product_tag-drifting-equipment","17":"product_tag-handbrake-attachment","18":"product_tag-handbrake-bracket","19":"product_tag-handbrake-installation","20":"product_tag-high-performance-braking","21":"product_tag-hydraulic-brake-mount","22":"product_tag-hydraulic-brake-system","23":"product_tag-hydraulic-handbrake-kit","24":"product_tag-hydraulic-handbrake-mount","25":"product_tag-motorsport-equipment","26":"product_tag-motorsport-handbrake","27":"product_tag-performance-car-parts","28":"product_tag-performance-handbrake-mount","29":"product_tag-professional-drifting-gear","30":"product_tag-racing-car-components","31":"product_tag-racing-handbrake","32":"product_tag-vehicle-customization","35":"instock","36":"taxable","37":"shipping-taxable","38":"purchasable","39":"product-type-simple","40":"product-grid-view"},"exclude_global_add_ons":[],"addons":[],"acf":[],"_links":{"self":[{"href":"https:\/\/race4driftparts.com\/fr\/wp-json\/wp\/v2\/product\/21522","targetHints":{"allow":["GET"]}}],"collection":[{"href":"https:\/\/race4driftparts.com\/fr\/wp-json\/wp\/v2\/product"}],"about":[{"href":"https:\/\/race4driftparts.com\/fr\/wp-json\/wp\/v2\/types\/product"}],"replies":[{"embeddable":true,"href":"https:\/\/race4driftparts.com\/fr\/wp-json\/wp\/v2\/comments?post=21522"}],"version-history":[{"count":2,"href":"https:\/\/race4driftparts.com\/fr\/wp-json\/wp\/v2\/product\/21522\/revisions"}],"predecessor-version":[{"id":60145,"href":"https:\/\/race4driftparts.com\/fr\/wp-json\/wp\/v2\/product\/21522\/revisions\/60145"}],"wp:featuredmedia":[{"embeddable":true,"href":"https:\/\/race4driftparts.com\/fr\/wp-json\/wp\/v2\/media\/21535"}],"wp:attachment":[{"href":"https:\/\/race4driftparts.com\/fr\/wp-json\/wp\/v2\/media?parent=21522"}],"wp:term":[{"taxonomy":"product_brand","embeddable":true,"href":"https:\/\/race4driftparts.com\/fr\/wp-json\/wp\/v2\/product_brand?post=21522"},{"taxonomy":"product_cat","embeddable":true,"href":"https:\/\/race4driftparts.com\/fr\/wp-json\/wp\/v2\/product_cat?post=21522"},{"taxonomy":"product_tag","embeddable":true,"href":"https:\/\/race4driftparts.com\/fr\/wp-json\/wp\/v2\/product_tag?post=21522"},{"taxonomy":"giftcard-category","embeddable":true,"href":"https:\/\/race4driftparts.com\/fr\/wp-json\/wp\/v2\/giftcard-category?post=21522"}],"curies":[{"name":"wp","href":"https:\/\/api.w.org\/{rel}","templated":true}]}}