{"id":26199,"date":"2025-02-17T21:27:38","date_gmt":"2025-02-17T20:27:38","guid":{"rendered":"https:\/\/race4driftparts.com\/?post_type=product&#038;p=26199"},"modified":"2026-02-22T13:40:22","modified_gmt":"2026-02-22T12:40:22","slug":"bmw-e36-sideskirts","status":"publish","type":"product","link":"https:\/\/race4driftparts.com\/fr\/shop\/exterieur\/sideskirts\/jupes-laterales-bmw-e36\/","title":{"rendered":"BMW E36 jupes lat\u00e9rales m look"},"content":{"rendered":"<h2 data-start=\"95\" data-end=\"169\">BMW E36 Jupes lat\u00e9rales M look<\/h2>\n<p data-start=\"95\" data-end=\"169\"><strong data-start=\"95\" data-end=\"169\">Am\u00e9liorez l'aspect et l'a\u00e9rodynamisme de votre BMW<\/strong><\/p>\n<p data-start=\"171\" data-end=\"550\">Donnez \u00e0 votre BMW E36 un look sportif et a\u00e9rodynamique avec nos jupes lat\u00e9rales de haute qualit\u00e9. Ces jupes lat\u00e9rales sont con\u00e7ues pour am\u00e9liorer l'a\u00e9rodynamisme de votre v\u00e9hicule tout en rehaussant l'attrait esth\u00e9tique de votre BMW. Fabriqu\u00e9es \u00e0 partir de mat\u00e9riaux durables, elles garantissent un ajustement parfait et une finition robuste qui donne \u00e0 votre voiture un look sportif.<\/p>\n<p data-start=\"552\" data-end=\"599\"><strong data-start=\"552\" data-end=\"599\">Pourquoi choisir nos jupes lat\u00e9rales BMW E36 ?<\/strong><\/p>\n<ul data-start=\"600\" data-end=\"1419\">\n<li data-start=\"600\" data-end=\"761\"><strong data-start=\"602\" data-end=\"640\">Sp\u00e9cialement con\u00e7u pour la BMW E36<\/strong>: Ces jupes lat\u00e9rales sont con\u00e7ues pour s'adapter parfaitement \u00e0 tous les mod\u00e8les E36, ce qui les rend faciles \u00e0 installer.<\/li>\n<li data-start=\"762\" data-end=\"968\"><strong data-start=\"764\" data-end=\"791\">Am\u00e9lioration de l'a\u00e9rodynamisme<\/strong>: En plus d'embellir votre v\u00e9hicule, les jupes lat\u00e9rales contribuent \u00e0 am\u00e9liorer l'\u00e9coulement de l'air autour de votre BMW, ce qui peut am\u00e9liorer la stabilit\u00e9 \u00e0 grande vitesse.<\/li>\n<li data-start=\"969\" data-end=\"1101\"><strong data-start=\"971\" data-end=\"997\">Haute qualit\u00e9<\/strong>Les produits de la collection sont fabriqu\u00e9s \u00e0 partir de mat\u00e9riaux solides et durables qui r\u00e9sistent \u00e0 l'usage quotidien et \u00e0 l'\u00e9preuve du temps.<\/li>\n<li data-start=\"1102\" data-end=\"1263\"><strong data-start=\"1104\" data-end=\"1123\">Design sportif<\/strong>Le design : La finition \u00e9l\u00e9gante et raffin\u00e9e rehausse l'aspect sportif de votre BMW E36 et donne \u00e0 votre voiture une allure plus agressive et dynamique.<\/li>\n<li data-start=\"1264\" data-end=\"1419\"><strong data-start=\"1266\" data-end=\"1292\">Installation facile<\/strong>Les jupes lat\u00e9rales se montent rapidement et sans outils compliqu\u00e9s, ce qui permet d'appr\u00e9cier rapidement le r\u00e9sultat.<\/li>\n<\/ul>\n<p data-start=\"1421\" data-end=\"1667\">Avec les BMW E36 Sideskirts, vous ne donnez pas seulement une am\u00e9lioration visuelle \u00e0 votre v\u00e9hicule, mais vous am\u00e9liorez \u00e9galement l'aspect g\u00e9n\u00e9ral de votre BMW. Commandez-les d\u00e8s maintenant dans notre boutique en ligne et d\u00e9couvrez la combinaison parfaite de style et de fonctionnalit\u00e9 pour votre BMW E36 !<\/p>","protected":false},"excerpt":{"rendered":"<h3>BMW E36 jupes lat\u00e9rales m look<\/h3>\n<p>Donnez \u00e0 votre BMW E36 un look sportif avec nos jupes lat\u00e9rales de haute qualit\u00e9. Un ajustement parfait, une a\u00e9rodynamique am\u00e9lior\u00e9e et une finition \u00e9l\u00e9gante rehaussent le look sportif de votre v\u00e9hicule. Facile \u00e0 installer pour une mise \u00e0 jour instantan\u00e9e de votre voiture.<\/p>","protected":false},"featured_media":26202,"comment_status":"open","ping_status":"closed","template":"","meta":{"_acf_changed":false},"product_brand":[],"product_cat":[154],"product_tag":[],"giftcard-category":[],"class_list":{"0":"post-26199","1":"product","2":"type-product","3":"status-publish","4":"has-post-thumbnail","6":"product_cat-sideskirts","9":"onbackorder","10":"sale","11":"taxable","12":"shipping-taxable","13":"purchasable","14":"product-type-simple","15":"product-grid-view"},"exclude_global_add_ons":[],"addons":[],"acf":[],"_links":{"self":[{"href":"https:\/\/race4driftparts.com\/fr\/wp-json\/wp\/v2\/product\/26199","targetHints":{"allow":["GET"]}}],"collection":[{"href":"https:\/\/race4driftparts.com\/fr\/wp-json\/wp\/v2\/product"}],"about":[{"href":"https:\/\/race4driftparts.com\/fr\/wp-json\/wp\/v2\/types\/product"}],"replies":[{"embeddable":true,"href":"https:\/\/race4driftparts.com\/fr\/wp-json\/wp\/v2\/comments?post=26199"}],"version-history":[{"count":0,"href":"https:\/\/race4driftparts.com\/fr\/wp-json\/wp\/v2\/product\/26199\/revisions"}],"wp:featuredmedia":[{"embeddable":true,"href":"https:\/\/race4driftparts.com\/fr\/wp-json\/wp\/v2\/media\/26202"}],"wp:attachment":[{"href":"https:\/\/race4driftparts.com\/fr\/wp-json\/wp\/v2\/media?parent=26199"}],"wp:term":[{"taxonomy":"product_brand","embeddable":true,"href":"https:\/\/race4driftparts.com\/fr\/wp-json\/wp\/v2\/product_brand?post=26199"},{"taxonomy":"product_cat","embeddable":true,"href":"https:\/\/race4driftparts.com\/fr\/wp-json\/wp\/v2\/product_cat?post=26199"},{"taxonomy":"product_tag","embeddable":true,"href":"https:\/\/race4driftparts.com\/fr\/wp-json\/wp\/v2\/product_tag?post=26199"},{"taxonomy":"giftcard-category","embeddable":true,"href":"https:\/\/race4driftparts.com\/fr\/wp-json\/wp\/v2\/giftcard-category?post=26199"}],"curies":[{"name":"wp","href":"https:\/\/api.w.org\/{rel}","templated":true}]}}