{"id":28476,"date":"2025-02-21T00:06:34","date_gmt":"2025-02-20T23:06:34","guid":{"rendered":"https:\/\/race4driftparts.com\/niet-gecategoriseerd\/qsp-stuurnaaf-bmw-2500-2800\/"},"modified":"2025-05-31T23:22:54","modified_gmt":"2025-05-31T21:22:54","slug":"qsp-stuurnaaf-bmw-2500-2800","status":"publish","type":"product","link":"https:\/\/race4driftparts.com\/fr\/shop\/interieur\/stuur-naven\/qsp-moyeu-de-direction-bmw-2500-2800\/","title":{"rendered":"Moyeu de direction QSP BMW 2500 - 2800"},"content":{"rendered":"<p>Moyeu de direction BMW 2500-2800 (1968-1976) - Parfaitement adapt\u00e9 aux volants sport<\/p>\n<p>Am\u00e9liorez la sensation de direction de votre BMW 2500 (1968-1977) avec ce moyeu de direction QSP Products de haute qualit\u00e9. Sp\u00e9cialement con\u00e7u pour un ajustement parfait, vous pouvez facilement monter un volant sport de QSP, OMP Racing, Momo et d'autres marques, \u00e0 condition que le volant ait un cercle de 70mm ou 74mm.<\/p>\n<p>\u2705 Adaptation sp\u00e9cifique au v\u00e9hicule - S'adapte parfaitement \u00e0 votre BMW 2500.<br \/>\n\u2705 Compatible avec les guidons sportifs - Convient aux marques populaires avec un cercle de 70mm ou 74mm.<br \/>\n\u2705 Mat\u00e9riel de montage inclus - Fourni avec 6 boulons coniques et une cl\u00e9 Allen pour faciliter l'installation.<br \/>\n\u2705 Fonction de bouclage de l'airbag - Si n\u00e9cessaire, cette fonction emp\u00eache le t\u00e9moin de l'airbag de rester allum\u00e9 sur votre tableau de bord.<br \/>\n\u2705 Sp\u00e9cifications techniques - V\u00e9rifier le diam\u00e8tre (17,45 mm) et le nombre de cannelures (36 dents) pour s'assurer de la bonne adaptation.<\/p>\n<p>Vous voulez vous assurer que ce moyeu de direction convient \u00e0 votre BMW ? Comparez les photos du produit avec l'arri\u00e8re de votre volant d'origine ou v\u00e9rifiez les sp\u00e9cifications techniques.<\/p>\n<p>\ud83d\uded2 Commandez maintenant et am\u00e9liorez l'exp\u00e9rience de conduite de votre BMW 2500 !<\/p>","protected":false},"excerpt":{"rendered":"<p>Moyeu de direction QSP BMW 2500 - 2800<\/p>","protected":false},"featured_media":28469,"comment_status":"closed","ping_status":"closed","template":"","meta":{"_acf_changed":false},"product_brand":[3509],"product_cat":[138],"product_tag":[],"giftcard-category":[],"class_list":{"0":"post-28476","1":"product","2":"type-product","3":"status-publish","4":"has-post-thumbnail","6":"product_brand-qsp-products","7":"product_cat-stuur-naven","10":"onbackorder","11":"purchasable","12":"product-type-simple","13":"product-grid-view"},"exclude_global_add_ons":[],"addons":[],"acf":[],"_links":{"self":[{"href":"https:\/\/race4driftparts.com\/fr\/wp-json\/wp\/v2\/product\/28476","targetHints":{"allow":["GET"]}}],"collection":[{"href":"https:\/\/race4driftparts.com\/fr\/wp-json\/wp\/v2\/product"}],"about":[{"href":"https:\/\/race4driftparts.com\/fr\/wp-json\/wp\/v2\/types\/product"}],"replies":[{"embeddable":true,"href":"https:\/\/race4driftparts.com\/fr\/wp-json\/wp\/v2\/comments?post=28476"}],"version-history":[{"count":0,"href":"https:\/\/race4driftparts.com\/fr\/wp-json\/wp\/v2\/product\/28476\/revisions"}],"wp:featuredmedia":[{"embeddable":true,"href":"https:\/\/race4driftparts.com\/fr\/wp-json\/wp\/v2\/media\/28469"}],"wp:attachment":[{"href":"https:\/\/race4driftparts.com\/fr\/wp-json\/wp\/v2\/media?parent=28476"}],"wp:term":[{"taxonomy":"product_brand","embeddable":true,"href":"https:\/\/race4driftparts.com\/fr\/wp-json\/wp\/v2\/product_brand?post=28476"},{"taxonomy":"product_cat","embeddable":true,"href":"https:\/\/race4driftparts.com\/fr\/wp-json\/wp\/v2\/product_cat?post=28476"},{"taxonomy":"product_tag","embeddable":true,"href":"https:\/\/race4driftparts.com\/fr\/wp-json\/wp\/v2\/product_tag?post=28476"},{"taxonomy":"giftcard-category","embeddable":true,"href":"https:\/\/race4driftparts.com\/fr\/wp-json\/wp\/v2\/giftcard-category?post=28476"}],"curies":[{"name":"wp","href":"https:\/\/api.w.org\/{rel}","templated":true}]}}