{"id":28492,"date":"2025-02-21T00:06:29","date_gmt":"2025-02-20T23:06:29","guid":{"rendered":"https:\/\/race4driftparts.com\/niet-gecategoriseerd\/qsp-stuurnaaf-bmw-serie-3-e46\/"},"modified":"2025-05-31T23:23:03","modified_gmt":"2025-05-31T21:23:03","slug":"qsp-stuurnaaf-bmw-serie-3-e46","status":"publish","type":"product","link":"https:\/\/race4driftparts.com\/fr\/shop\/interieur\/stuur-naven\/qsp-moyeu-de-direction-bmw-series-3-e46\/","title":{"rendered":"QSP moyeu de direction BMW Series 3 E46"},"content":{"rendered":"<p>Moyeu de direction BMW Series 3 E46 (1998-2006) - Id\u00e9al pour le montage d'un volant sport<\/p>\n<p>Am\u00e9liorez l'exp\u00e9rience de conduite de votre BMW Series 3 E46 (1998-2006) avec ce moyeu de volant QSP Products, con\u00e7u pour un ajustement parfait. Ce moyeu de volant vous permet de monter facilement un volant sport de marques telles que QSP, OMP Racing, Momo et bien d'autres, \u00e0 condition que le volant sport ait un cercle primitif de 70mm ou 74mm.<\/p>\n<p>\u2705 Adaptation sp\u00e9cifique pour BMW Series 3 E46 - Adaptation pr\u00e9cise \u00e0 votre v\u00e9hicule pour un ajustement parfait.<br \/>\n\u2705 Compatible avec les guidons sportifs - Convient aux guidons dont le cercle d'inclinaison est de 70 mm ou 74 mm.<br \/>\n\u2705 Installation facile - Comprend 6 boulons coniques et une cl\u00e9 Allen pour une installation sans probl\u00e8me.<br \/>\n\u2705 Fonction de bouclage de l'airbag - Sur les v\u00e9hicules \u00e9quip\u00e9s d'un airbag d'origine, cette fonction emp\u00eache le voyant de l'airbag sur votre tableau de bord de rester allum\u00e9.<br \/>\n\u2705 Caract\u00e9ristiques techniques - Diam\u00e8tre 21,35 mm et 66 cannelures pour un ajustement pr\u00e9cis et fiable.<\/p>\n<p>Vous n'\u00eates pas s\u00fbr que ce moyeu de direction convienne \u00e0 votre BMW S\u00e9rie 3 E46 ? Comparez les photos du produit avec le dos de votre volant d'origine ou v\u00e9rifiez les sp\u00e9cifications techniques.<\/p>\n<p>\ud83d\uded2 Commandez maintenant et am\u00e9liorez le look et les performances de votre BMW Series 3 E46 avec un volant sport !<\/p>","protected":false},"excerpt":{"rendered":"<p>QSP moyeu de direction BMW Series 3 E46<\/p>","protected":false},"featured_media":28494,"comment_status":"closed","ping_status":"closed","template":"","meta":{"_acf_changed":false},"product_brand":[3509],"product_cat":[138],"product_tag":[],"giftcard-category":[],"class_list":{"0":"post-28492","1":"product","2":"type-product","3":"status-publish","4":"has-post-thumbnail","6":"product_brand-qsp-products","7":"product_cat-stuur-naven","10":"onbackorder","11":"purchasable","12":"product-type-simple","13":"product-grid-view"},"exclude_global_add_ons":[],"addons":[],"acf":[],"_links":{"self":[{"href":"https:\/\/race4driftparts.com\/fr\/wp-json\/wp\/v2\/product\/28492","targetHints":{"allow":["GET"]}}],"collection":[{"href":"https:\/\/race4driftparts.com\/fr\/wp-json\/wp\/v2\/product"}],"about":[{"href":"https:\/\/race4driftparts.com\/fr\/wp-json\/wp\/v2\/types\/product"}],"replies":[{"embeddable":true,"href":"https:\/\/race4driftparts.com\/fr\/wp-json\/wp\/v2\/comments?post=28492"}],"version-history":[{"count":0,"href":"https:\/\/race4driftparts.com\/fr\/wp-json\/wp\/v2\/product\/28492\/revisions"}],"wp:featuredmedia":[{"embeddable":true,"href":"https:\/\/race4driftparts.com\/fr\/wp-json\/wp\/v2\/media\/28494"}],"wp:attachment":[{"href":"https:\/\/race4driftparts.com\/fr\/wp-json\/wp\/v2\/media?parent=28492"}],"wp:term":[{"taxonomy":"product_brand","embeddable":true,"href":"https:\/\/race4driftparts.com\/fr\/wp-json\/wp\/v2\/product_brand?post=28492"},{"taxonomy":"product_cat","embeddable":true,"href":"https:\/\/race4driftparts.com\/fr\/wp-json\/wp\/v2\/product_cat?post=28492"},{"taxonomy":"product_tag","embeddable":true,"href":"https:\/\/race4driftparts.com\/fr\/wp-json\/wp\/v2\/product_tag?post=28492"},{"taxonomy":"giftcard-category","embeddable":true,"href":"https:\/\/race4driftparts.com\/fr\/wp-json\/wp\/v2\/giftcard-category?post=28492"}],"curies":[{"name":"wp","href":"https:\/\/api.w.org\/{rel}","templated":true}]}}