{"id":28495,"date":"2025-02-21T00:06:30","date_gmt":"2025-02-20T23:06:30","guid":{"rendered":"https:\/\/race4driftparts.com\/niet-gecategoriseerd\/qsp-stuurnaaf-bmw-serie-1-e87\/"},"modified":"2025-05-31T23:23:03","modified_gmt":"2025-05-31T21:23:03","slug":"qsp-stuurnaaf-bmw-serie-1-e87","status":"publish","type":"product","link":"https:\/\/race4driftparts.com\/fr\/shop\/interieur\/stuur-naven\/qsp-moyeu-de-direction-bmw-series-1-e87\/","title":{"rendered":"QSP moyeu de direction BMW Series 1 E87"},"content":{"rendered":"<p>Moyeu de direction BMW Series 1 (\u00e0 partir de 2005) - Parfaitement adapt\u00e9 aux volants sport<\/p>\n<p>Am\u00e9liorez votre exp\u00e9rience de conduite avec ce moyeu de direction QSP Products, con\u00e7u sp\u00e9cifiquement pour la BMW S\u00e9rie 1 (\u00e0 partir de 2005). Ce moyeu de direction est fabriqu\u00e9 en fonction du v\u00e9hicule pour un ajustement parfait, de sorte que vous pouvez facilement monter un volant de sport de marques telles que QSP, OMP Racing, Momo et autres, \u00e0 condition que le volant de sport ait un cercle primitif de 70 mm ou 74 mm.<\/p>\n<p>\u2705 Adaptation sp\u00e9cifique \u00e0 la BMW S\u00e9rie 1 - Adaptation parfaite \u00e0 votre v\u00e9hicule.<br \/>\n\u2705 Compatible avec les guidons sportifs - Convient aux guidons dont le cercle d'inclinaison est de 70 mm ou 74 mm.<br \/>\n\u2705 Installation facile - Livr\u00e9 avec 6 boulons coniques et une cl\u00e9 Allen pour une installation rapide.<br \/>\n\u2705 Fonction de bouclage de l'airbag - Sur les v\u00e9hicules \u00e9quip\u00e9s d'origine d'un airbag, cette fonction permet d'\u00e9viter que le t\u00e9moin d'airbag ne reste allum\u00e9 sur le tableau de bord.<br \/>\n\u2705 Caract\u00e9ristiques techniques - Diam\u00e8tre 21,35 mm et 66 cannelures pour un ajustement pr\u00e9cis.<\/p>\n<p>Vous n'\u00eates pas s\u00fbr que ce moyeu de direction convienne \u00e0 votre BMW S\u00e9rie 1 ? Comparez les photos du produit avec le dos de votre volant d'origine ou v\u00e9rifiez les sp\u00e9cifications techniques.<\/p>\n<p>\ud83d\uded2 Commandez maintenant et am\u00e9liorez votre exp\u00e9rience de conduite dans votre BMW S\u00e9rie 1 !<\/p>","protected":false},"excerpt":{"rendered":"<p>QSP moyeu de direction BMW Series 1 E87<\/p>","protected":false},"featured_media":28494,"comment_status":"closed","ping_status":"closed","template":"","meta":{"_acf_changed":false},"product_brand":[3509],"product_cat":[138],"product_tag":[],"giftcard-category":[],"class_list":{"0":"post-28495","1":"product","2":"type-product","3":"status-publish","4":"has-post-thumbnail","6":"product_brand-qsp-products","7":"product_cat-stuur-naven","10":"onbackorder","11":"purchasable","12":"product-type-simple","13":"product-grid-view"},"exclude_global_add_ons":[],"addons":[],"acf":[],"_links":{"self":[{"href":"https:\/\/race4driftparts.com\/fr\/wp-json\/wp\/v2\/product\/28495","targetHints":{"allow":["GET"]}}],"collection":[{"href":"https:\/\/race4driftparts.com\/fr\/wp-json\/wp\/v2\/product"}],"about":[{"href":"https:\/\/race4driftparts.com\/fr\/wp-json\/wp\/v2\/types\/product"}],"replies":[{"embeddable":true,"href":"https:\/\/race4driftparts.com\/fr\/wp-json\/wp\/v2\/comments?post=28495"}],"version-history":[{"count":0,"href":"https:\/\/race4driftparts.com\/fr\/wp-json\/wp\/v2\/product\/28495\/revisions"}],"wp:featuredmedia":[{"embeddable":true,"href":"https:\/\/race4driftparts.com\/fr\/wp-json\/wp\/v2\/media\/28494"}],"wp:attachment":[{"href":"https:\/\/race4driftparts.com\/fr\/wp-json\/wp\/v2\/media?parent=28495"}],"wp:term":[{"taxonomy":"product_brand","embeddable":true,"href":"https:\/\/race4driftparts.com\/fr\/wp-json\/wp\/v2\/product_brand?post=28495"},{"taxonomy":"product_cat","embeddable":true,"href":"https:\/\/race4driftparts.com\/fr\/wp-json\/wp\/v2\/product_cat?post=28495"},{"taxonomy":"product_tag","embeddable":true,"href":"https:\/\/race4driftparts.com\/fr\/wp-json\/wp\/v2\/product_tag?post=28495"},{"taxonomy":"giftcard-category","embeddable":true,"href":"https:\/\/race4driftparts.com\/fr\/wp-json\/wp\/v2\/giftcard-category?post=28495"}],"curies":[{"name":"wp","href":"https:\/\/api.w.org\/{rel}","templated":true}]}}