{"id":28499,"date":"2025-02-21T00:06:31","date_gmt":"2025-02-20T23:06:31","guid":{"rendered":"https:\/\/race4driftparts.com\/niet-gecategoriseerd\/qsp-stuurnaaf-bmw-serie-5-e39\/"},"modified":"2025-05-31T23:23:03","modified_gmt":"2025-05-31T21:23:03","slug":"qsp-stuurnaaf-bmw-serie-5-e39","status":"publish","type":"product","link":"https:\/\/race4driftparts.com\/fr\/shop\/interieur\/stuur-naven\/qsp-moyeu-de-direction-bmw-series-5-e39\/","title":{"rendered":"QSP moyeu de direction BMW Series 5 E39"},"content":{"rendered":"<p>Moyeu de direction BMW Series 5 E39 (1995-2003) - Parfaitement adapt\u00e9 aux volants sport<\/p>\n<p>Am\u00e9liorez l'exp\u00e9rience de conduite de votre BMW S\u00e9rie 5 E39 (1995-2003) avec ce moyeu de volant QSP Products. Sp\u00e9cialement con\u00e7u pour un ajustement pr\u00e9cis, vous pouvez facilement monter un volant sport de QSP, OMP Racing, Momo et d'autres marques, tant que le volant a un cercle de 70mm ou 74mm.<\/p>\n<p>\u2705 Adaptation sp\u00e9cifique pour BMW Series 5 E39 - Adaptation parfaite \u00e0 votre v\u00e9hicule.<br \/>\n\u2705 Compatible avec les guidons sportifs - Convient aux guidons avec un cercle de 70mm ou 74mm.<br \/>\n\u2705 Mat\u00e9riel de montage inclus - Livr\u00e9 avec 6 boulons coniques et une cl\u00e9 Allen pour faciliter l'installation.<br \/>\n\u2705 Fonction de bouclage de l'airbag - Emp\u00eache le t\u00e9moin d'airbag sur votre tableau de bord de rester allum\u00e9 dans les v\u00e9hicules \u00e9quip\u00e9s d'origine d'un airbag.<br \/>\n\u2705 Caract\u00e9ristiques techniques - Diam\u00e8tre 21,35 mm et 66 cannelures pour un ajustement parfait.<\/p>\n<p>Vous n'\u00eates pas s\u00fbr que ce moyeu de direction convienne \u00e0 votre BMW S\u00e9rie 5 E39 ? Comparez les photos du produit avec le dos de votre volant d'origine ou v\u00e9rifiez les sp\u00e9cifications techniques.<\/p>\n<p>\ud83d\uded2 Commandez maintenant et d\u00e9couvrez une sensation de direction plus sportive dans votre BMW S\u00e9rie 5 E39 !<\/p>","protected":false},"excerpt":{"rendered":"<p>QSP moyeu de direction BMW Series 5 E39<\/p>","protected":false},"featured_media":28501,"comment_status":"closed","ping_status":"closed","template":"","meta":{"_acf_changed":false},"product_brand":[3509],"product_cat":[138],"product_tag":[],"giftcard-category":[],"class_list":{"0":"post-28499","1":"product","2":"type-product","3":"status-publish","4":"has-post-thumbnail","6":"product_brand-qsp-products","7":"product_cat-stuur-naven","10":"onbackorder","11":"purchasable","12":"product-type-simple","13":"product-grid-view"},"exclude_global_add_ons":[],"addons":[],"acf":[],"_links":{"self":[{"href":"https:\/\/race4driftparts.com\/fr\/wp-json\/wp\/v2\/product\/28499","targetHints":{"allow":["GET"]}}],"collection":[{"href":"https:\/\/race4driftparts.com\/fr\/wp-json\/wp\/v2\/product"}],"about":[{"href":"https:\/\/race4driftparts.com\/fr\/wp-json\/wp\/v2\/types\/product"}],"replies":[{"embeddable":true,"href":"https:\/\/race4driftparts.com\/fr\/wp-json\/wp\/v2\/comments?post=28499"}],"version-history":[{"count":0,"href":"https:\/\/race4driftparts.com\/fr\/wp-json\/wp\/v2\/product\/28499\/revisions"}],"wp:featuredmedia":[{"embeddable":true,"href":"https:\/\/race4driftparts.com\/fr\/wp-json\/wp\/v2\/media\/28501"}],"wp:attachment":[{"href":"https:\/\/race4driftparts.com\/fr\/wp-json\/wp\/v2\/media?parent=28499"}],"wp:term":[{"taxonomy":"product_brand","embeddable":true,"href":"https:\/\/race4driftparts.com\/fr\/wp-json\/wp\/v2\/product_brand?post=28499"},{"taxonomy":"product_cat","embeddable":true,"href":"https:\/\/race4driftparts.com\/fr\/wp-json\/wp\/v2\/product_cat?post=28499"},{"taxonomy":"product_tag","embeddable":true,"href":"https:\/\/race4driftparts.com\/fr\/wp-json\/wp\/v2\/product_tag?post=28499"},{"taxonomy":"giftcard-category","embeddable":true,"href":"https:\/\/race4driftparts.com\/fr\/wp-json\/wp\/v2\/giftcard-category?post=28499"}],"curies":[{"name":"wp","href":"https:\/\/api.w.org\/{rel}","templated":true}]}}