{"id":31892,"date":"2025-02-21T00:48:24","date_gmt":"2025-02-20T23:48:24","guid":{"rendered":"https:\/\/race4driftparts.com\/niet-gecategoriseerd\/qsp-6-punts-gordel-fhr-touring-fia-blauw\/"},"modified":"2025-03-24T10:20:54","modified_gmt":"2025-03-24T09:20:54","slug":"qsp-6-punts-gordel-fhr-touring-fia-blauw","status":"publish","type":"product","link":"https:\/\/race4driftparts.com\/fr\/shop\/interieur\/gordels\/qsp-ceinture-6-points-fhr-touring-fia-blue\/","title":{"rendered":"Ceinture QSP 6 points FHR Touring FIA - Bleu"},"content":{"rendered":"<p>Cette ceinture HANS QSP approuv\u00e9e par la FIA est le choix parfait pour les pilotes qui recherchent une s\u00e9curit\u00e9 maximale en combinaison avec leur syst\u00e8me HANS. Cette ceinture \u00e0 6 points offre non seulement une stabilit\u00e9 ultime, mais r\u00e9pond \u00e9galement aux derni\u00e8res normes FIA 8853-2016, ce qui signifie que vous pouvez compter sur les normes de s\u00e9curit\u00e9 les plus \u00e9lev\u00e9es lors de vos courses ou rallyes.<\/p>\n<p>Caract\u00e9ristiques principales :<br \/>\nCertifi\u00e9 FIA 8853-2016 : Valable jusqu'au 31 d\u00e9cembre 2030, r\u00e9pond aux exigences strictes de la FIA en mati\u00e8re de s\u00e9curit\u00e9 dans le sport automobile.<br \/>\n\u2705 Compatible HANS\u00ae : sp\u00e9cialement con\u00e7u pour \u00eatre utilis\u00e9 avec votre syst\u00e8me HANS, pour une protection suppl\u00e9mentaire en cas d'impact.<br \/>\n\u2705 Version 6 points : Fournie de s\u00e9rie avec une ceinture \u00e0 6 points, pour une stabilit\u00e9 et une s\u00e9curit\u00e9 maximales lors des randonn\u00e9es intensives.<br \/>\nVelcro pour le c\u00e2ble d'interphone : Dot\u00e9 d'un velcro pour fixer facilement votre c\u00e2ble d'interphone pour plus de confort et de facilit\u00e9 d'utilisation.<br \/>\nLargeur de la ceinture : 3 pouces pour les \u00e9paules et 2 pouces pour les hanches, pour un ajustement et un contr\u00f4le optimaux.<br \/>\n\u2705 Comprend des \u0153illets pour ceinture de s\u00e9curit\u00e9 : Pour une fixation facile et s\u00fbre dans votre v\u00e9hicule.<\/p>\n<p>Caract\u00e9ristiques de l'article :<\/p>\n<p>Num\u00e9ro d'article : 30QRH336-BLK<br \/>\nMarque : QSP Products<br \/>\nNombre dans le paquet : 1<br \/>\nCouleur : bleu<br \/>\nMati\u00e8re : Polyester<br \/>\nType : Courroie de course FIA<br \/>\nS\u00e9rie : FHR Touring FIA<br \/>\nPoints de fixation : 6<br \/>\nLa s\u00e9curit\u00e9 et le confort avant tout, commandez votre ceinture QSP HANS d\u00e8s aujourd'hui et passez \u00e0 l'\u00e9tape suivante de votre aventure en sport automobile ! \ud83d\ude97\ud83d\udca8<\/p>","protected":false},"excerpt":{"rendered":"<p>Ceinture QSP 6 points FHR Touring FIA - Bleu<\/p>","protected":false},"featured_media":31894,"comment_status":"open","ping_status":"closed","template":"","meta":{"_acf_changed":false},"product_brand":[3509],"product_cat":[145],"product_tag":[],"giftcard-category":[],"class_list":{"0":"post-31892","1":"product","2":"type-product","3":"status-publish","4":"has-post-thumbnail","6":"product_brand-qsp-products","7":"product_cat-gordels","10":"onbackorder","11":"purchasable","12":"product-type-simple","13":"product-grid-view"},"exclude_global_add_ons":[],"addons":[],"acf":[],"_links":{"self":[{"href":"https:\/\/race4driftparts.com\/fr\/wp-json\/wp\/v2\/product\/31892","targetHints":{"allow":["GET"]}}],"collection":[{"href":"https:\/\/race4driftparts.com\/fr\/wp-json\/wp\/v2\/product"}],"about":[{"href":"https:\/\/race4driftparts.com\/fr\/wp-json\/wp\/v2\/types\/product"}],"replies":[{"embeddable":true,"href":"https:\/\/race4driftparts.com\/fr\/wp-json\/wp\/v2\/comments?post=31892"}],"version-history":[{"count":0,"href":"https:\/\/race4driftparts.com\/fr\/wp-json\/wp\/v2\/product\/31892\/revisions"}],"wp:featuredmedia":[{"embeddable":true,"href":"https:\/\/race4driftparts.com\/fr\/wp-json\/wp\/v2\/media\/31894"}],"wp:attachment":[{"href":"https:\/\/race4driftparts.com\/fr\/wp-json\/wp\/v2\/media?parent=31892"}],"wp:term":[{"taxonomy":"product_brand","embeddable":true,"href":"https:\/\/race4driftparts.com\/fr\/wp-json\/wp\/v2\/product_brand?post=31892"},{"taxonomy":"product_cat","embeddable":true,"href":"https:\/\/race4driftparts.com\/fr\/wp-json\/wp\/v2\/product_cat?post=31892"},{"taxonomy":"product_tag","embeddable":true,"href":"https:\/\/race4driftparts.com\/fr\/wp-json\/wp\/v2\/product_tag?post=31892"},{"taxonomy":"giftcard-category","embeddable":true,"href":"https:\/\/race4driftparts.com\/fr\/wp-json\/wp\/v2\/giftcard-category?post=31892"}],"curies":[{"name":"wp","href":"https:\/\/api.w.org\/{rel}","templated":true}]}}