{"id":31913,"date":"2025-02-21T00:48:21","date_gmt":"2025-02-20T23:48:21","guid":{"rendered":"https:\/\/race4driftparts.com\/niet-gecategoriseerd\/qsp-6-punts-gordel-fhr-endurance-fia-rood\/"},"modified":"2025-03-16T12:18:23","modified_gmt":"2025-03-16T11:18:23","slug":"qsp-6-punts-gordel-fhr-endurance-fia-rood","status":"publish","type":"product","link":"https:\/\/race4driftparts.com\/fr\/shop\/interieur\/gordels\/qsp-ceinture-6-points-fhr-endurance-fia-rouge\/","title":{"rendered":"Ceinture QSP 6 points FHR Endurance FIA - Rouge"},"content":{"rendered":"<p>QSP FIA Approved HANS ENDURANCE Belt - Pour une s\u00e9curit\u00e9 et une vitesse maximales<\/p>\n<p>Cette ceinture HANS ENDURANCE homologu\u00e9e QSP FIA est le choix id\u00e9al pour les courses d'endurance, o\u00f9 la vitesse, la s\u00e9curit\u00e9 et le confort sont primordiaux. Cette ceinture est sp\u00e9cialement con\u00e7ue pour faciliter les changements de pilotes en cours de course, gr\u00e2ce \u00e0 ses r\u00e9glages en aluminium qui permettent d'ajuster rapidement et facilement les sangles de hanche. La ceinture QSP HANS ENDURANCE est donc id\u00e9ale pour une utilisation avec un syst\u00e8me HANS et dispose d'une fixation \u00e0 6 points pour une stabilit\u00e9 optimale.<\/p>\n<p>Caract\u00e9ristiques principales :<br \/>\n\u2705 Certifi\u00e9 FIA 8853-2016 : Conforme aux derni\u00e8res normes de la FIA, valable jusqu'en 2023.<br \/>\n\u2705 Compatible HANS\u00ae : Con\u00e7u pour \u00eatre utilis\u00e9 avec le syst\u00e8me HANS, qui offre une protection suppl\u00e9mentaire en cas d'impact.<br \/>\n\u2705 R\u00e9glage rapide des hanches : Les r\u00e9glages en aluminium \u00e0 c\u00f4t\u00e9 de la molette permettent d'ajuster rapidement les sangles de hanche, ce qui est id\u00e9al pour les changements de coureurs.<br \/>\n\u2705 Version 6 points : S\u00e9curit\u00e9 maximale gr\u00e2ce aux 6 points d'attache pour un maintien s\u00fbr.<br \/>\n\u2705 Fixation du c\u00e2ble d'interphone : Le velcro permet de fixer facilement le c\u00e2ble d'interphone \u00e0 la ceinture pour plus de commodit\u00e9.<br \/>\nComprend des \u0153illets de ceinture : Pour une fixation facile et s\u00fbre de la ceinture.<\/p>\n<p>Caract\u00e9ristiques de l'article :<\/p>\n<p>Num\u00e9ro d'article : 30QRH536-BLK<br \/>\nMarque : QSP Products<br \/>\nNombre dans le paquet : 1<br \/>\nCouleur : rouge<br \/>\nMati\u00e8re : Polyester<br \/>\nType : Courroie de course FIA<br \/>\nS\u00e9rie : FHR Endurance<br \/>\nPoints de fixation : 6<br \/>\nConfort, rapidit\u00e9 et s\u00e9curit\u00e9 optimaux pour les longues courses. Commandez d\u00e8s maintenant votre ceinture QSP HANS ENDURANCE et partez \u00e0 la conqu\u00eate de la victoire ! \ud83d\ude97\ud83c\udfc1<\/p>","protected":false},"excerpt":{"rendered":"<p>Ceinture QSP 6 points FHR Endurance FIA - Rouge<\/p>","protected":false},"featured_media":31915,"comment_status":"open","ping_status":"closed","template":"","meta":{"_acf_changed":false},"product_brand":[3509],"product_cat":[145],"product_tag":[],"giftcard-category":[],"class_list":{"0":"post-31913","1":"product","2":"type-product","3":"status-publish","4":"has-post-thumbnail","6":"product_brand-qsp-products","7":"product_cat-gordels","10":"onbackorder","11":"purchasable","12":"product-type-simple","13":"product-grid-view"},"exclude_global_add_ons":[],"addons":[],"acf":[],"_links":{"self":[{"href":"https:\/\/race4driftparts.com\/fr\/wp-json\/wp\/v2\/product\/31913","targetHints":{"allow":["GET"]}}],"collection":[{"href":"https:\/\/race4driftparts.com\/fr\/wp-json\/wp\/v2\/product"}],"about":[{"href":"https:\/\/race4driftparts.com\/fr\/wp-json\/wp\/v2\/types\/product"}],"replies":[{"embeddable":true,"href":"https:\/\/race4driftparts.com\/fr\/wp-json\/wp\/v2\/comments?post=31913"}],"version-history":[{"count":0,"href":"https:\/\/race4driftparts.com\/fr\/wp-json\/wp\/v2\/product\/31913\/revisions"}],"wp:featuredmedia":[{"embeddable":true,"href":"https:\/\/race4driftparts.com\/fr\/wp-json\/wp\/v2\/media\/31915"}],"wp:attachment":[{"href":"https:\/\/race4driftparts.com\/fr\/wp-json\/wp\/v2\/media?parent=31913"}],"wp:term":[{"taxonomy":"product_brand","embeddable":true,"href":"https:\/\/race4driftparts.com\/fr\/wp-json\/wp\/v2\/product_brand?post=31913"},{"taxonomy":"product_cat","embeddable":true,"href":"https:\/\/race4driftparts.com\/fr\/wp-json\/wp\/v2\/product_cat?post=31913"},{"taxonomy":"product_tag","embeddable":true,"href":"https:\/\/race4driftparts.com\/fr\/wp-json\/wp\/v2\/product_tag?post=31913"},{"taxonomy":"giftcard-category","embeddable":true,"href":"https:\/\/race4driftparts.com\/fr\/wp-json\/wp\/v2\/giftcard-category?post=31913"}],"curies":[{"name":"wp","href":"https:\/\/api.w.org\/{rel}","templated":true}]}}