{"id":39606,"date":"2025-05-31T18:52:38","date_gmt":"2025-05-31T16:52:38","guid":{"rendered":"https:\/\/race4driftparts.com\/?post_type=product&#038;p=39606"},"modified":"2025-06-01T20:26:13","modified_gmt":"2025-06-01T18:26:13","slug":"bmw-e9x-kuipstoelbevestigingen","status":"publish","type":"product","link":"https:\/\/race4driftparts.com\/fr\/shop\/interieur\/kuipstoel-frames\/bmw-e9x-fixations-de-sieges-baquets\/","title":{"rendered":"BMW E9X fixations de si\u00e8ges baquets"},"content":{"rendered":"<p><em><strong>BMW E9X fixations de si\u00e8ges baquets<\/strong><\/em><\/p>\n<p>Support universel de si\u00e8ge baquet \u00e0 profil bas pour BMW E90, E91, E92 et E92<\/p>\n<p>Principaux avantages :<\/p>\n<ul>\n<li>Profil bas - permet d'installer le si\u00e8ge baquet aussi bas que possible<\/li>\n<li>Convient \u00e0 tous les si\u00e8ges baquets avec points d'attache lat\u00e9raux<\/li>\n<li>Grand r\u00e9glage de gauche \u00e0 droite - gr\u00e2ce aux trous oblongs des fixations sup\u00e9rieures<\/li>\n<li>Grand ajustement avant-arri\u00e8re - l'accessoire gauche peut \u00eatre \u00e9chang\u00e9 avec l'accessoire droit, ce qui donne la plus grande plage d'ajustement sur le march\u00e9.<\/li>\n<li>\u00c9quip\u00e9 de points d'attache pour l'entrejambe d'un harnais de course<\/li>\n<\/ul>\n<p>Caract\u00e9ristiques principales :<\/p>\n<ul>\n<li>Fabriqu\u00e9 en acier E355, 3 mm<\/li>\n<li>D\u00e9coupe au laser, pliage CNC<\/li>\n<li>Rev\u00eatement en poudre sur m\u00e9tal graphite<\/li>\n<li>Solution \u00e0 boulonner 100%<\/li>\n<li>Conception CAO en 3D<\/li>\n<li>100% fabriqu\u00e9 dans l'UE<\/li>\n<\/ul>\n<p>Dans l'emballage, vous trouverez la Recette :<\/p>\n<ul>\n<li>Deux fixations lat\u00e9rales<\/li>\n<li>Plaque de fond<\/li>\n<li>Jeu d'\u00e9crous et de boulons<\/li>\n<\/ul>\n<p>&nbsp;<\/p>\n<p>&nbsp;<\/p>","protected":false},"excerpt":{"rendered":"<p>Tout ce dont vous avez besoin pour installer des si\u00e8ges baquets dans votre BMA E90 E91 et E92<\/p>","protected":false},"featured_media":39610,"comment_status":"open","ping_status":"closed","template":"","meta":{"_acf_changed":false},"product_brand":[400],"product_cat":[89,137],"product_tag":[3777,3773],"giftcard-category":[],"class_list":{"0":"post-39606","1":"product","2":"type-product","3":"status-publish","4":"has-post-thumbnail","6":"product_brand-cybul","7":"product_cat-interieur","8":"product_cat-kuipstoel-frames","9":"product_tag-bevestiging","10":"product_tag-kuipstoel","13":"onbackorder","14":"taxable","15":"shipping-taxable","16":"purchasable","17":"product-type-simple","18":"product-grid-view"},"exclude_global_add_ons":false,"addons":[{"name":"Version","type":"checkbox","position":0,"required":false,"title_format":"label","default":"","description_enable":false,"description":"","placeholder_enable":false,"placeholder":"","display":"select","restrictions_type":"any_text","adjust_price":false,"price":"","price_type":"flat_fee","restrictions":false,"min":"0","max":"0","options":[{"label":"Bestuurderskant","price":"","price_type":"flat_fee","image":0,"visibility":true},{"label":"Passagierskant","price":"","price_type":"flat_fee","image":0,"visibility":true}],"id":1748795233}],"acf":[],"_links":{"self":[{"href":"https:\/\/race4driftparts.com\/fr\/wp-json\/wp\/v2\/product\/39606","targetHints":{"allow":["GET"]}}],"collection":[{"href":"https:\/\/race4driftparts.com\/fr\/wp-json\/wp\/v2\/product"}],"about":[{"href":"https:\/\/race4driftparts.com\/fr\/wp-json\/wp\/v2\/types\/product"}],"replies":[{"embeddable":true,"href":"https:\/\/race4driftparts.com\/fr\/wp-json\/wp\/v2\/comments?post=39606"}],"version-history":[{"count":0,"href":"https:\/\/race4driftparts.com\/fr\/wp-json\/wp\/v2\/product\/39606\/revisions"}],"wp:featuredmedia":[{"embeddable":true,"href":"https:\/\/race4driftparts.com\/fr\/wp-json\/wp\/v2\/media\/39610"}],"wp:attachment":[{"href":"https:\/\/race4driftparts.com\/fr\/wp-json\/wp\/v2\/media?parent=39606"}],"wp:term":[{"taxonomy":"product_brand","embeddable":true,"href":"https:\/\/race4driftparts.com\/fr\/wp-json\/wp\/v2\/product_brand?post=39606"},{"taxonomy":"product_cat","embeddable":true,"href":"https:\/\/race4driftparts.com\/fr\/wp-json\/wp\/v2\/product_cat?post=39606"},{"taxonomy":"product_tag","embeddable":true,"href":"https:\/\/race4driftparts.com\/fr\/wp-json\/wp\/v2\/product_tag?post=39606"},{"taxonomy":"giftcard-category","embeddable":true,"href":"https:\/\/race4driftparts.com\/fr\/wp-json\/wp\/v2\/giftcard-category?post=39606"}],"curies":[{"name":"wp","href":"https:\/\/api.w.org\/{rel}","templated":true}]}}