{"id":40598,"date":"2025-05-31T10:23:49","date_gmt":"2025-05-31T08:23:49","guid":{"rendered":"https:\/\/race4driftparts.com\/?post_type=product&#038;p=40598"},"modified":"2025-05-31T23:02:17","modified_gmt":"2025-05-31T21:02:17","slug":"omp-rally-suede-stuurwiel","status":"publish","type":"product","link":"https:\/\/race4driftparts.com\/fr\/shop\/interieur\/sturen-sport-sturen\/volant-en-daim-omp-rallye\/","title":{"rendered":"VOLANT EN DAIM OMP RALLYE"},"content":{"rendered":"<p><strong>Volant en daim OMP RALLY<\/p>\n<p><\/strong>Mat\u00e9riau : <strong>daim<\/strong><br \/>Diam\u00e8tre : <strong>350<\/strong><br \/>Nombre de bras : <strong>2<\/strong><br \/>Profondeur : <strong>95 mm<\/strong><br \/>Poign\u00e9e : <strong>rond - 30 mm<\/strong><\/p>\n<p>Tous les guidons OMP sont fabriqu\u00e9s \u00e0 partir de mat\u00e9riaux de la plus haute qualit\u00e9 possible et notre contr\u00f4le qualit\u00e9 garantit une finition de la plus haute qualit\u00e9.<br \/>Les volants OMP sont utilis\u00e9s par des champions de course et de rallye, d'hier \u00e0 aujourd'hui, dans le monde entier.<br \/>Les bras de volant en aluminium offrent une grande s\u00e9curit\u00e9 d'utilisation et un niveau esth\u00e9tique \u00e9lev\u00e9.<br \/>Claxon OMP inclus.<\/p>\n<p><strong>Fabriqu\u00e9 en Italie<\/strong><\/p>","protected":false},"excerpt":{"rendered":"<p><strong>Volant en daim OMP RALLY<\/p>\n<p><\/strong>Mat\u00e9riau : <strong>daim<\/strong><br \/>Diam\u00e8tre : <strong>350<\/strong><br \/>Nombre de bras : <strong>2<\/strong><br \/>Profondeur : <strong>95 mm<\/strong><br \/>Poign\u00e9e : <strong>rond - 30 mm<\/strong><\/p>\n<p>Tous les guidons OMP sont fabriqu\u00e9s \u00e0 partir de mat\u00e9riaux de la plus haute qualit\u00e9 possible et notre contr\u00f4le qualit\u00e9 garantit une finition de la plus haute qualit\u00e9.<br \/>Les volants OMP sont utilis\u00e9s par des champions de course et de rallye, d'hier \u00e0 aujourd'hui, dans le monde entier.<br \/>Les bras de volant en aluminium offrent une grande s\u00e9curit\u00e9 d'utilisation et un niveau esth\u00e9tique \u00e9lev\u00e9.<br \/>Claxon OMP inclus.<\/p>\n<p><strong>Fabriqu\u00e9 en Italie<\/strong><\/p>","protected":false},"featured_media":40602,"comment_status":"open","ping_status":"closed","template":"","meta":{"_acf_changed":false},"product_brand":[3510],"product_cat":[130,89],"product_tag":[3770,3771,134],"giftcard-category":[],"class_list":{"0":"post-40598","1":"product","2":"type-product","3":"status-publish","4":"has-post-thumbnail","6":"product_brand-omp","7":"product_cat-sturen-sport-sturen","8":"product_cat-interieur","9":"product_tag-racestuur","10":"product_tag-rallystuur","11":"product_tag-sportstuur","14":"onbackorder","15":"taxable","16":"shipping-taxable","17":"purchasable","18":"product-type-simple","19":"product-grid-view"},"exclude_global_add_ons":[],"addons":[],"acf":[],"_links":{"self":[{"href":"https:\/\/race4driftparts.com\/fr\/wp-json\/wp\/v2\/product\/40598","targetHints":{"allow":["GET"]}}],"collection":[{"href":"https:\/\/race4driftparts.com\/fr\/wp-json\/wp\/v2\/product"}],"about":[{"href":"https:\/\/race4driftparts.com\/fr\/wp-json\/wp\/v2\/types\/product"}],"replies":[{"embeddable":true,"href":"https:\/\/race4driftparts.com\/fr\/wp-json\/wp\/v2\/comments?post=40598"}],"version-history":[{"count":0,"href":"https:\/\/race4driftparts.com\/fr\/wp-json\/wp\/v2\/product\/40598\/revisions"}],"wp:featuredmedia":[{"embeddable":true,"href":"https:\/\/race4driftparts.com\/fr\/wp-json\/wp\/v2\/media\/40602"}],"wp:attachment":[{"href":"https:\/\/race4driftparts.com\/fr\/wp-json\/wp\/v2\/media?parent=40598"}],"wp:term":[{"taxonomy":"product_brand","embeddable":true,"href":"https:\/\/race4driftparts.com\/fr\/wp-json\/wp\/v2\/product_brand?post=40598"},{"taxonomy":"product_cat","embeddable":true,"href":"https:\/\/race4driftparts.com\/fr\/wp-json\/wp\/v2\/product_cat?post=40598"},{"taxonomy":"product_tag","embeddable":true,"href":"https:\/\/race4driftparts.com\/fr\/wp-json\/wp\/v2\/product_tag?post=40598"},{"taxonomy":"giftcard-category","embeddable":true,"href":"https:\/\/race4driftparts.com\/fr\/wp-json\/wp\/v2\/giftcard-category?post=40598"}],"curies":[{"name":"wp","href":"https:\/\/api.w.org\/{rel}","templated":true}]}}