{"id":40677,"date":"2025-05-31T10:23:41","date_gmt":"2025-05-31T08:23:41","guid":{"rendered":"https:\/\/race4driftparts.com\/?post_type=product&#038;p=40677"},"modified":"2025-05-31T23:56:47","modified_gmt":"2025-05-31T21:56:47","slug":"momo-model-88-350mm-stuur","status":"publish","type":"product","link":"https:\/\/race4driftparts.com\/fr\/shop\/interieur\/sturen-sport-sturen\/guidon-momo-model-88-350mm\/","title":{"rendered":"GUIDON MOMO MODEL 88 350MM"},"content":{"rendered":"<p><strong>MOMO Volant en daim Mod\u00e8le 88<\/p>\n<p><\/strong>Volant con\u00e7u pour les voitures de course.<br \/>Le volant est en daim noir et poss\u00e8de des branches en aluminium noir avec un logo MOMO jaune.<br \/>Toutes les roues de course MOMO sont fabriqu\u00e9es en Italie avec des mat\u00e9riaux de la plus haute qualit\u00e9.<br \/>La doublure en daim est coll\u00e9e au bord plut\u00f4t que cousue pour une finition sans couture, pour plus de confort et de durabilit\u00e9.<\/p>\n<p>- Diam\u00e8tre : 350 mm<br \/>- D\u00e9calage : 43 mm<br \/>- Bord : 26 x 35 mm<\/p>","protected":false},"excerpt":{"rendered":"<p><strong>MOMO Volant en daim Mod\u00e8le 88<\/p>\n<p><\/strong>Volant con\u00e7u pour les voitures de course.<br \/>Le volant est en daim noir et poss\u00e8de des branches en aluminium noir avec un logo MOMO jaune.<br \/>Tous les volants de course MOMO sont fabriqu\u00e9s en Italie avec des mat\u00e9riaux de la plus haute qualit\u00e9.<br \/>La doublure en daim est coll\u00e9e au bord plut\u00f4t que cousue, pour une finition sans couture, un plus grand confort et une plus grande durabilit\u00e9.<\/p>\n<p>- Diam\u00e8tre : 350 mm<br \/>- D\u00e9calage : 43 mm<br \/>- Bord : 26 x 35 mm<\/p>","protected":false},"featured_media":40678,"comment_status":"open","ping_status":"closed","template":"","meta":{"_acf_changed":false},"product_brand":[3786],"product_cat":[130,89],"product_tag":[3770,3771,134],"giftcard-category":[],"class_list":{"0":"post-40677","1":"product","2":"type-product","3":"status-publish","4":"has-post-thumbnail","6":"product_brand-momo","7":"product_cat-sturen-sport-sturen","8":"product_cat-interieur","9":"product_tag-racestuur","10":"product_tag-rallystuur","11":"product_tag-sportstuur","14":"onbackorder","15":"taxable","16":"shipping-taxable","17":"purchasable","18":"product-type-simple","19":"product-grid-view"},"exclude_global_add_ons":[],"addons":[],"acf":[],"_links":{"self":[{"href":"https:\/\/race4driftparts.com\/fr\/wp-json\/wp\/v2\/product\/40677","targetHints":{"allow":["GET"]}}],"collection":[{"href":"https:\/\/race4driftparts.com\/fr\/wp-json\/wp\/v2\/product"}],"about":[{"href":"https:\/\/race4driftparts.com\/fr\/wp-json\/wp\/v2\/types\/product"}],"replies":[{"embeddable":true,"href":"https:\/\/race4driftparts.com\/fr\/wp-json\/wp\/v2\/comments?post=40677"}],"version-history":[{"count":0,"href":"https:\/\/race4driftparts.com\/fr\/wp-json\/wp\/v2\/product\/40677\/revisions"}],"wp:featuredmedia":[{"embeddable":true,"href":"https:\/\/race4driftparts.com\/fr\/wp-json\/wp\/v2\/media\/40678"}],"wp:attachment":[{"href":"https:\/\/race4driftparts.com\/fr\/wp-json\/wp\/v2\/media?parent=40677"}],"wp:term":[{"taxonomy":"product_brand","embeddable":true,"href":"https:\/\/race4driftparts.com\/fr\/wp-json\/wp\/v2\/product_brand?post=40677"},{"taxonomy":"product_cat","embeddable":true,"href":"https:\/\/race4driftparts.com\/fr\/wp-json\/wp\/v2\/product_cat?post=40677"},{"taxonomy":"product_tag","embeddable":true,"href":"https:\/\/race4driftparts.com\/fr\/wp-json\/wp\/v2\/product_tag?post=40677"},{"taxonomy":"giftcard-category","embeddable":true,"href":"https:\/\/race4driftparts.com\/fr\/wp-json\/wp\/v2\/giftcard-category?post=40677"}],"curies":[{"name":"wp","href":"https:\/\/api.w.org\/{rel}","templated":true}]}}