{"id":40783,"date":"2025-05-31T10:40:46","date_gmt":"2025-05-31T08:40:46","guid":{"rendered":"https:\/\/race4driftparts.com\/?post_type=product&#038;p=40783"},"modified":"2025-05-31T23:49:20","modified_gmt":"2025-05-31T21:49:20","slug":"momo-driftig-stuurwiel","status":"publish","type":"product","link":"https:\/\/race4driftparts.com\/fr\/shop\/interieur\/sturen-sport-sturen\/volant-momo-drift\/","title":{"rendered":"VOLANT MOMO DRIFTING"},"content":{"rendered":"<p><strong>MOMO Volant Drifting en daim<\/p>\n<p><\/strong>Volant con\u00e7u pour les voitures de course.<br \/>Le volant est en daim noir et poss\u00e8de des branches en aluminium noir avec un logo MOMO jaune.<br \/>Tous les volants de course MOMO sont fabriqu\u00e9s en Italie avec des mat\u00e9riaux de la plus haute qualit\u00e9.<br \/>La doublure en daim est coll\u00e9e au bord plut\u00f4t que cousue pour une finition sans couture, pour plus de confort et de durabilit\u00e9.<\/p>\n<p>- Mati\u00e8re : daim<br \/>- Diam\u00e8tre : 330 mm<br \/>- D\u00e9calage : 30 mm<br \/>- Bord : 30 mm<br \/>- Bouton d'avertisseur sonore inclus<br \/>- Con\u00e7u pour la d\u00e9rive<br \/>- Poids : 1200 g<\/p>","protected":false},"excerpt":{"rendered":"<p><strong>MOMO Volant Drifting en daim<\/p>\n<p><\/strong>Volant con\u00e7u pour les voitures de course.<br \/>Le volant est en daim noir et poss\u00e8de des branches en aluminium noir avec un logo MOMO jaune.<br \/>Tous les volants de course MOMO sont fabriqu\u00e9s en Italie avec des mat\u00e9riaux de la plus haute qualit\u00e9.<br \/>La doublure en daim est coll\u00e9e au bord plut\u00f4t que cousue, pour une finition sans couture, un plus grand confort et une plus grande durabilit\u00e9.<\/p>\n<p>- Mati\u00e8re : daim<br \/>- Diam\u00e8tre : 330 mm<br \/>- D\u00e9calage : 30 mm<br \/>- Bord : 30 mm<br \/>- Bouton de corne inclus dans l'emballage<br \/>- Con\u00e7u pour d\u00e9river<br \/>- Poids : 1200 g<\/p>","protected":false},"featured_media":40784,"comment_status":"open","ping_status":"closed","template":"","meta":{"_acf_changed":false},"product_brand":[3786],"product_cat":[130,89],"product_tag":[3770,3771,135,134],"giftcard-category":[],"class_list":{"0":"post-40783","1":"product","2":"type-product","3":"status-publish","4":"has-post-thumbnail","6":"product_brand-momo","7":"product_cat-sturen-sport-sturen","8":"product_cat-interieur","9":"product_tag-racestuur","10":"product_tag-rallystuur","11":"product_tag-sport-stuur","12":"product_tag-sportstuur","15":"onbackorder","16":"taxable","17":"shipping-taxable","18":"purchasable","19":"product-type-simple","20":"product-grid-view"},"exclude_global_add_ons":[],"addons":[],"acf":[],"_links":{"self":[{"href":"https:\/\/race4driftparts.com\/fr\/wp-json\/wp\/v2\/product\/40783","targetHints":{"allow":["GET"]}}],"collection":[{"href":"https:\/\/race4driftparts.com\/fr\/wp-json\/wp\/v2\/product"}],"about":[{"href":"https:\/\/race4driftparts.com\/fr\/wp-json\/wp\/v2\/types\/product"}],"replies":[{"embeddable":true,"href":"https:\/\/race4driftparts.com\/fr\/wp-json\/wp\/v2\/comments?post=40783"}],"version-history":[{"count":0,"href":"https:\/\/race4driftparts.com\/fr\/wp-json\/wp\/v2\/product\/40783\/revisions"}],"wp:featuredmedia":[{"embeddable":true,"href":"https:\/\/race4driftparts.com\/fr\/wp-json\/wp\/v2\/media\/40784"}],"wp:attachment":[{"href":"https:\/\/race4driftparts.com\/fr\/wp-json\/wp\/v2\/media?parent=40783"}],"wp:term":[{"taxonomy":"product_brand","embeddable":true,"href":"https:\/\/race4driftparts.com\/fr\/wp-json\/wp\/v2\/product_brand?post=40783"},{"taxonomy":"product_cat","embeddable":true,"href":"https:\/\/race4driftparts.com\/fr\/wp-json\/wp\/v2\/product_cat?post=40783"},{"taxonomy":"product_tag","embeddable":true,"href":"https:\/\/race4driftparts.com\/fr\/wp-json\/wp\/v2\/product_tag?post=40783"},{"taxonomy":"giftcard-category","embeddable":true,"href":"https:\/\/race4driftparts.com\/fr\/wp-json\/wp\/v2\/giftcard-category?post=40783"}],"curies":[{"name":"wp","href":"https:\/\/api.w.org\/{rel}","templated":true}]}}