{"id":40887,"date":"2025-05-31T10:40:28","date_gmt":"2025-05-31T08:40:28","guid":{"rendered":"https:\/\/race4driftparts.com\/?post_type=product&#038;p=40887"},"modified":"2025-05-31T23:02:06","modified_gmt":"2025-05-31T21:02:06","slug":"omp-corsica-ov-superleggero-stuur","status":"publish","type":"product","link":"https:\/\/race4driftparts.com\/fr\/shop\/interieur\/sturen-sport-sturen\/omp-corsica-ov-superleggero-guidon\/","title":{"rendered":"OMP CORSICA OV SUPERLEGGERO GUIDON"},"content":{"rendered":"<p><strong>Guidon OMP CORSICA OV SUPERLEGGERO<\/p>\n<p><\/strong>Fabriqu\u00e9 en aluminium 100% pour r\u00e9duire le poids de 40% par rapport au mod\u00e8le de base CORSICA.<br \/>Piq\u00fbres noires.<\/p>\n<p>Mat\u00e9riau : <strong>daim<\/strong><br \/>Diam\u00e8tre : <strong>350<br \/><\/strong>Nombre de bras : <strong>3<\/strong><br \/>D\u00e9calage : <strong>95 mm<br \/><\/strong>Bouvillon :<strong>19 x 39 mm<\/p>\n<p><\/strong>Tous les guidons OMP sont fabriqu\u00e9s \u00e0 partir des meilleurs mat\u00e9riaux disponibles et notre contr\u00f4le de qualit\u00e9 garantit une finition de la plus haute qualit\u00e9.<br \/>Les volants OMP sont utilis\u00e9s par des champions de course et de rallye, d'hier \u00e0 aujourd'hui, dans le monde entier.<br \/>Les bras de direction en aluminium offrent une grande s\u00e9curit\u00e9 d'utilisation et un niveau d'esth\u00e9tique \u00e9lev\u00e9.<br \/>Corne OMP incluse.<\/p>\n<p><strong>Fabriqu\u00e9 en Italie<\/strong><\/p>","protected":false},"excerpt":{"rendered":"<p><strong>Guidon OMP CORSICA OV SUPERLEGGERO<\/p>\n<p><\/strong>Fabriqu\u00e9 en aluminium 100%, ce qui r\u00e9duit le poids de 40% par rapport au mod\u00e8le de base CORSICA.<br \/>Piq\u00fbres noires.<\/p>\n<p>Mat\u00e9riau : <strong>daim<\/strong><br \/>Diam\u00e8tre : <strong>350<br \/><\/strong>Nombre de bras : <strong>3<\/strong><br \/>D\u00e9calage : <strong>95 mm<br \/><\/strong>Bouvillon :<strong>19 x 39 mm<\/p>\n<p><\/strong>Tous les guidons OMP sont fabriqu\u00e9s \u00e0 partir de mat\u00e9riaux de la plus haute qualit\u00e9 possible et notre contr\u00f4le qualit\u00e9 garantit une finition de la plus haute qualit\u00e9.<br \/>Les volants OMP sont utilis\u00e9s par les champions de course et de rallye d'hier et d'aujourd'hui dans le monde entier.<br \/>Les bras de direction en aluminium offrent une grande s\u00e9curit\u00e9 d'utilisation et un niveau d'esth\u00e9tique \u00e9lev\u00e9.<br \/>Claxon OMP inclus.<\/p>\n<p><strong>Fabriqu\u00e9 en Italie<\/strong><\/p>","protected":false},"featured_media":40891,"comment_status":"open","ping_status":"closed","template":"","meta":{"_acf_changed":false},"product_brand":[3510],"product_cat":[130,89],"product_tag":[3770,3771,135,134],"giftcard-category":[],"class_list":{"0":"post-40887","1":"product","2":"type-product","3":"status-publish","4":"has-post-thumbnail","6":"product_brand-omp","7":"product_cat-sturen-sport-sturen","8":"product_cat-interieur","9":"product_tag-racestuur","10":"product_tag-rallystuur","11":"product_tag-sport-stuur","12":"product_tag-sportstuur","15":"onbackorder","16":"taxable","17":"shipping-taxable","18":"purchasable","19":"product-type-simple","20":"product-grid-view"},"exclude_global_add_ons":[],"addons":[],"acf":[],"_links":{"self":[{"href":"https:\/\/race4driftparts.com\/fr\/wp-json\/wp\/v2\/product\/40887","targetHints":{"allow":["GET"]}}],"collection":[{"href":"https:\/\/race4driftparts.com\/fr\/wp-json\/wp\/v2\/product"}],"about":[{"href":"https:\/\/race4driftparts.com\/fr\/wp-json\/wp\/v2\/types\/product"}],"replies":[{"embeddable":true,"href":"https:\/\/race4driftparts.com\/fr\/wp-json\/wp\/v2\/comments?post=40887"}],"version-history":[{"count":0,"href":"https:\/\/race4driftparts.com\/fr\/wp-json\/wp\/v2\/product\/40887\/revisions"}],"wp:featuredmedia":[{"embeddable":true,"href":"https:\/\/race4driftparts.com\/fr\/wp-json\/wp\/v2\/media\/40891"}],"wp:attachment":[{"href":"https:\/\/race4driftparts.com\/fr\/wp-json\/wp\/v2\/media?parent=40887"}],"wp:term":[{"taxonomy":"product_brand","embeddable":true,"href":"https:\/\/race4driftparts.com\/fr\/wp-json\/wp\/v2\/product_brand?post=40887"},{"taxonomy":"product_cat","embeddable":true,"href":"https:\/\/race4driftparts.com\/fr\/wp-json\/wp\/v2\/product_cat?post=40887"},{"taxonomy":"product_tag","embeddable":true,"href":"https:\/\/race4driftparts.com\/fr\/wp-json\/wp\/v2\/product_tag?post=40887"},{"taxonomy":"giftcard-category","embeddable":true,"href":"https:\/\/race4driftparts.com\/fr\/wp-json\/wp\/v2\/giftcard-category?post=40887"}],"curies":[{"name":"wp","href":"https:\/\/api.w.org\/{rel}","templated":true}]}}