{"id":40966,"date":"2025-05-31T10:37:46","date_gmt":"2025-05-31T08:37:46","guid":{"rendered":"https:\/\/race4driftparts.com\/?post_type=product&#038;p=40966"},"modified":"2025-05-31T23:23:32","modified_gmt":"2025-05-31T21:23:32","slug":"seat-omp-trs-e-xl","status":"publish","type":"product","link":"https:\/\/race4driftparts.com\/fr\/shop\/interieur\/kuip-stoelen\/seat-omp-trs-e-xl\/","title":{"rendered":"OMP TRS-E XL BUCKET SEAT"},"content":{"rendered":"<p><strong>Si\u00e8ge OMP TRS-E XL<\/p>\n<p><\/strong>Homologation :<strong> FIA 8855-1999<\/p>\n<p><\/strong>Le mod\u00e8le de base Seata avec homologation FIA propos\u00e9 par la soci\u00e9t\u00e9 italienne OMP.<br \/>Une offre int\u00e9ressante pour ceux qui ont un budget serr\u00e9.<br \/>Construction tubulaire.<br \/>Avec rev\u00eatement en velours et coussin de cuisse amovible.<br \/>La chaise est compatible avec le syst\u00e8me HANS.<\/p>\n<p>Poids : <strong>12,3 kg<\/strong><\/p>\n<p><img decoding=\"async\" style=\"display: block; margin-left: auto; margin-right: auto;\" src=\"\/data\/include\/cms\/Seate-Sparco-2017\/Wymiary_seati.jpg\" border=\"0\" alt=\" largeur=\" title=\"\"><\/p>\n<p><strong>Taille : XL<\/strong><\/p>\n<p><strong>A=62,5 cm \/ B=68 cm \/ C=54 cm \/ D=95 cm \/ E=45 cm \/ F=41,5 cm \/ G=52 cm<\/strong><\/p>","protected":false},"excerpt":{"rendered":"<p><strong>Si\u00e8ge OMP TRS-E XL<\/p>\n<p><\/strong>Homologation :<strong> FIA 8855-1999<\/p>\n<p><\/strong>Le mod\u00e8le de base Seata avec homologation FIA propos\u00e9 par la soci\u00e9t\u00e9 italienne OMP.<br \/>Une offre int\u00e9ressante pour ceux qui ont un budget serr\u00e9.<br \/>Construction tubulaire.<br \/>Doublure en velours et coussin de cuisse amovible.<br \/>La chaise est compatible avec le syst\u00e8me HANS.<\/p>\n<p>Poids : <strong>12,3 kg<\/strong><\/p>","protected":false},"featured_media":40967,"comment_status":"open","ping_status":"closed","template":"","meta":{"_acf_changed":false},"product_brand":[3510],"product_cat":[144,89],"product_tag":[3773,3772,3774,3775],"giftcard-category":[],"class_list":{"0":"post-40966","1":"product","2":"type-product","3":"status-publish","4":"has-post-thumbnail","6":"product_brand-omp","7":"product_cat-kuip-stoelen","8":"product_cat-interieur","9":"product_tag-kuipstoel","10":"product_tag-race-stoel","11":"product_tag-rally-stoel","12":"product_tag-sportstoel","15":"onbackorder","16":"taxable","17":"shipping-taxable","18":"purchasable","19":"product-type-simple","20":"product-grid-view"},"exclude_global_add_ons":[],"addons":[],"acf":[],"_links":{"self":[{"href":"https:\/\/race4driftparts.com\/fr\/wp-json\/wp\/v2\/product\/40966","targetHints":{"allow":["GET"]}}],"collection":[{"href":"https:\/\/race4driftparts.com\/fr\/wp-json\/wp\/v2\/product"}],"about":[{"href":"https:\/\/race4driftparts.com\/fr\/wp-json\/wp\/v2\/types\/product"}],"replies":[{"embeddable":true,"href":"https:\/\/race4driftparts.com\/fr\/wp-json\/wp\/v2\/comments?post=40966"}],"version-history":[{"count":0,"href":"https:\/\/race4driftparts.com\/fr\/wp-json\/wp\/v2\/product\/40966\/revisions"}],"wp:featuredmedia":[{"embeddable":true,"href":"https:\/\/race4driftparts.com\/fr\/wp-json\/wp\/v2\/media\/40967"}],"wp:attachment":[{"href":"https:\/\/race4driftparts.com\/fr\/wp-json\/wp\/v2\/media?parent=40966"}],"wp:term":[{"taxonomy":"product_brand","embeddable":true,"href":"https:\/\/race4driftparts.com\/fr\/wp-json\/wp\/v2\/product_brand?post=40966"},{"taxonomy":"product_cat","embeddable":true,"href":"https:\/\/race4driftparts.com\/fr\/wp-json\/wp\/v2\/product_cat?post=40966"},{"taxonomy":"product_tag","embeddable":true,"href":"https:\/\/race4driftparts.com\/fr\/wp-json\/wp\/v2\/product_tag?post=40966"},{"taxonomy":"giftcard-category","embeddable":true,"href":"https:\/\/race4driftparts.com\/fr\/wp-json\/wp\/v2\/giftcard-category?post=40966"}],"curies":[{"name":"wp","href":"https:\/\/api.w.org\/{rel}","templated":true}]}}