{"id":41249,"date":"2025-05-31T10:37:16","date_gmt":"2025-05-31T08:37:16","guid":{"rendered":"https:\/\/race4driftparts.com\/?post_type=product&#038;p=41249"},"modified":"2025-12-02T22:04:34","modified_gmt":"2025-12-02T21:04:34","slug":"seat-sable-gt3","status":"publish","type":"product","link":"https:\/\/race4driftparts.com\/fr\/shop\/interieur\/kuip-stoelen\/siege-sable-gt3\/","title":{"rendered":"SABELT GT3 BUCKET SEAT"},"content":{"rendered":"<h1>SABELT GT3 BUCKET SEAT<\/h1>\n<p data-start=\"730\" data-end=\"809\"><strong data-start=\"730\" data-end=\"809\">Si\u00e8ge baquet Sabelt GT-3 - Pour une s\u00e9curit\u00e9 et un confort sans compromis<\/strong><\/p>\n<p data-start=\"811\" data-end=\"1055\">Passez \u00e0 la vitesse sup\u00e9rieure avec le si\u00e8ge baquet Sabelt GT-3. Con\u00e7u avec l'aide des meilleures \u00e9quipes de sport automobile, ce si\u00e8ge de course professionnel est approuv\u00e9 par la FIA 8855-1999 - pr\u00eat pour l'utilisation sur circuit et le sport automobile de comp\u00e9tition.<\/p>\n<p data-start=\"1057\" data-end=\"1375\">Compos\u00e9 d'une coque l\u00e9g\u00e8re en composite de fibre de verre et \u00e9quip\u00e9 d'un rembourrage respirant et r\u00e9sistant \u00e0 l'abrasion, le GT-3 offre un soutien optimal lors des sorties intenses. Le si\u00e8ge est compatible avec les ceintures \u00e0 4, 5 et 6 points d'ancrage et peut \u00eatre utilis\u00e9 avec les syst\u00e8mes HANS, ce qui vous garantit une s\u00e9curit\u00e9 maximale \u00e0 chaque s\u00e9ance.<\/p>\n<p data-start=\"1377\" data-end=\"1573\">La conception ergonomique assure un soutien lat\u00e9ral parfait, tandis que l'assise g\u00e9n\u00e9reuse et le dossier haut garantissent un confort durable, m\u00eame pendant les longs trajets sur la piste.<\/p>\n<p data-start=\"1575\" data-end=\"1603\"><strong data-start=\"1575\" data-end=\"1603\">Caract\u00e9ristiques principales :<\/strong><\/p>\n<ul data-start=\"1604\" data-end=\"1897\">\n<li data-start=\"1604\" data-end=\"1649\">\n<p data-start=\"1606\" data-end=\"1649\">\u2705 Homologu\u00e9 FIA 8855-1999 (valable 5 ans)<\/p>\n<\/li>\n<li data-start=\"1650\" data-end=\"1683\">\n<p data-start=\"1652\" data-end=\"1683\">\u2705 Coque l\u00e9g\u00e8re en fibre de verre<\/p>\n<\/li>\n<li data-start=\"1684\" data-end=\"1737\">\n<p data-start=\"1686\" data-end=\"1737\">\u2705 Equip\u00e9 d'un montage lat\u00e9ral (side-mount)<\/p>\n<\/li>\n<li data-start=\"1738\" data-end=\"1784\">\n<p data-start=\"1740\" data-end=\"1784\">Compatible avec les ceintures HANS et les ceintures 4\/5\/6 points<\/p>\n<\/li>\n<li data-start=\"1785\" data-end=\"1840\">\n<p data-start=\"1787\" data-end=\"1840\">\u2705 Forme ergonomique pour un soutien et un confort maximums<\/p>\n<\/li>\n<li data-start=\"1841\" data-end=\"1897\">\n<p data-start=\"1843\" data-end=\"1897\">\u2705 Disponible en plusieurs tailles pour un ajustement parfait<\/p>\n<\/li>\n<\/ul>\n<p data-start=\"1899\" data-end=\"1981\"><strong data-start=\"1899\" data-end=\"1914\">Application :<\/strong> Trackdays, rallye, course sur circuit, time attack, simulateurs (haut de gamme)<\/p>\n<p data-start=\"1983\" data-end=\"2101\">Investissez dans la qualit\u00e9 et la fiabilit\u00e9 avec le Sabelt GT-3 - un choix aussi professionnel que votre conduite.<\/p>\n<p>&nbsp;<\/p>","protected":false},"excerpt":{"rendered":"<p><strong>Ceinture de s\u00e9curit\u00e9 GT3<\/strong><\/p>\n<p>Homologation :<strong>FIA <\/strong> 8855-1999<strong><br \/>\n<\/strong><br \/>\nLe si\u00e8ge Sabelt GT3 est le si\u00e8ge le plus vendu avec une coque en fibre de verre, con\u00e7u dans un souci de confort. La coque est 15% plus l\u00e9g\u00e8re gr\u00e2ce \u00e0 un laminage innovant et l\u00e9ger. Un nouveau coussin de jambe s\u00e9par\u00e9 a \u00e9t\u00e9 d\u00e9velopp\u00e9 pour une conduite plus confortable.<\/p>\n<p>- Construction en fibre de verre<br \/>\n- Tissu \u00e0 haute r\u00e9sistance \u00e0 l'abrasion<br \/>\n- Convient pour un montage lat\u00e9ral<br \/>\n- Compatible avec le syst\u00e8me HANS<br \/>\n- \u00c9quip\u00e9 de 5 fentes de ceinture<br \/>\n- Poids : 9,8 kg<\/p>\n<p>&nbsp;<\/p>","protected":false},"featured_media":41255,"comment_status":"open","ping_status":"closed","template":"","meta":{"_acf_changed":false},"product_brand":[3788],"product_cat":[144,89],"product_tag":[3773,3772,3774,3775],"giftcard-category":[],"class_list":{"0":"post-41249","1":"product","2":"type-product","3":"status-publish","4":"has-post-thumbnail","6":"product_brand-sabelt","7":"product_cat-kuip-stoelen","8":"product_cat-interieur","9":"product_tag-kuipstoel","10":"product_tag-race-stoel","11":"product_tag-rally-stoel","12":"product_tag-sportstoel","15":"onbackorder","16":"taxable","17":"shipping-taxable","18":"purchasable","19":"product-type-simple","20":"product-grid-view"},"exclude_global_add_ons":[],"addons":[],"acf":[],"_links":{"self":[{"href":"https:\/\/race4driftparts.com\/fr\/wp-json\/wp\/v2\/product\/41249","targetHints":{"allow":["GET"]}}],"collection":[{"href":"https:\/\/race4driftparts.com\/fr\/wp-json\/wp\/v2\/product"}],"about":[{"href":"https:\/\/race4driftparts.com\/fr\/wp-json\/wp\/v2\/types\/product"}],"replies":[{"embeddable":true,"href":"https:\/\/race4driftparts.com\/fr\/wp-json\/wp\/v2\/comments?post=41249"}],"version-history":[{"count":0,"href":"https:\/\/race4driftparts.com\/fr\/wp-json\/wp\/v2\/product\/41249\/revisions"}],"wp:featuredmedia":[{"embeddable":true,"href":"https:\/\/race4driftparts.com\/fr\/wp-json\/wp\/v2\/media\/41255"}],"wp:attachment":[{"href":"https:\/\/race4driftparts.com\/fr\/wp-json\/wp\/v2\/media?parent=41249"}],"wp:term":[{"taxonomy":"product_brand","embeddable":true,"href":"https:\/\/race4driftparts.com\/fr\/wp-json\/wp\/v2\/product_brand?post=41249"},{"taxonomy":"product_cat","embeddable":true,"href":"https:\/\/race4driftparts.com\/fr\/wp-json\/wp\/v2\/product_cat?post=41249"},{"taxonomy":"product_tag","embeddable":true,"href":"https:\/\/race4driftparts.com\/fr\/wp-json\/wp\/v2\/product_tag?post=41249"},{"taxonomy":"giftcard-category","embeddable":true,"href":"https:\/\/race4driftparts.com\/fr\/wp-json\/wp\/v2\/giftcard-category?post=41249"}],"curies":[{"name":"wp","href":"https:\/\/api.w.org\/{rel}","templated":true}]}}