{"id":41273,"date":"2025-05-31T10:37:21","date_gmt":"2025-05-31T08:37:21","guid":{"rendered":"https:\/\/race4driftparts.com\/?post_type=product&#038;p=41273"},"modified":"2025-05-31T21:40:16","modified_gmt":"2025-05-31T19:40:16","slug":"stoel-sparco-circuit-qrt","status":"publish","type":"product","link":"https:\/\/race4driftparts.com\/fr\/shop\/interieur\/kuip-stoelen\/chaise-de-circuit-sparco-qrt\/","title":{"rendered":"SPARCO CIRCUIT QRT BUCKET SEAT"},"content":{"rendered":"<p><strong>Si\u00e8ge Sparco Circuit QRT<\/p>\n<p><\/strong>Homologation :<strong> FIA 8855-1999<\/p>\n<p><\/strong>Fabriqu\u00e9 en fibre de verre avec la nouvelle technologie QRT, pour une construction solide et tr\u00e8s l\u00e9g\u00e8re.<br \/>Le Circuit QRT est une version plus r\u00e9cente et plus l\u00e9g\u00e8re du Seata Rally Circuit.<br \/>La chaise est dot\u00e9e de supports lat\u00e9raux plus hauts pour une meilleure prise en main.<br \/>Protection sur\u00e9lev\u00e9e de la t\u00eate et des \u00e9paules.<br \/>Compatible avec les HANS.<br \/>Le circuit de si\u00e8ge est disponible en deux tailles : QRT et QRT II.<br \/>Poids : <strong>8,6 kg<\/strong> <strong><\/p>\n<p><\/strong><\/p>\n<p><img decoding=\"async\" src=\"\/data\/include\/cms\/rozmiary\/Sparco\/2020\/sparco-circuit-wymiary.jpg\" border=\"0\" alt=\" largeur=\" title=\"\"><\/p>","protected":false},"excerpt":{"rendered":"<p><strong>Si\u00e8ge Sparco Circuit QRT<\/p>\n<p><\/strong>Homologation :<strong> FIA 8855-1999<\/p>\n<p><\/strong>Fabriqu\u00e9 en fibre de verre avec la nouvelle technologie QRT, pour une structure solide et tr\u00e8s l\u00e9g\u00e8re.<br \/>Le Circuit QRT est une version plus r\u00e9cente et plus l\u00e9g\u00e8re du Seata Rally Circuit.<br \/>La chaise est dot\u00e9e de supports lat\u00e9raux plus hauts pour une meilleure prise en main.<br \/>Protection am\u00e9lior\u00e9e de la t\u00eate et des \u00e9paules.<br \/>Compatible avec les HANS.<br \/>Le circuit de si\u00e8ge est disponible en deux tailles, QRT et QRT II.<br \/>Poids : <strong>8,6 kg<\/strong> <strong><\/p>\n<p><\/strong><\/p>","protected":false},"featured_media":41281,"comment_status":"open","ping_status":"closed","template":"","meta":{"_acf_changed":false},"product_brand":[3780],"product_cat":[144,89],"product_tag":[3773,3772,3774,3775],"giftcard-category":[],"class_list":{"0":"post-41273","1":"product","2":"type-product","3":"status-publish","4":"has-post-thumbnail","6":"product_brand-sparco","7":"product_cat-kuip-stoelen","8":"product_cat-interieur","9":"product_tag-kuipstoel","10":"product_tag-race-stoel","11":"product_tag-rally-stoel","12":"product_tag-sportstoel","15":"onbackorder","16":"taxable","17":"shipping-taxable","18":"purchasable","19":"product-type-simple","20":"product-grid-view"},"exclude_global_add_ons":[],"addons":[],"acf":[],"_links":{"self":[{"href":"https:\/\/race4driftparts.com\/fr\/wp-json\/wp\/v2\/product\/41273","targetHints":{"allow":["GET"]}}],"collection":[{"href":"https:\/\/race4driftparts.com\/fr\/wp-json\/wp\/v2\/product"}],"about":[{"href":"https:\/\/race4driftparts.com\/fr\/wp-json\/wp\/v2\/types\/product"}],"replies":[{"embeddable":true,"href":"https:\/\/race4driftparts.com\/fr\/wp-json\/wp\/v2\/comments?post=41273"}],"version-history":[{"count":0,"href":"https:\/\/race4driftparts.com\/fr\/wp-json\/wp\/v2\/product\/41273\/revisions"}],"wp:featuredmedia":[{"embeddable":true,"href":"https:\/\/race4driftparts.com\/fr\/wp-json\/wp\/v2\/media\/41281"}],"wp:attachment":[{"href":"https:\/\/race4driftparts.com\/fr\/wp-json\/wp\/v2\/media?parent=41273"}],"wp:term":[{"taxonomy":"product_brand","embeddable":true,"href":"https:\/\/race4driftparts.com\/fr\/wp-json\/wp\/v2\/product_brand?post=41273"},{"taxonomy":"product_cat","embeddable":true,"href":"https:\/\/race4driftparts.com\/fr\/wp-json\/wp\/v2\/product_cat?post=41273"},{"taxonomy":"product_tag","embeddable":true,"href":"https:\/\/race4driftparts.com\/fr\/wp-json\/wp\/v2\/product_tag?post=41273"},{"taxonomy":"giftcard-category","embeddable":true,"href":"https:\/\/race4driftparts.com\/fr\/wp-json\/wp\/v2\/giftcard-category?post=41273"}],"curies":[{"name":"wp","href":"https:\/\/api.w.org\/{rel}","templated":true}]}}