{"id":41325,"date":"2025-05-31T10:37:09","date_gmt":"2025-05-31T08:37:09","guid":{"rendered":"https:\/\/race4driftparts.com\/?post_type=product&#038;p=41325"},"modified":"2025-05-31T21:40:40","modified_gmt":"2025-05-31T19:40:40","slug":"stoel-sparco-evo-sky-qrt","status":"publish","type":"product","link":"https:\/\/race4driftparts.com\/fr\/shop\/interieur\/kuip-stoelen\/chaise-sparco-evo-sky-qrt\/","title":{"rendered":"SPARCO EVO SKY QRT BUCKET SEAT"},"content":{"rendered":"<p><strong>Si\u00e8ge Sparco EVO Sky QRT<\/p>\n<p><\/strong>Homologation : <strong>FIA <\/strong> 8855-1999<\/p>\n<p>Fabriqu\u00e9 en fibre de verre pour une construction solide et l\u00e9g\u00e8re.<br \/>Le si\u00e8ge est dot\u00e9 de supports lat\u00e9raux plus hauts pour une meilleure prise en main.<br \/>Il dispose d'une ouverture suppl\u00e9mentaire pour une sangle d'entrejambe, ce qui permet de l'utiliser avec des ceintures \u00e0 3, 4, 5 ou 6 points.<\/p>\n<p>Rembourr\u00e9 en tissu Sky<br \/>Construction en fibre de verre.<br \/>Fixation lat\u00e9rale.<br \/>Poids : 7,3 kg<\/p>\n<p><img decoding=\"async\" src=\"\/data\/include\/cms\/rozmiary\/Sparco\/2020\/sparco-evo-sky-wymiary.jpg\" border=\"0\" alt=\" largeur=\" title=\"\"><\/p>","protected":false},"excerpt":{"rendered":"<p><strong>Si\u00e8ge Sparco EVO Sky QRT<\/p>\n<p><\/strong>Homologation : <strong>FIA <\/strong> 8855-1999<\/p>\n<p>Fabriqu\u00e9 en fibre de verre pour une construction solide et l\u00e9g\u00e8re.<br \/>La chaise est dot\u00e9e de supports lat\u00e9raux plus hauts pour une meilleure prise en main.<br \/>Il y a une ouverture suppl\u00e9mentaire pour une sangle d'entrejambe, ce qui permet de l'utiliser avec des ceintures \u00e0 3, 4, 5 ou 6 points.<\/p>\n<p>Rembourr\u00e9 en tissu Sky<br \/>Construction en fibre de verre.<br \/>Fixation lat\u00e9rale.<br \/>Poids : 7,3 kg<\/p>","protected":false},"featured_media":41332,"comment_status":"open","ping_status":"closed","template":"","meta":{"_acf_changed":false},"product_brand":[3780],"product_cat":[144,89],"product_tag":[3773,3772,3774,3775],"giftcard-category":[],"class_list":{"0":"post-41325","1":"product","2":"type-product","3":"status-publish","4":"has-post-thumbnail","6":"product_brand-sparco","7":"product_cat-kuip-stoelen","8":"product_cat-interieur","9":"product_tag-kuipstoel","10":"product_tag-race-stoel","11":"product_tag-rally-stoel","12":"product_tag-sportstoel","15":"onbackorder","16":"taxable","17":"shipping-taxable","18":"purchasable","19":"product-type-simple","20":"product-grid-view"},"exclude_global_add_ons":[],"addons":[],"acf":[],"_links":{"self":[{"href":"https:\/\/race4driftparts.com\/fr\/wp-json\/wp\/v2\/product\/41325","targetHints":{"allow":["GET"]}}],"collection":[{"href":"https:\/\/race4driftparts.com\/fr\/wp-json\/wp\/v2\/product"}],"about":[{"href":"https:\/\/race4driftparts.com\/fr\/wp-json\/wp\/v2\/types\/product"}],"replies":[{"embeddable":true,"href":"https:\/\/race4driftparts.com\/fr\/wp-json\/wp\/v2\/comments?post=41325"}],"version-history":[{"count":0,"href":"https:\/\/race4driftparts.com\/fr\/wp-json\/wp\/v2\/product\/41325\/revisions"}],"wp:featuredmedia":[{"embeddable":true,"href":"https:\/\/race4driftparts.com\/fr\/wp-json\/wp\/v2\/media\/41332"}],"wp:attachment":[{"href":"https:\/\/race4driftparts.com\/fr\/wp-json\/wp\/v2\/media?parent=41325"}],"wp:term":[{"taxonomy":"product_brand","embeddable":true,"href":"https:\/\/race4driftparts.com\/fr\/wp-json\/wp\/v2\/product_brand?post=41325"},{"taxonomy":"product_cat","embeddable":true,"href":"https:\/\/race4driftparts.com\/fr\/wp-json\/wp\/v2\/product_cat?post=41325"},{"taxonomy":"product_tag","embeddable":true,"href":"https:\/\/race4driftparts.com\/fr\/wp-json\/wp\/v2\/product_tag?post=41325"},{"taxonomy":"giftcard-category","embeddable":true,"href":"https:\/\/race4driftparts.com\/fr\/wp-json\/wp\/v2\/giftcard-category?post=41325"}],"curies":[{"name":"wp","href":"https:\/\/api.w.org\/{rel}","templated":true}]}}