{"id":41468,"date":"2025-05-31T10:36:55","date_gmt":"2025-05-31T08:36:55","guid":{"rendered":"https:\/\/race4driftparts.com\/?post_type=product&#038;p=41468"},"modified":"2025-05-31T21:58:50","modified_gmt":"2025-05-31T19:58:50","slug":"sparco-matrix-stoel","status":"publish","type":"product","link":"https:\/\/race4driftparts.com\/fr\/shop\/interieur\/kuip-stoelen\/chaise-sparco-matrix\/","title":{"rendered":"SI\u00c8GE BAQUET SPARCO MATRIX"},"content":{"rendered":"<p><strong>Si\u00e8ge de course Sparco Matrix<\/p>\n<p><\/strong><strong>Homologu\u00e9 FIA 8855-2021 (homologation valable 10 ans - uniquement avec les fixations lat\u00e9rales 004926)<\/p>\n<p><\/strong>Le si\u00e8ge de course Matrix de Sparco a \u00e9t\u00e9 d\u00e9velopp\u00e9 conform\u00e9ment \u00e0 la derni\u00e8re homologation FIA 8855-2021, ce qui signifie qu'il est super solide, s\u00fbr et qu'il peut r\u00e9sister \u00e0 des impacts lat\u00e9raux allant jusqu'\u00e0 42g. Les appuis-t\u00eate ferm\u00e9s offrent une meilleure protection contre les chocs lat\u00e9raux, mais permettent \u00e9galement au si\u00e8ge Matrix de s'adapter aux espaces restreints, tels que les cockpits des voitures GT.<\/p>\n<p>- Coque super solide pouvant r\u00e9sister \u00e0 des chocs lat\u00e9raux allant jusqu'\u00e0 42 g<br \/>- Technologie unique de production de matrices en nid d'abeille<br \/>- Appui-t\u00eate ferm\u00e9 pour une meilleure protection et permettant de placer le si\u00e8ge dans des cockpits plus petits<br \/>- La base profonde et les supports lat\u00e9raux \u00e9lev\u00e9s prot\u00e8gent vos jambes des chocs et offrent un excellent soutien lat\u00e9ral.<br \/>- Poids : 14 kg<\/p>\n<p><img decoding=\"async\" src=\"\/data\/include\/cms\/rozmiary\/Sparco\/2023\/sparco-matrix-wymiary.jpg\" border=\"0\" alt=\" largeur=\" title=\"\"><\/p>","protected":false},"excerpt":{"rendered":"<p><strong>Si\u00e8ge de course Sparco Matrix<\/p>\n<p><\/strong><strong>Homologu\u00e9 FIA 8855-2021 (homologation valable 10 ans - uniquement avec les fixations lat\u00e9rales 004926)<\/p>\n<p><\/strong>Le si\u00e8ge de course Matrix de Sparco a \u00e9t\u00e9 d\u00e9velopp\u00e9 conform\u00e9ment \u00e0 la nouvelle homologation FIA 8855-2021, ce qui signifie qu'il est tr\u00e8s solide et s\u00fbr et qu'il peut r\u00e9sister \u00e0 des chocs lat\u00e9raux allant jusqu'\u00e0 42g. Les appuis-t\u00eate ferm\u00e9s offrent une meilleure protection contre les collisions lat\u00e9rales, mais garantissent \u00e9galement que le si\u00e8ge Matrix peut \u00eatre utilis\u00e9 dans des espaces restreints, tels que les cockpits des voitures GT.<\/p>\n<p>- Coque super solide pouvant r\u00e9sister \u00e0 des conflits lat\u00e9raux allant jusqu'\u00e0 42 g<br \/>- Technologie unique de production de matrices en nid d'abeille<br \/>- Appui-t\u00eate ferm\u00e9 pour une meilleure protection et une meilleure assise dans les petits cockpits.<br \/>- Une base profonde et des supports lat\u00e9raux \u00e9lev\u00e9s prot\u00e8gent vos avantages et offrent un soutien lat\u00e9ral.<br \/>- Poids : 14 kg<\/p>","protected":false},"featured_media":41473,"comment_status":"open","ping_status":"closed","template":"","meta":{"_acf_changed":false},"product_brand":[3780],"product_cat":[144,89],"product_tag":[3773,3772,3774,3775],"giftcard-category":[],"class_list":{"0":"post-41468","1":"product","2":"type-product","3":"status-publish","4":"has-post-thumbnail","6":"product_brand-sparco","7":"product_cat-kuip-stoelen","8":"product_cat-interieur","9":"product_tag-kuipstoel","10":"product_tag-race-stoel","11":"product_tag-rally-stoel","12":"product_tag-sportstoel","15":"onbackorder","16":"taxable","17":"shipping-taxable","18":"purchasable","19":"product-type-simple","20":"product-grid-view"},"exclude_global_add_ons":[],"addons":[],"acf":[],"_links":{"self":[{"href":"https:\/\/race4driftparts.com\/fr\/wp-json\/wp\/v2\/product\/41468","targetHints":{"allow":["GET"]}}],"collection":[{"href":"https:\/\/race4driftparts.com\/fr\/wp-json\/wp\/v2\/product"}],"about":[{"href":"https:\/\/race4driftparts.com\/fr\/wp-json\/wp\/v2\/types\/product"}],"replies":[{"embeddable":true,"href":"https:\/\/race4driftparts.com\/fr\/wp-json\/wp\/v2\/comments?post=41468"}],"version-history":[{"count":0,"href":"https:\/\/race4driftparts.com\/fr\/wp-json\/wp\/v2\/product\/41468\/revisions"}],"wp:featuredmedia":[{"embeddable":true,"href":"https:\/\/race4driftparts.com\/fr\/wp-json\/wp\/v2\/media\/41473"}],"wp:attachment":[{"href":"https:\/\/race4driftparts.com\/fr\/wp-json\/wp\/v2\/media?parent=41468"}],"wp:term":[{"taxonomy":"product_brand","embeddable":true,"href":"https:\/\/race4driftparts.com\/fr\/wp-json\/wp\/v2\/product_brand?post=41468"},{"taxonomy":"product_cat","embeddable":true,"href":"https:\/\/race4driftparts.com\/fr\/wp-json\/wp\/v2\/product_cat?post=41468"},{"taxonomy":"product_tag","embeddable":true,"href":"https:\/\/race4driftparts.com\/fr\/wp-json\/wp\/v2\/product_tag?post=41468"},{"taxonomy":"giftcard-category","embeddable":true,"href":"https:\/\/race4driftparts.com\/fr\/wp-json\/wp\/v2\/giftcard-category?post=41468"}],"curies":[{"name":"wp","href":"https:\/\/api.w.org\/{rel}","templated":true}]}}