{"id":41545,"date":"2025-05-31T10:36:42","date_gmt":"2025-05-31T08:36:42","guid":{"rendered":"https:\/\/race4driftparts.com\/?post_type=product&#038;p=41545"},"modified":"2025-05-31T21:40:59","modified_gmt":"2025-05-31T19:40:59","slug":"sparco-evo-l-carbon-stoel","status":"publish","type":"product","link":"https:\/\/race4driftparts.com\/fr\/shop\/interieur\/kuip-stoelen\/siege-en-carbone-sparco-evo-l\/","title":{"rendered":"SPARCO EVO L CARBON BUCKET SEAT"},"content":{"rendered":"<p><strong>Sparco EVO L Carbon Seat<\/p>\n<p><\/strong> Homologation : <strong>FIA 8855-1999<\/p>\n<p><\/strong> Tapis de selle en velours avec inserts antid\u00e9rapants.<br \/> La coque en fibre de carbone offre une structure solide et ultra-l\u00e9g\u00e8re.<br \/> La selle est dot\u00e9e de supports lat\u00e9raux plus hauts pour un meilleur soutien.<br \/> Il poss\u00e8de un trou suppl\u00e9mentaire pour la sangle d'entrejambe, ce qui permet de l'utiliser avec des ceintures \u00e0 3, 4, 5 ou 6 points.<br \/> Montage lat\u00e9ral.<br \/> Poids : 5,6 kg<\/p>\n<p><img decoding=\"async\" src=\"\/data\/include\/cms\/rozmiary\/Sparco\/2020\/sparco-evo-l-xl-wymiary.jpg\" border=\"0\" alt=\" largeur=\" title=\"\"><\/p>","protected":false},"excerpt":{"rendered":"<p><strong>Sparco EVO L Carbon Seat<\/p>\n<p><\/strong> Homologation : <strong>FIA 8855-1999<\/p>\n<p><\/strong> Tapis de selle en velours avec inserts antid\u00e9rapants.<br \/> La coque en fibre de carbone offre une structure solide et ultra-l\u00e9g\u00e8re.<br \/> La selle est dot\u00e9e de supports lat\u00e9raux plus hauts pour un meilleur soutien.<br \/> Il poss\u00e8de un trou suppl\u00e9mentaire pour la sangle d'entrejambe, ce qui permet de l'utiliser avec des ceintures \u00e0 3, 4, 5 ou 6 points.<br \/> Montage lat\u00e9ral.<br \/> Poids : 5,6 kg<\/p>","protected":false},"featured_media":41551,"comment_status":"open","ping_status":"closed","template":"","meta":{"_acf_changed":false},"product_brand":[3780],"product_cat":[144,89],"product_tag":[3773,3772,3774,3775],"giftcard-category":[],"class_list":{"0":"post-41545","1":"product","2":"type-product","3":"status-publish","4":"has-post-thumbnail","6":"product_brand-sparco","7":"product_cat-kuip-stoelen","8":"product_cat-interieur","9":"product_tag-kuipstoel","10":"product_tag-race-stoel","11":"product_tag-rally-stoel","12":"product_tag-sportstoel","15":"onbackorder","16":"taxable","17":"shipping-taxable","18":"purchasable","19":"product-type-simple","20":"product-grid-view"},"exclude_global_add_ons":[],"addons":[],"acf":[],"_links":{"self":[{"href":"https:\/\/race4driftparts.com\/fr\/wp-json\/wp\/v2\/product\/41545","targetHints":{"allow":["GET"]}}],"collection":[{"href":"https:\/\/race4driftparts.com\/fr\/wp-json\/wp\/v2\/product"}],"about":[{"href":"https:\/\/race4driftparts.com\/fr\/wp-json\/wp\/v2\/types\/product"}],"replies":[{"embeddable":true,"href":"https:\/\/race4driftparts.com\/fr\/wp-json\/wp\/v2\/comments?post=41545"}],"version-history":[{"count":0,"href":"https:\/\/race4driftparts.com\/fr\/wp-json\/wp\/v2\/product\/41545\/revisions"}],"wp:featuredmedia":[{"embeddable":true,"href":"https:\/\/race4driftparts.com\/fr\/wp-json\/wp\/v2\/media\/41551"}],"wp:attachment":[{"href":"https:\/\/race4driftparts.com\/fr\/wp-json\/wp\/v2\/media?parent=41545"}],"wp:term":[{"taxonomy":"product_brand","embeddable":true,"href":"https:\/\/race4driftparts.com\/fr\/wp-json\/wp\/v2\/product_brand?post=41545"},{"taxonomy":"product_cat","embeddable":true,"href":"https:\/\/race4driftparts.com\/fr\/wp-json\/wp\/v2\/product_cat?post=41545"},{"taxonomy":"product_tag","embeddable":true,"href":"https:\/\/race4driftparts.com\/fr\/wp-json\/wp\/v2\/product_tag?post=41545"},{"taxonomy":"giftcard-category","embeddable":true,"href":"https:\/\/race4driftparts.com\/fr\/wp-json\/wp\/v2\/giftcard-category?post=41545"}],"curies":[{"name":"wp","href":"https:\/\/api.w.org\/{rel}","templated":true}]}}