{"id":41633,"date":"2025-05-31T10:36:34","date_gmt":"2025-05-31T08:36:34","guid":{"rendered":"https:\/\/race4driftparts.com\/?post_type=product&#038;p=41633"},"modified":"2025-05-31T21:55:23","modified_gmt":"2025-05-31T19:55:23","slug":"stoel-sparco-adv-sc","status":"publish","type":"product","link":"https:\/\/race4driftparts.com\/fr\/shop\/interieur\/kuip-stoelen\/chaise-sparco-adv-sc\/","title":{"rendered":"SPARCO ADV SC KUiPSTOOL"},"content":{"rendered":"<p><strong>Si\u00e8ge Sparco ADV SC<\/p>\n<p><\/strong>Approbation : <strong>FIA <\/strong> 8862-2009 <strong>(Agr\u00e9ment valable 10 ans !)<\/strong><strong><\/p>\n<p><\/strong>Il est fabriqu\u00e9 \u00e0 partir d'un mat\u00e9riau innovant, le \u201cSuper Carbon\u201d.<br \/>La fabrication utilise moins de r\u00e9sine que les techniques standard de cuisson en autoclave, gr\u00e2ce au teMU, plus de carbone pur est laiss\u00e9 class=\u201dhps\u201d&gt;dans le rev\u00eatement, ce qui r\u00e9duit encore le poids.<br \/> Le fauteuil est enti\u00e8rement compatible avec le syst\u00e8me HANS, pour une utilisation dans le sport automobile professionnel.<br \/> Poids : 12 kg<\/p>\n<p><strong>Chaise fabriqu\u00e9e sur commande ! Le d\u00e9lai d'attente est d'environ 1 \u00e0 2 mois.<\/strong><\/p>\n<p><img decoding=\"async\" src=\"\/data\/include\/cms\/rozmiary\/Sparco\/2019\/sparco-adv-sc-wymiary.jpg\" border=\"0\" alt=\" largeur=\" title=\"\"><\/p>","protected":false},"excerpt":{"rendered":"<p><strong>Si\u00e8ge Sparco ADV SC<\/p>\n<p><\/strong>Approbation : <strong>FIA <\/strong> 8862-2009 <strong>(Agr\u00e9ment valable 10 ans !)<\/strong><strong><\/p>\n<p><\/strong>Il est fabriqu\u00e9 \u00e0 partir d'un mat\u00e9riau innovant, le \u201cSuper Carbon\u201d.<br \/>La production utilise moins de r\u00e9sine que les techniques standard de cuisson en autoclave, gr\u00e2ce au teMU qui permet d'utiliser plus de carbone pur dans le rev\u00eatement, ce qui r\u00e9duit encore le poids.<br \/> Le fauteuil est enti\u00e8rement compatible avec le syst\u00e8me HANS, pour une utilisation dans le sport automobile professionnel.<br \/>Poids : 12 kg<\/p>\n<p><strong>Chaise fabriqu\u00e9e sur commande ! Le d\u00e9lai d'attente est d'environ 1 \u00e0 2 mois.<\/strong><\/p>","protected":false},"featured_media":41634,"comment_status":"open","ping_status":"closed","template":"","meta":{"_acf_changed":false},"product_brand":[3780],"product_cat":[144,89],"product_tag":[3773,3772,3774,3775],"giftcard-category":[],"class_list":{"0":"post-41633","1":"product","2":"type-product","3":"status-publish","4":"has-post-thumbnail","6":"product_brand-sparco","7":"product_cat-kuip-stoelen","8":"product_cat-interieur","9":"product_tag-kuipstoel","10":"product_tag-race-stoel","11":"product_tag-rally-stoel","12":"product_tag-sportstoel","15":"onbackorder","16":"taxable","17":"shipping-taxable","18":"purchasable","19":"product-type-simple","20":"product-grid-view"},"exclude_global_add_ons":[],"addons":[],"acf":[],"_links":{"self":[{"href":"https:\/\/race4driftparts.com\/fr\/wp-json\/wp\/v2\/product\/41633","targetHints":{"allow":["GET"]}}],"collection":[{"href":"https:\/\/race4driftparts.com\/fr\/wp-json\/wp\/v2\/product"}],"about":[{"href":"https:\/\/race4driftparts.com\/fr\/wp-json\/wp\/v2\/types\/product"}],"replies":[{"embeddable":true,"href":"https:\/\/race4driftparts.com\/fr\/wp-json\/wp\/v2\/comments?post=41633"}],"version-history":[{"count":0,"href":"https:\/\/race4driftparts.com\/fr\/wp-json\/wp\/v2\/product\/41633\/revisions"}],"wp:featuredmedia":[{"embeddable":true,"href":"https:\/\/race4driftparts.com\/fr\/wp-json\/wp\/v2\/media\/41634"}],"wp:attachment":[{"href":"https:\/\/race4driftparts.com\/fr\/wp-json\/wp\/v2\/media?parent=41633"}],"wp:term":[{"taxonomy":"product_brand","embeddable":true,"href":"https:\/\/race4driftparts.com\/fr\/wp-json\/wp\/v2\/product_brand?post=41633"},{"taxonomy":"product_cat","embeddable":true,"href":"https:\/\/race4driftparts.com\/fr\/wp-json\/wp\/v2\/product_cat?post=41633"},{"taxonomy":"product_tag","embeddable":true,"href":"https:\/\/race4driftparts.com\/fr\/wp-json\/wp\/v2\/product_tag?post=41633"},{"taxonomy":"giftcard-category","embeddable":true,"href":"https:\/\/race4driftparts.com\/fr\/wp-json\/wp\/v2\/giftcard-category?post=41633"}],"curies":[{"name":"wp","href":"https:\/\/api.w.org\/{rel}","templated":true}]}}