{"id":41857,"date":"2025-05-31T10:36:03","date_gmt":"2025-05-31T08:36:03","guid":{"rendered":"https:\/\/race4driftparts.com\/?post_type=product&#038;p=41857"},"modified":"2025-05-31T21:40:59","modified_gmt":"2025-05-31T19:40:59","slug":"stoelafstelling-sparco-r333","status":"publish","type":"product","link":"https:\/\/race4driftparts.com\/fr\/shop\/interieur\/kuip-stoelen\/reglage-du-siege-sparco-r333\/","title":{"rendered":"SPARCO R333 Si\u00e8ge baquet"},"content":{"rendered":"<p><strong>R\u00e9glage du si\u00e8ge Sparco R333<\/p>\n<p><\/strong>Si\u00e8ge compact et confortable, adapt\u00e9 \u00e0 la plupart des voitures.<br \/>Le soutien lombaire de la colonne vert\u00e9brale assure un grand confort au conducteur.<br \/>Tr\u00e8s bonne adh\u00e9rence lat\u00e9rale.<br \/>Il dispose d'un syst\u00e8me pr\u00e9cis de r\u00e9glage de l'angle d'inclinaison du dossier.<br \/>Disponible en trois couleurs.<\/p>\n<p><img decoding=\"async\" src=\"https:\/\/inter-rally.pl\/data\/include\/cms\/Seate-Sparco-2017\/Wymiary_seati_tuningowych_sparco.jpg\" border=\"0\" alt=\" largeur=\" title=\"\"><\/p>","protected":false},"excerpt":{"rendered":"<p><strong>R\u00e9glage du si\u00e8ge Sparco R333<\/p>\n<p><\/strong>Si\u00e8ge compact et confortable, adapt\u00e9 \u00e0 la plupart des voitures.<br \/>Le soutien lombaire de la colonne vert\u00e9brale offre un grand confort au conducteur.<br \/>Tr\u00e8s bonne adh\u00e9rence lat\u00e9rale.<br \/>Il dispose d'un syst\u00e8me pr\u00e9cis de r\u00e9glage de l'angle d'inclinaison du dossier.<br \/>Disponible en trois couleurs.<\/p>","protected":false},"featured_media":41863,"comment_status":"open","ping_status":"closed","template":"","meta":{"_acf_changed":false},"product_brand":[3780],"product_cat":[144,89],"product_tag":[3773,3772,3774,3775],"giftcard-category":[],"class_list":{"0":"post-41857","1":"product","2":"type-product","3":"status-publish","4":"has-post-thumbnail","6":"product_brand-sparco","7":"product_cat-kuip-stoelen","8":"product_cat-interieur","9":"product_tag-kuipstoel","10":"product_tag-race-stoel","11":"product_tag-rally-stoel","12":"product_tag-sportstoel","15":"onbackorder","16":"taxable","17":"shipping-taxable","18":"purchasable","19":"product-type-simple","20":"product-grid-view"},"exclude_global_add_ons":[],"addons":[],"acf":[],"_links":{"self":[{"href":"https:\/\/race4driftparts.com\/fr\/wp-json\/wp\/v2\/product\/41857","targetHints":{"allow":["GET"]}}],"collection":[{"href":"https:\/\/race4driftparts.com\/fr\/wp-json\/wp\/v2\/product"}],"about":[{"href":"https:\/\/race4driftparts.com\/fr\/wp-json\/wp\/v2\/types\/product"}],"replies":[{"embeddable":true,"href":"https:\/\/race4driftparts.com\/fr\/wp-json\/wp\/v2\/comments?post=41857"}],"version-history":[{"count":0,"href":"https:\/\/race4driftparts.com\/fr\/wp-json\/wp\/v2\/product\/41857\/revisions"}],"wp:featuredmedia":[{"embeddable":true,"href":"https:\/\/race4driftparts.com\/fr\/wp-json\/wp\/v2\/media\/41863"}],"wp:attachment":[{"href":"https:\/\/race4driftparts.com\/fr\/wp-json\/wp\/v2\/media?parent=41857"}],"wp:term":[{"taxonomy":"product_brand","embeddable":true,"href":"https:\/\/race4driftparts.com\/fr\/wp-json\/wp\/v2\/product_brand?post=41857"},{"taxonomy":"product_cat","embeddable":true,"href":"https:\/\/race4driftparts.com\/fr\/wp-json\/wp\/v2\/product_cat?post=41857"},{"taxonomy":"product_tag","embeddable":true,"href":"https:\/\/race4driftparts.com\/fr\/wp-json\/wp\/v2\/product_tag?post=41857"},{"taxonomy":"giftcard-category","embeddable":true,"href":"https:\/\/race4driftparts.com\/fr\/wp-json\/wp\/v2\/giftcard-category?post=41857"}],"curies":[{"name":"wp","href":"https:\/\/api.w.org\/{rel}","templated":true}]}}