{"id":42153,"date":"2025-05-31T10:32:48","date_gmt":"2025-05-31T08:32:48","guid":{"rendered":"https:\/\/race4driftparts.com\/?post_type=product&#038;p=42153"},"modified":"2025-05-31T23:24:33","modified_gmt":"2025-05-31T21:24:33","slug":"omp-one-2-pull-up-belts","status":"publish","type":"product","link":"https:\/\/race4driftparts.com\/fr\/shop\/interieur\/gordels\/omp-one-2-pull-up-belts\/","title":{"rendered":"OMP ONE 2 PULL BELLS"},"content":{"rendered":"<p><strong>OMP ONE 2 Ceintures de s\u00e9curit\u00e9 Pull-Up<\/strong> - HANS 6 points<\/p>\n<p><strong>FIA 8853-2016 approuv\u00e9<\/strong><\/p>\n<p>Ceintures OMP de mod\u00e8le avanc\u00e9, adapt\u00e9es au syst\u00e8me HANS.<br \/>Boucle centrale en aluminium l\u00e9ger.<br \/>Bande d'entrejambe en forme de T.<br \/>Ceintures de hanches avec m\u00e9canisme de traction.<br \/>Possibilit\u00e9 de fixation \u00e0 la cage<br \/>Boulons \u00e0 \u0153il pour la fixation inclus.<\/p>\n<p>Bretelles : 5 cm de large<br \/>Ceintures de hanches : 5 cm de large<br \/>Ceintures crois\u00e9es : 5 cm de large<\/p>\n<p>Couleurs : <strong>Rouge<\/strong>, <strong>Noir<\/strong><\/p>","protected":false},"excerpt":{"rendered":"<p><strong>OMP ONE 2 Ceintures de s\u00e9curit\u00e9 Pull-Up<\/strong> - HANS 6 points<\/p>\n<p><strong>FIA 8853-2016 approuv\u00e9<\/strong><\/p>\n<p>Ceintures OMP de mod\u00e8le avanc\u00e9, adapt\u00e9es au syst\u00e8me HANS.<br \/>Boucle centrale en aluminium l\u00e9ger.<br \/>Bande d'entrejambe en forme de T.<br \/>Ceintures de hanches avec m\u00e9canisme de traction.<br \/>Possibilit\u00e9 de fixation \u00e0 la cage<br \/>Boulons \u00e0 \u0153il pour la fixation inclus.<\/p>\n<p>Bretelles : 5 cm de large<br \/>Ceintures de hanches : 5 cm de large<br \/>Ceintures crois\u00e9es : 5 cm de large<\/p>\n<p>Couleurs : <strong>Rouge<\/strong>, <strong>Noir<\/strong><\/p>","protected":false},"featured_media":42157,"comment_status":"open","ping_status":"closed","template":"","meta":{"_acf_changed":false},"product_brand":[3510],"product_cat":[145,89],"product_tag":[3769,3768],"giftcard-category":[],"class_list":{"0":"post-42153","1":"product","2":"type-product","3":"status-publish","4":"has-post-thumbnail","6":"product_brand-omp","7":"product_cat-gordels","8":"product_cat-interieur","9":"product_tag-gordels","10":"product_tag-veiligheid","13":"onbackorder","14":"taxable","15":"shipping-taxable","16":"purchasable","17":"product-type-simple","18":"product-grid-view"},"exclude_global_add_ons":[],"addons":[],"acf":[],"_links":{"self":[{"href":"https:\/\/race4driftparts.com\/fr\/wp-json\/wp\/v2\/product\/42153","targetHints":{"allow":["GET"]}}],"collection":[{"href":"https:\/\/race4driftparts.com\/fr\/wp-json\/wp\/v2\/product"}],"about":[{"href":"https:\/\/race4driftparts.com\/fr\/wp-json\/wp\/v2\/types\/product"}],"replies":[{"embeddable":true,"href":"https:\/\/race4driftparts.com\/fr\/wp-json\/wp\/v2\/comments?post=42153"}],"version-history":[{"count":0,"href":"https:\/\/race4driftparts.com\/fr\/wp-json\/wp\/v2\/product\/42153\/revisions"}],"wp:featuredmedia":[{"embeddable":true,"href":"https:\/\/race4driftparts.com\/fr\/wp-json\/wp\/v2\/media\/42157"}],"wp:attachment":[{"href":"https:\/\/race4driftparts.com\/fr\/wp-json\/wp\/v2\/media?parent=42153"}],"wp:term":[{"taxonomy":"product_brand","embeddable":true,"href":"https:\/\/race4driftparts.com\/fr\/wp-json\/wp\/v2\/product_brand?post=42153"},{"taxonomy":"product_cat","embeddable":true,"href":"https:\/\/race4driftparts.com\/fr\/wp-json\/wp\/v2\/product_cat?post=42153"},{"taxonomy":"product_tag","embeddable":true,"href":"https:\/\/race4driftparts.com\/fr\/wp-json\/wp\/v2\/product_tag?post=42153"},{"taxonomy":"giftcard-category","embeddable":true,"href":"https:\/\/race4driftparts.com\/fr\/wp-json\/wp\/v2\/giftcard-category?post=42153"}],"curies":[{"name":"wp","href":"https:\/\/api.w.org\/{rel}","templated":true}]}}