{"id":42167,"date":"2025-05-31T10:32:49","date_gmt":"2025-05-31T08:32:49","guid":{"rendered":"https:\/\/race4driftparts.com\/?post_type=product&#038;p=42167"},"modified":"2025-06-01T00:11:22","modified_gmt":"2025-05-31T22:11:22","slug":"sabel-formule-6-punts-gordels","status":"publish","type":"product","link":"https:\/\/race4driftparts.com\/fr\/shop\/interieur\/gordels\/ceintures-a-6-points-de-la-formule-sabre\/","title":{"rendered":"CEINTURES \u00c0 6 POINTS SABELT FORMULA"},"content":{"rendered":"<p><strong>Harnais 6 points Sabelt Formula<\/p>\n<p><\/strong>Homologation :<strong> FIA 8853-2016<\/p>\n<p><\/strong>Les ceintures Sabelt Formula sont con\u00e7ues pour les voitures monoplaces. Ces ceintures offrent le plus haut niveau de s\u00e9curit\u00e9. Les boucles sont fabriqu\u00e9es en aluminium de la plus haute qualit\u00e9.<\/p>\n<p>Couleurs : <strong>Rouge<\/strong>, <strong>Noir<\/strong>, <strong>Bleu<\/strong> <strong><\/p>\n<p><\/strong><strong>Fabriqu\u00e9 en Italie<\/strong><\/p>","protected":false},"excerpt":{"rendered":"<p><strong>Harnais 6 points Sabelt Formula<\/p>\n<p><\/strong>Homologation :<strong> FIA 8853-2016<\/p>\n<p><\/strong>Les ceintures Sabelt Formula sont con\u00e7ues pour les voitures monoplaces. Ces ceintures offrent le plus haut niveau de s\u00e9curit\u00e9. Les boucles sont fabriqu\u00e9es en aluminium de la plus haute qualit\u00e9.<\/p>\n<p>Couleurs : <strong>Rouge<\/strong>, <strong>Noir<\/strong>, <strong>Bleu<\/strong> <strong><\/p>\n<p><\/strong><strong>Fabriqu\u00e9 en Italie<\/strong><\/p>","protected":false},"featured_media":42172,"comment_status":"open","ping_status":"closed","template":"","meta":{"_acf_changed":false},"product_brand":[3788],"product_cat":[145,89],"product_tag":[3769,3768],"giftcard-category":[],"class_list":{"0":"post-42167","1":"product","2":"type-product","3":"status-publish","4":"has-post-thumbnail","6":"product_brand-sabelt","7":"product_cat-gordels","8":"product_cat-interieur","9":"product_tag-gordels","10":"product_tag-veiligheid","13":"onbackorder","14":"taxable","15":"shipping-taxable","16":"purchasable","17":"product-type-simple","18":"product-grid-view"},"exclude_global_add_ons":[],"addons":[],"acf":[],"_links":{"self":[{"href":"https:\/\/race4driftparts.com\/fr\/wp-json\/wp\/v2\/product\/42167","targetHints":{"allow":["GET"]}}],"collection":[{"href":"https:\/\/race4driftparts.com\/fr\/wp-json\/wp\/v2\/product"}],"about":[{"href":"https:\/\/race4driftparts.com\/fr\/wp-json\/wp\/v2\/types\/product"}],"replies":[{"embeddable":true,"href":"https:\/\/race4driftparts.com\/fr\/wp-json\/wp\/v2\/comments?post=42167"}],"version-history":[{"count":0,"href":"https:\/\/race4driftparts.com\/fr\/wp-json\/wp\/v2\/product\/42167\/revisions"}],"wp:featuredmedia":[{"embeddable":true,"href":"https:\/\/race4driftparts.com\/fr\/wp-json\/wp\/v2\/media\/42172"}],"wp:attachment":[{"href":"https:\/\/race4driftparts.com\/fr\/wp-json\/wp\/v2\/media?parent=42167"}],"wp:term":[{"taxonomy":"product_brand","embeddable":true,"href":"https:\/\/race4driftparts.com\/fr\/wp-json\/wp\/v2\/product_brand?post=42167"},{"taxonomy":"product_cat","embeddable":true,"href":"https:\/\/race4driftparts.com\/fr\/wp-json\/wp\/v2\/product_cat?post=42167"},{"taxonomy":"product_tag","embeddable":true,"href":"https:\/\/race4driftparts.com\/fr\/wp-json\/wp\/v2\/product_tag?post=42167"},{"taxonomy":"giftcard-category","embeddable":true,"href":"https:\/\/race4driftparts.com\/fr\/wp-json\/wp\/v2\/giftcard-category?post=42167"}],"curies":[{"name":"wp","href":"https:\/\/api.w.org\/{rel}","templated":true}]}}