{"id":42188,"date":"2025-05-31T10:32:42","date_gmt":"2025-05-31T08:32:42","guid":{"rendered":"https:\/\/race4driftparts.com\/?post_type=product&#038;p=42188"},"modified":"2025-05-31T10:32:43","modified_gmt":"2025-05-31T08:32:43","slug":"schroth-profi-ii-asm","status":"publish","type":"product","link":"https:\/\/race4driftparts.com\/fr\/shop\/interieur\/gordels\/schroth-profi-ii-asm\/","title":{"rendered":"SCHROTH PROFI II ASM"},"content":{"rendered":"<p><strong>Schroth Profi II asm<\/p>\n<p><\/strong> <strong>FIA<\/strong> homologation<strong><\/p>\n<p><\/strong> Points de fixation : 4<\/p>\n<p> Largeur :<br \/> - Bras de 3\u2033.<br \/> - 2\u2033 circulaire<\/p>\n<p> Technologie anti-sous-marine (ASM)<\/p>\n<p> Fixation pour boulons \u00e0 \u0153il (inclus)<\/p>\n<p> SCHROTH fabrique des ceintures de sport et de tuning depuis plus de 50 ans. Depuis 1960, SCHROTH est le leader mondial de la production de ceintures de s\u00e9curit\u00e9. Des crash-tests continus permettent d'am\u00e9liorer encore la qualit\u00e9 et les performances des produits afin de r\u00e9pondre aux exigences croissantes en mati\u00e8re de s\u00e9curit\u00e9. Les connaissances ainsi acquises par SCHROTH ont fait de l'entreprise un leader dans la technologie de fabrication des ceintures de s\u00e9curit\u00e9. Les produits du fabricant allemand sont utilis\u00e9s dans les courses et en Formule 1, WRC, IndyCar, NASCAR, Porsche, ALMS, Rallye Dakar, FIA GT et m\u00eame dans l'industrie a\u00e9ronautique.<\/p>","protected":false},"excerpt":{"rendered":"<p><strong>Schroth Profi II asm<\/p>\n<p><\/strong> <strong>FIA<\/strong> homologation<strong><\/p>\n<p><\/strong> Points de fixation : 4<\/p>\n<p> Largeur :<br \/> - 3 \u201cbras<br \/> - 2 \u201cautour<\/p>\n<p> Technologie anti-sous-marine (ASM)<\/p>\n<p> Attaches pour boulons \u00e0 \u0153il (inclus)<\/p>\n<p> SCHROTH fabrique des ceintures de sport et de tuning depuis plus de 50 ans. Depuis 1960, SCHROTH est le leader mondial de la production de ceintures de s\u00e9curit\u00e9. Des crash-tests continus permettent d'am\u00e9liorer encore la qualit\u00e9 et les performances des produits afin de r\u00e9pondre aux exigences croissantes en mati\u00e8re de s\u00e9curit\u00e9. Les connaissances ainsi acquises par SCHROTH ont fait de l'entreprise un leader dans la technologie de fabrication des ceintures de s\u00e9curit\u00e9. Les produits du fabricant allemand sont utilis\u00e9s dans les courses et en Formule 1, WRC, IndyCar, NASCAR, Porsche, ALMS, Rallye Dakar, FIA GT et m\u00eame dans l'industrie a\u00e9ronautique.<\/p>","protected":false},"featured_media":42189,"comment_status":"open","ping_status":"closed","template":"","meta":{"_acf_changed":false},"product_brand":[],"product_cat":[145,89],"product_tag":[3769,3768],"giftcard-category":[],"class_list":{"0":"post-42188","1":"product","2":"type-product","3":"status-publish","4":"has-post-thumbnail","6":"product_cat-gordels","7":"product_cat-interieur","8":"product_tag-gordels","9":"product_tag-veiligheid","12":"onbackorder","13":"taxable","14":"shipping-taxable","15":"purchasable","16":"product-type-simple","17":"product-grid-view"},"exclude_global_add_ons":[],"addons":[],"acf":[],"_links":{"self":[{"href":"https:\/\/race4driftparts.com\/fr\/wp-json\/wp\/v2\/product\/42188","targetHints":{"allow":["GET"]}}],"collection":[{"href":"https:\/\/race4driftparts.com\/fr\/wp-json\/wp\/v2\/product"}],"about":[{"href":"https:\/\/race4driftparts.com\/fr\/wp-json\/wp\/v2\/types\/product"}],"replies":[{"embeddable":true,"href":"https:\/\/race4driftparts.com\/fr\/wp-json\/wp\/v2\/comments?post=42188"}],"version-history":[{"count":0,"href":"https:\/\/race4driftparts.com\/fr\/wp-json\/wp\/v2\/product\/42188\/revisions"}],"wp:featuredmedia":[{"embeddable":true,"href":"https:\/\/race4driftparts.com\/fr\/wp-json\/wp\/v2\/media\/42189"}],"wp:attachment":[{"href":"https:\/\/race4driftparts.com\/fr\/wp-json\/wp\/v2\/media?parent=42188"}],"wp:term":[{"taxonomy":"product_brand","embeddable":true,"href":"https:\/\/race4driftparts.com\/fr\/wp-json\/wp\/v2\/product_brand?post=42188"},{"taxonomy":"product_cat","embeddable":true,"href":"https:\/\/race4driftparts.com\/fr\/wp-json\/wp\/v2\/product_cat?post=42188"},{"taxonomy":"product_tag","embeddable":true,"href":"https:\/\/race4driftparts.com\/fr\/wp-json\/wp\/v2\/product_tag?post=42188"},{"taxonomy":"giftcard-category","embeddable":true,"href":"https:\/\/race4driftparts.com\/fr\/wp-json\/wp\/v2\/giftcard-category?post=42188"}],"curies":[{"name":"wp","href":"https:\/\/api.w.org\/{rel}","templated":true}]}}