{"id":42286,"date":"2025-05-31T10:32:32","date_gmt":"2025-05-31T08:32:32","guid":{"rendered":"https:\/\/race4driftparts.com\/?post_type=product&#038;p=42286"},"modified":"2025-05-31T23:42:39","modified_gmt":"2025-05-31T21:42:39","slug":"omp-one-d-2-prototype-riemen","status":"publish","type":"product","link":"https:\/\/race4driftparts.com\/fr\/shop\/interieur\/gordels\/omp-un-d-2-ceintures-prototypes\/","title":{"rendered":"OMP ONE-D 2 PROTOTYPE Ceintures"},"content":{"rendered":"<p><strong>OMP ONE-D 2 ceintures prototypes - <\/strong> HANS 6 points<\/p>\n<p>FIA 8853-2016 approuv\u00e9<\/p>\n<p>Le mod\u00e8le le plus \u00e9lev\u00e9 des ceintures OMP de 2 pouces adapt\u00e9es au syst\u00e8me HANS.<br \/>Con\u00e7u pour les voitures de course monoplaces.<br \/>Fabriqu\u00e9 en fibres Dyneema\u00ae, un mat\u00e9riau tr\u00e8s l\u00e9ger et r\u00e9sistant.<br \/><strong>Les courroies OMP Dyneema\u00ae sont 40% plus l\u00e9g\u00e8res et 15% plus r\u00e9sistantes que les courroies traditionnelles.<\/strong><\/p>\n<p>- Mat\u00e9riau Dyneema\u00ae ultral\u00e9ger<br \/>- Boucle centrale l\u00e9g\u00e8re en aluminium<br \/>- Fixation avec des vis ordinaires<\/p>\n<p>Bretelles - 2\u2033 de large<br \/>Sangles de hanche - 2\u2033 de large<br \/>Sangle d'entrejambe - 2\u2033 de large<\/p>","protected":false},"excerpt":{"rendered":"<p><strong>OMP ONE-D 2 ceintures prototypes - <\/strong> HANS 6 points<\/p>\n<p>FIA 8853-2016 approuv\u00e9<\/p>\n<p>Le mod\u00e8le le plus \u00e9lev\u00e9 des ceintures OMP de 2 pouces adapt\u00e9es au syst\u00e8me HANS.<br \/>Con\u00e7u pour les voitures de course monoplaces.<br \/>Fabriqu\u00e9 en fibres Dyneema\u00ae, un mat\u00e9riau tr\u00e8s l\u00e9ger et r\u00e9sistant.<br \/><strong>Les courroies OMP Dyneema\u00ae sont 40% plus l\u00e9g\u00e8res et 15% plus r\u00e9sistantes que les courroies traditionnelles.<\/strong><\/p>\n<p>- Mat\u00e9riau Dyneema\u00ae ultral\u00e9ger<br \/>- Boucle centrale l\u00e9g\u00e8re en aluminium<br \/>- Fixation avec des vis ordinaires<\/p>\n<p>Bretelles - 2\u2033 de large<br \/>Sangles de hanche - 2\u2033 de large<br \/>Sangle d'entrejambe - 2\u2033 de large<\/p>","protected":false},"featured_media":42287,"comment_status":"open","ping_status":"closed","template":"","meta":{"_acf_changed":false},"product_brand":[3510],"product_cat":[145,89],"product_tag":[3769,3768],"giftcard-category":[],"class_list":{"0":"post-42286","1":"product","2":"type-product","3":"status-publish","4":"has-post-thumbnail","6":"product_brand-omp","7":"product_cat-gordels","8":"product_cat-interieur","9":"product_tag-gordels","10":"product_tag-veiligheid","13":"onbackorder","14":"taxable","15":"shipping-taxable","16":"purchasable","17":"product-type-simple","18":"product-grid-view"},"exclude_global_add_ons":[],"addons":[],"acf":[],"_links":{"self":[{"href":"https:\/\/race4driftparts.com\/fr\/wp-json\/wp\/v2\/product\/42286","targetHints":{"allow":["GET"]}}],"collection":[{"href":"https:\/\/race4driftparts.com\/fr\/wp-json\/wp\/v2\/product"}],"about":[{"href":"https:\/\/race4driftparts.com\/fr\/wp-json\/wp\/v2\/types\/product"}],"replies":[{"embeddable":true,"href":"https:\/\/race4driftparts.com\/fr\/wp-json\/wp\/v2\/comments?post=42286"}],"version-history":[{"count":0,"href":"https:\/\/race4driftparts.com\/fr\/wp-json\/wp\/v2\/product\/42286\/revisions"}],"wp:featuredmedia":[{"embeddable":true,"href":"https:\/\/race4driftparts.com\/fr\/wp-json\/wp\/v2\/media\/42287"}],"wp:attachment":[{"href":"https:\/\/race4driftparts.com\/fr\/wp-json\/wp\/v2\/media?parent=42286"}],"wp:term":[{"taxonomy":"product_brand","embeddable":true,"href":"https:\/\/race4driftparts.com\/fr\/wp-json\/wp\/v2\/product_brand?post=42286"},{"taxonomy":"product_cat","embeddable":true,"href":"https:\/\/race4driftparts.com\/fr\/wp-json\/wp\/v2\/product_cat?post=42286"},{"taxonomy":"product_tag","embeddable":true,"href":"https:\/\/race4driftparts.com\/fr\/wp-json\/wp\/v2\/product_tag?post=42286"},{"taxonomy":"giftcard-category","embeddable":true,"href":"https:\/\/race4driftparts.com\/fr\/wp-json\/wp\/v2\/giftcard-category?post=42286"}],"curies":[{"name":"wp","href":"https:\/\/api.w.org\/{rel}","templated":true}]}}