{"id":45172,"date":"2025-05-31T10:13:10","date_gmt":"2025-05-31T08:13:10","guid":{"rendered":"https:\/\/race4driftparts.com\/?post_type=product&#038;p=45172"},"modified":"2025-05-31T10:13:11","modified_gmt":"2025-05-31T08:13:11","slug":"hans-stand21-club-20-kraag","status":"publish","type":"product","link":"https:\/\/race4driftparts.com\/fr\/shop\/interieur\/nekbescherming\/hans-stand21-club-20-collar\/","title":{"rendered":"HANS STAND21 CLUB 20\u00b0 COLLAR"},"content":{"rendered":"<p><strong>HANS Stand21 Club 20\u00b0 collar<\/p>\n<p><\/strong> Le collier HANS Stand21 Club est la solution id\u00e9ale pour les d\u00e9butants \u00e0 la recherche d'un collier HANS bon march\u00e9 et solide. Il est fabriqu\u00e9 en thermoplastique avec une structure en nid d'abeille, ce qui le rend tr\u00e8s durable et garantit une s\u00e9curit\u00e9 maximale.<\/p>\n<p> - <strong>Homologation FIA 8858-2010<\/strong><\/p>\n<p> - Disponible en deux tailles :<\/p>\n<p> <strong>M - largeur du col de 38 \u00e0 45,5 cm<\/strong><\/p>\n<p> <strong>L - largeur du col \u00e0 partir de 45,5 cm<\/strong><\/p>\n<p> Poids du collier : environ. <strong>960 g<\/strong>.<\/p>","protected":false},"excerpt":{"rendered":"<p><strong>HANS Stand21 Club 20\u00b0 collar<\/p>\n<p><\/strong> Le collier HANS Stand21 Club est la solution id\u00e9ale pour les d\u00e9butants \u00e0 la recherche d'un collier HANS bon march\u00e9 et solide. Il est fabriqu\u00e9 en thermoplastique avec une structure en nid d'abeille, ce qui le rend tr\u00e8s durable et garantit une s\u00e9curit\u00e9 maximale.<\/p>\n<p> - <strong>Homologation FIA 8858-2010<\/strong><\/p>","protected":false},"featured_media":45180,"comment_status":"open","ping_status":"closed","template":"","meta":{"_acf_changed":false},"product_brand":[],"product_cat":[3764,89],"product_tag":[3769,3768],"giftcard-category":[],"class_list":{"0":"post-45172","1":"product","2":"type-product","3":"status-publish","4":"has-post-thumbnail","6":"product_cat-nekbescherming","7":"product_cat-interieur","8":"product_tag-gordels","9":"product_tag-veiligheid","12":"onbackorder","13":"taxable","14":"shipping-taxable","15":"purchasable","16":"product-type-simple","17":"product-grid-view"},"exclude_global_add_ons":[],"addons":[],"acf":[],"_links":{"self":[{"href":"https:\/\/race4driftparts.com\/fr\/wp-json\/wp\/v2\/product\/45172","targetHints":{"allow":["GET"]}}],"collection":[{"href":"https:\/\/race4driftparts.com\/fr\/wp-json\/wp\/v2\/product"}],"about":[{"href":"https:\/\/race4driftparts.com\/fr\/wp-json\/wp\/v2\/types\/product"}],"replies":[{"embeddable":true,"href":"https:\/\/race4driftparts.com\/fr\/wp-json\/wp\/v2\/comments?post=45172"}],"version-history":[{"count":0,"href":"https:\/\/race4driftparts.com\/fr\/wp-json\/wp\/v2\/product\/45172\/revisions"}],"wp:featuredmedia":[{"embeddable":true,"href":"https:\/\/race4driftparts.com\/fr\/wp-json\/wp\/v2\/media\/45180"}],"wp:attachment":[{"href":"https:\/\/race4driftparts.com\/fr\/wp-json\/wp\/v2\/media?parent=45172"}],"wp:term":[{"taxonomy":"product_brand","embeddable":true,"href":"https:\/\/race4driftparts.com\/fr\/wp-json\/wp\/v2\/product_brand?post=45172"},{"taxonomy":"product_cat","embeddable":true,"href":"https:\/\/race4driftparts.com\/fr\/wp-json\/wp\/v2\/product_cat?post=45172"},{"taxonomy":"product_tag","embeddable":true,"href":"https:\/\/race4driftparts.com\/fr\/wp-json\/wp\/v2\/product_tag?post=45172"},{"taxonomy":"giftcard-category","embeddable":true,"href":"https:\/\/race4driftparts.com\/fr\/wp-json\/wp\/v2\/giftcard-category?post=45172"}],"curies":[{"name":"wp","href":"https:\/\/api.w.org\/{rel}","templated":true}]}}