{"id":45205,"date":"2025-05-31T10:13:07","date_gmt":"2025-05-31T08:13:07","guid":{"rendered":"https:\/\/race4driftparts.com\/?post_type=product&#038;p=45205"},"modified":"2025-05-31T10:13:08","modified_gmt":"2025-05-31T08:13:08","slug":"hans-stand21-club-iii-20-flens","status":"publish","type":"product","link":"https:\/\/race4driftparts.com\/fr\/shop\/interieur\/nekbescherming\/hans-stand21-club-iii-20-flange\/","title":{"rendered":"HANS STAND21 CLUB III 20\u00b0 FLANGE"},"content":{"rendered":"<p><strong>HANS Stand21 Club III 20\u00b0 flange<\/p>\n<p><\/strong> Approbation : <strong>FIA 8858-2010<\/strong><\/p>\n<p> Le collier HANS Stand21 Club III est une version r\u00e9vis\u00e9e et amincie du collier standard Stand21. Il est fabriqu\u00e9 \u00e0 partir d'un thermoplastique extr\u00eamement r\u00e9sistant et l\u00e9ger \u00e0 base de r\u00e9sine, ce qui le rend tr\u00e8s durable, l\u00e9ger et s\u00fbr.<\/p>\n<p> Disponible en deux tailles :<br \/> <strong>M - largeur du col de 38 \u00e0 45,5 cm<br \/><\/strong> <strong>L - largeur du col \u00e0 partir de 45,5 cm<\/p>\n<p><\/strong> Poids du collier : environ. <strong>640 g<\/strong><\/p>","protected":false},"excerpt":{"rendered":"<p><strong>HANS Stand21 Club III 20\u00b0 flange<\/p>\n<p><\/strong> Approbation : <strong>FIA 8858-2010<\/strong><\/p>\n<p> Le collier HANS Stand21 Club III est une version r\u00e9vis\u00e9e et amincie du collier de base Stand21. Il est fabriqu\u00e9 \u00e0 partir d'un thermoplastique extr\u00eamement r\u00e9sistant et l\u00e9ger \u00e0 base de r\u00e9sine, ce qui le rend tr\u00e8s durable et l\u00e9ger et garantit une s\u00e9curit\u00e9 maximale.<\/p>\n<p> Disponible en deux tailles :<br \/> <strong>M - largeur du col de 38 \u00e0 45,5 cm<br \/><\/strong> <strong>L - largeur du col \u00e0 partir de 45,5 cm<\/p>\n<p><\/strong> Poids du collier : environ. <strong>640 g<\/strong><\/p>","protected":false},"featured_media":45213,"comment_status":"open","ping_status":"closed","template":"","meta":{"_acf_changed":false},"product_brand":[],"product_cat":[3764,89],"product_tag":[3769,3768],"giftcard-category":[],"class_list":{"0":"post-45205","1":"product","2":"type-product","3":"status-publish","4":"has-post-thumbnail","6":"product_cat-nekbescherming","7":"product_cat-interieur","8":"product_tag-gordels","9":"product_tag-veiligheid","12":"onbackorder","13":"taxable","14":"shipping-taxable","15":"purchasable","16":"product-type-simple","17":"product-grid-view"},"exclude_global_add_ons":[],"addons":[],"acf":[],"_links":{"self":[{"href":"https:\/\/race4driftparts.com\/fr\/wp-json\/wp\/v2\/product\/45205","targetHints":{"allow":["GET"]}}],"collection":[{"href":"https:\/\/race4driftparts.com\/fr\/wp-json\/wp\/v2\/product"}],"about":[{"href":"https:\/\/race4driftparts.com\/fr\/wp-json\/wp\/v2\/types\/product"}],"replies":[{"embeddable":true,"href":"https:\/\/race4driftparts.com\/fr\/wp-json\/wp\/v2\/comments?post=45205"}],"version-history":[{"count":0,"href":"https:\/\/race4driftparts.com\/fr\/wp-json\/wp\/v2\/product\/45205\/revisions"}],"wp:featuredmedia":[{"embeddable":true,"href":"https:\/\/race4driftparts.com\/fr\/wp-json\/wp\/v2\/media\/45213"}],"wp:attachment":[{"href":"https:\/\/race4driftparts.com\/fr\/wp-json\/wp\/v2\/media?parent=45205"}],"wp:term":[{"taxonomy":"product_brand","embeddable":true,"href":"https:\/\/race4driftparts.com\/fr\/wp-json\/wp\/v2\/product_brand?post=45205"},{"taxonomy":"product_cat","embeddable":true,"href":"https:\/\/race4driftparts.com\/fr\/wp-json\/wp\/v2\/product_cat?post=45205"},{"taxonomy":"product_tag","embeddable":true,"href":"https:\/\/race4driftparts.com\/fr\/wp-json\/wp\/v2\/product_tag?post=45205"},{"taxonomy":"giftcard-category","embeddable":true,"href":"https:\/\/race4driftparts.com\/fr\/wp-json\/wp\/v2\/giftcard-category?post=45205"}],"curies":[{"name":"wp","href":"https:\/\/api.w.org\/{rel}","templated":true}]}}