{"id":45272,"date":"2025-05-31T10:13:09","date_gmt":"2025-05-31T08:13:09","guid":{"rendered":"https:\/\/race4driftparts.com\/?post_type=product&#038;p=45272"},"modified":"2025-05-31T10:13:10","modified_gmt":"2025-05-31T08:13:10","slug":"zijn-stand21-fetherlite-20-kraag","status":"publish","type":"product","link":"https:\/\/race4driftparts.com\/fr\/shop\/interieur\/nekbescherming\/son-collier-stand21-fetherlite-20\/","title":{"rendered":"HANS STAND21 FETHERLITE 20\u00b0 COLLAR"},"content":{"rendered":"<p><strong>HANS Stand21 Fetherlite 20\u00b0 collar<\/p>\n<p><\/strong> Approbation : <strong>FIA 8858-2010<\/p>\n<p><\/strong> Le collier HANS le plus l\u00e9ger du march\u00e9 ! Le Stand21 Fetherlite est fabriqu\u00e9 en fibre de carbone ultra-l\u00e9g\u00e8re, ce qui le rend extr\u00eamement l\u00e9ger, tr\u00e8s durable et garantit une s\u00e9curit\u00e9 maximale.<\/p>\n<p> - Disponible en deux tailles <strong>M<\/strong> et <strong>L<\/strong>.<\/strong><\/p>\n<p> Poids du collier : environ. <strong>310 g (pi\u00e8ce en carbone)<br \/><\/strong>Poids total :<strong>450 g<br \/><\/strong><\/p>","protected":false},"excerpt":{"rendered":"<p><strong>HANS Stand21 Fetherlite 20\u00b0 collar<\/p>\n<p><\/strong> Approbation : <strong>FIA 8858-2010<\/p>\n<p><\/strong> Le collier HANS le plus l\u00e9ger du march\u00e9 ! Le Stand21 Fetherlite est fabriqu\u00e9 en fibre de carbone ultra-l\u00e9g\u00e8re, ce qui le rend extr\u00eamement l\u00e9ger, tr\u00e8s durable et garantit une s\u00e9curit\u00e9 maximale.<\/p>\n<p> - Disponible en deux tailles <strong>M<\/strong> et <strong>L<\/strong>.<\/strong><\/p>\n<p> Poids du collier : environ. <strong>310 g (pi\u00e8ce en carbone)<br \/><\/strong>Poids total :<strong>450 g<br \/><\/strong><\/p>","protected":false},"featured_media":45278,"comment_status":"open","ping_status":"closed","template":"","meta":{"_acf_changed":false},"product_brand":[],"product_cat":[3764,89],"product_tag":[3769,3768],"giftcard-category":[],"class_list":{"0":"post-45272","1":"product","2":"type-product","3":"status-publish","4":"has-post-thumbnail","6":"product_cat-nekbescherming","7":"product_cat-interieur","8":"product_tag-gordels","9":"product_tag-veiligheid","12":"onbackorder","13":"taxable","14":"shipping-taxable","15":"purchasable","16":"product-type-simple","17":"product-grid-view"},"exclude_global_add_ons":[],"addons":[],"acf":[],"_links":{"self":[{"href":"https:\/\/race4driftparts.com\/fr\/wp-json\/wp\/v2\/product\/45272","targetHints":{"allow":["GET"]}}],"collection":[{"href":"https:\/\/race4driftparts.com\/fr\/wp-json\/wp\/v2\/product"}],"about":[{"href":"https:\/\/race4driftparts.com\/fr\/wp-json\/wp\/v2\/types\/product"}],"replies":[{"embeddable":true,"href":"https:\/\/race4driftparts.com\/fr\/wp-json\/wp\/v2\/comments?post=45272"}],"version-history":[{"count":0,"href":"https:\/\/race4driftparts.com\/fr\/wp-json\/wp\/v2\/product\/45272\/revisions"}],"wp:featuredmedia":[{"embeddable":true,"href":"https:\/\/race4driftparts.com\/fr\/wp-json\/wp\/v2\/media\/45278"}],"wp:attachment":[{"href":"https:\/\/race4driftparts.com\/fr\/wp-json\/wp\/v2\/media?parent=45272"}],"wp:term":[{"taxonomy":"product_brand","embeddable":true,"href":"https:\/\/race4driftparts.com\/fr\/wp-json\/wp\/v2\/product_brand?post=45272"},{"taxonomy":"product_cat","embeddable":true,"href":"https:\/\/race4driftparts.com\/fr\/wp-json\/wp\/v2\/product_cat?post=45272"},{"taxonomy":"product_tag","embeddable":true,"href":"https:\/\/race4driftparts.com\/fr\/wp-json\/wp\/v2\/product_tag?post=45272"},{"taxonomy":"giftcard-category","embeddable":true,"href":"https:\/\/race4driftparts.com\/fr\/wp-json\/wp\/v2\/giftcard-category?post=45272"}],"curies":[{"name":"wp","href":"https:\/\/api.w.org\/{rel}","templated":true}]}}