{"id":45314,"date":"2025-05-31T10:12:57","date_gmt":"2025-05-31T08:12:57","guid":{"rendered":"https:\/\/race4driftparts.com\/?post_type=product&#038;p=45314"},"modified":"2025-05-31T10:12:59","modified_gmt":"2025-05-31T08:12:59","slug":"collar-simpson-hybrid-sport-quick-release","status":"publish","type":"product","link":"https:\/\/race4driftparts.com\/fr\/shop\/interieur\/nekbescherming\/collier-simpson-hybrid-sport-quick-release\/","title":{"rendered":"COLLIER SIMPSON HYBRID SPORT QUICK RELEASE"},"content":{"rendered":"<p><strong>Brides SIMPSON Hybrid<\/strong> est une excellente alternative aux colliers HANS.<\/p>\n<p><strong>Hybride Sport<\/strong> est une version am\u00e9lior\u00e9e et plus l\u00e9g\u00e8re du mod\u00e8le PRO Rage. Par rapport au mod\u00e8le pr\u00e9c\u00e9dent, il est plus l\u00e9ger d'environ 20%. Il offre les m\u00eames caract\u00e9ristiques que le Pro Slide, pour le m\u00eame prix.<\/p>\n<p>Le collier est adapt\u00e9 aux casques \u00e9quip\u00e9s de clips HANS conform\u00e9ment \u00e0 la norme europ\u00e9enne. <strong>M61<\/strong>-standard.<\/p>\n<p>Le collier sportif hybride est un dispositif efficace pour prot\u00e9ger la t\u00eate et le cou en cas d'impact frontal ou lat\u00e9ral.<\/p>\n<p>Les sangles de cou SIMPSON sont con\u00e7ues pour faciliter la sortie du v\u00e9hicule. Le dispositif est situ\u00e9 sur le dos et les \u00e9paules, et non sur la poitrine et la clavicule comme dans les anciens dispositifs HANS.<\/p>\n<p>Les colliers SIMPSON ne n\u00e9cessitent pas de ceintures de s\u00e9curit\u00e9 adapt\u00e9es au syst\u00e8me HANS, ils sont compatibles avec tous les mod\u00e8les de ceintures !<\/p>\n<p><strong>Fabriqu\u00e9 en<\/strong> <strong>\u00c9TATS-UNIS<\/strong><\/p>\n<p><strong>Tableau des tailles :<\/strong><strong><\/p>\n<p><img decoding=\"async\" style=\"display: block; margin-left: auto; margin-right: auto;\" src=\"\/data\/include\/cms\/rozmiary\/simpson_hybrid.jpg\" border=\"0\" alt=\" largeur=\" height=\"649\" title=\"\"><\/strong><\/p>","protected":false},"excerpt":{"rendered":"<p><strong>Brides SIMPSON Hybrid<\/strong> est une excellente alternative aux colliers HANS.<\/p>\n<p><strong>Hybride Sport<\/strong> est une version am\u00e9lior\u00e9e et plus l\u00e9g\u00e8re du mod\u00e8le PRO Rage. Par rapport au mod\u00e8le pr\u00e9c\u00e9dent, il est plus l\u00e9ger d'environ 20%. Il offre les m\u00eames caract\u00e9ristiques que le Pro Slide, pour le m\u00eame prix.<\/p>\n<p>Le collier est adapt\u00e9 aux casques \u00e9quip\u00e9s de clips HANS conform\u00e9ment \u00e0 la norme europ\u00e9enne. <strong>M61<\/strong>-standard.<\/p>\n<p>Le collier de sport hybride est un dispositif efficace pour prot\u00e9ger la t\u00eate et le cou des chocs frontaux et lat\u00e9raux.<\/p>\n<p>Les colliers SIMPSON sont con\u00e7us pour faciliter la sortie du v\u00e9hicule. Le dispositif est situ\u00e9 sur le dos et les \u00e9paules, et non sur la poitrine et la clavicule, comme dans les anciens dispositifs HANS.<\/p>\n<p>Les colliers SIMPSON ne n\u00e9cessitent pas de ceintures de s\u00e9curit\u00e9 adapt\u00e9es au syst\u00e8me HANS, ils sont compatibles avec tous les mod\u00e8les de ceintures !<\/p>\n<p><strong>Fabriqu\u00e9 en<\/strong> <strong>\u00c9TATS-UNIS<\/strong><\/p>\n<p><strong>Tableau des tailles :<\/strong><strong><\/p>\n<p><img fetchpriority=\"high\" decoding=\"async\" style=\"display: block; margin-left: auto; margin-right: auto;\" src=\"\/data\/include\/cms\/rozmiary\/simpson_hybrid.jpg\" border=\"0\" alt=\" largeur=\"858\" height=\"649\"><\/strong><\/p>","protected":false},"featured_media":45321,"comment_status":"open","ping_status":"closed","template":"","meta":{"_acf_changed":false},"product_brand":[],"product_cat":[3764,89],"product_tag":[3769,3768],"giftcard-category":[],"class_list":{"0":"post-45314","1":"product","2":"type-product","3":"status-publish","4":"has-post-thumbnail","6":"product_cat-nekbescherming","7":"product_cat-interieur","8":"product_tag-gordels","9":"product_tag-veiligheid","12":"onbackorder","13":"taxable","14":"shipping-taxable","15":"purchasable","16":"product-type-simple","17":"product-grid-view"},"exclude_global_add_ons":[],"addons":[],"acf":[],"_links":{"self":[{"href":"https:\/\/race4driftparts.com\/fr\/wp-json\/wp\/v2\/product\/45314","targetHints":{"allow":["GET"]}}],"collection":[{"href":"https:\/\/race4driftparts.com\/fr\/wp-json\/wp\/v2\/product"}],"about":[{"href":"https:\/\/race4driftparts.com\/fr\/wp-json\/wp\/v2\/types\/product"}],"replies":[{"embeddable":true,"href":"https:\/\/race4driftparts.com\/fr\/wp-json\/wp\/v2\/comments?post=45314"}],"version-history":[{"count":0,"href":"https:\/\/race4driftparts.com\/fr\/wp-json\/wp\/v2\/product\/45314\/revisions"}],"wp:featuredmedia":[{"embeddable":true,"href":"https:\/\/race4driftparts.com\/fr\/wp-json\/wp\/v2\/media\/45321"}],"wp:attachment":[{"href":"https:\/\/race4driftparts.com\/fr\/wp-json\/wp\/v2\/media?parent=45314"}],"wp:term":[{"taxonomy":"product_brand","embeddable":true,"href":"https:\/\/race4driftparts.com\/fr\/wp-json\/wp\/v2\/product_brand?post=45314"},{"taxonomy":"product_cat","embeddable":true,"href":"https:\/\/race4driftparts.com\/fr\/wp-json\/wp\/v2\/product_cat?post=45314"},{"taxonomy":"product_tag","embeddable":true,"href":"https:\/\/race4driftparts.com\/fr\/wp-json\/wp\/v2\/product_tag?post=45314"},{"taxonomy":"giftcard-category","embeddable":true,"href":"https:\/\/race4driftparts.com\/fr\/wp-json\/wp\/v2\/giftcard-category?post=45314"}],"curies":[{"name":"wp","href":"https:\/\/api.w.org\/{rel}","templated":true}]}}