{"id":52534,"date":"2025-06-11T20:40:42","date_gmt":"2025-06-11T18:40:42","guid":{"rendered":"https:\/\/race4driftparts.com\/niet-gecategoriseerd\/qsp-heavy-duty-sleepoog-band-2-inch-blauw\/"},"modified":"2025-06-11T22:56:03","modified_gmt":"2025-06-11T20:56:03","slug":"qsp-heavy-duty-sleepoog-band-2-inch-blauw","status":"publish","type":"product","link":"https:\/\/race4driftparts.com\/fr\/shop\/exterieur\/sleepogen\/qsp-sangle-danneau-de-remorquage-tres-resistante-2-pouces-bleu\/","title":{"rendered":"Anneau de remorquage QSP Heavy Duty 2 inch - Bleu"},"content":{"rendered":"<h2>QSP Anneau de remorquage robuste 2 pouces - Bleu- Approuv\u00e9 par la FIA<\/h2>\n<p>La sangle de remorquage QSP Heavy Duty Eye Strap, de couleur bleue \u00e9l\u00e9gante, combine une durabilit\u00e9 de haute qualit\u00e9 avec une s\u00e9curit\u00e9 et une visibilit\u00e9 maximales. D'une largeur de 2 pouces et d'une longueur de 20 cm, cette sangle de remorquage est id\u00e9ale pour une utilisation dans diverses disciplines de sport automobile. Avec sa finition professionnelle et sa couleur bleue frappante, vous avez l'assurance d'un produit qui r\u00e9pond aux normes les plus \u00e9lev\u00e9es et qui est enti\u00e8rement fabriqu\u00e9 conform\u00e9ment aux r\u00e9glementations de la FIA.<\/p>\n<p>S\u00e9curit\u00e9 et visibilit\u00e9 conformes aux normes FIA<br \/>\nCette sangle de remorquage est fabriqu\u00e9e en nylon tr\u00e8s r\u00e9sistant \u00e0 l'abrasion et comporte des coutures extra-lourdes Heavy Duty, garantissant une solidit\u00e9 et une fiabilit\u00e9 optimales. L'\u0153illet d'attache en m\u00e9tal permet un montage facile et s\u00fbr. Ce produit a \u00e9t\u00e9 d\u00e9velopp\u00e9 et fabriqu\u00e9 conform\u00e9ment aux r\u00e8gles de s\u00e9curit\u00e9 officielles de la FIA, ce qui permet de l'utiliser lors de courses, de rallyes et d'autres activit\u00e9s de sport automobile.<\/p>\n<p>Caract\u00e9ristiques du produit :<br \/>\nLongueur : 20 cm<\/p>\n<p>Largeur : 2 pouces (\u00b150 mm)<\/p>\n<p>Couleur : Bleu - sportif et professionnel<\/p>\n<p>Mat\u00e9riau : Nylon r\u00e9sistant, durable et solide<\/p>\n<p>Montage : Anneau de fixation en m\u00e9tal pour une installation rapide<\/p>\n<p>Application : \u00e0 l'avant ou \u00e0 l'arri\u00e8re du v\u00e9hicule<\/p>\n<p>Certification : Enti\u00e8rement produite selon les r\u00e8gles de la FIA<\/p>\n<p>Pourquoi choisir l'anneau de remorquage bleu QSP ?<br \/>\nApprouv\u00e9 par la FIA : enti\u00e8rement con\u00e7u et fabriqu\u00e9 conform\u00e9ment aux exigences strictes de la FIA en mati\u00e8re de s\u00e9curit\u00e9, pour une fiabilit\u00e9 maximale.<\/p>\n<p>Visibilit\u00e9 fiable : la couleur bleue se distingue, sans \u00eatre trop criarde, et permet d'\u00eatre reconnu en cas d'urgence.<\/p>\n<p>Construction robuste : con\u00e7ue pour r\u00e9sister aux charges lourdes et \u00e0 l'utilisation intensive en sport automobile.<\/p>\n<p>Fonctionnel et \u00e9l\u00e9gant : allie un look sportif \u00e0 une s\u00e9curit\u00e9 professionnelle.<\/p>\n<p>Applications :<br \/>\nVoitures de course<\/p>\n<p>Voitures de rallye<\/p>\n<p>V\u00e9hicules de piste<\/p>\n<p>Voitures de rue \u00e9quip\u00e9es pour le sport automobile<\/p>\n<p>Manifestations et inspections n\u00e9cessitant un dispositif de remorquage conforme \u00e0 la FIA<\/p>\n<p>Avec le QSP Heavy Duty Towing Eye strap en bleu, vous choisissez un dispositif de remorquage fiable et s\u00fbr qui r\u00e9pond \u00e0 toutes les exigences professionnelles. Gr\u00e2ce \u00e0 une production conforme aux r\u00e9glementations de la FIA, vous \u00eates assur\u00e9 de disposer d'un produit adapt\u00e9 aux comp\u00e9titions officielles de sport automobile et aux inspections techniques.<\/p>\n<p>Remarque : les circuits et les organisations de course exigent souvent un dispositif de remorquage approuv\u00e9 et visible. Avec cette sangle de remorquage, vous r\u00e9pondez pleinement \u00e0 ces exigences - fabriqu\u00e9e et certifi\u00e9e conform\u00e9ment aux directives officielles de la FIA.<\/p>","protected":false},"excerpt":{"rendered":"<p>Anneau de remorquage robuste conforme aux r\u00e8gles de la FIA ! Largeur : 5 cm Longueur : 20cm.<\/p>","protected":false},"featured_media":52536,"comment_status":"closed","ping_status":"closed","template":"","meta":{"_acf_changed":false},"product_brand":[3509],"product_cat":[159],"product_tag":[],"giftcard-category":[],"class_list":{"0":"post-52534","1":"product","2":"type-product","3":"status-publish","4":"has-post-thumbnail","6":"product_brand-qsp-products","7":"product_cat-sleepogen","10":"instock","11":"purchasable","12":"product-type-simple","13":"product-grid-view"},"exclude_global_add_ons":[],"addons":[],"acf":[],"_links":{"self":[{"href":"https:\/\/race4driftparts.com\/fr\/wp-json\/wp\/v2\/product\/52534","targetHints":{"allow":["GET"]}}],"collection":[{"href":"https:\/\/race4driftparts.com\/fr\/wp-json\/wp\/v2\/product"}],"about":[{"href":"https:\/\/race4driftparts.com\/fr\/wp-json\/wp\/v2\/types\/product"}],"replies":[{"embeddable":true,"href":"https:\/\/race4driftparts.com\/fr\/wp-json\/wp\/v2\/comments?post=52534"}],"version-history":[{"count":0,"href":"https:\/\/race4driftparts.com\/fr\/wp-json\/wp\/v2\/product\/52534\/revisions"}],"wp:featuredmedia":[{"embeddable":true,"href":"https:\/\/race4driftparts.com\/fr\/wp-json\/wp\/v2\/media\/52536"}],"wp:attachment":[{"href":"https:\/\/race4driftparts.com\/fr\/wp-json\/wp\/v2\/media?parent=52534"}],"wp:term":[{"taxonomy":"product_brand","embeddable":true,"href":"https:\/\/race4driftparts.com\/fr\/wp-json\/wp\/v2\/product_brand?post=52534"},{"taxonomy":"product_cat","embeddable":true,"href":"https:\/\/race4driftparts.com\/fr\/wp-json\/wp\/v2\/product_cat?post=52534"},{"taxonomy":"product_tag","embeddable":true,"href":"https:\/\/race4driftparts.com\/fr\/wp-json\/wp\/v2\/product_tag?post=52534"},{"taxonomy":"giftcard-category","embeddable":true,"href":"https:\/\/race4driftparts.com\/fr\/wp-json\/wp\/v2\/giftcard-category?post=52534"}],"curies":[{"name":"wp","href":"https:\/\/api.w.org\/{rel}","templated":true}]}}