{"id":53045,"date":"2025-08-01T15:52:14","date_gmt":"2025-08-01T13:52:14","guid":{"rendered":"https:\/\/race4driftparts.com\/?post_type=product&#038;p=53045"},"modified":"2025-08-02T11:42:51","modified_gmt":"2025-08-02T09:42:51","slug":"bmw-e36-gt-spoiler-lage-versie-coupe-en-sedan","status":"publish","type":"product","link":"https:\/\/race4driftparts.com\/fr\/shop\/exterieur\/spoilers\/bmw-e36-gt-spoiler-low-version-coupe-et-berline\/","title":{"rendered":"BMW E36 gt spoiler (version basse) coup\u00e9 et berline"},"content":{"rendered":"<h1 data-start=\"396\" data-end=\"641\">BMW E36 gt spoiler (version basse) coup\u00e9 et berline<\/h1>\n<p data-start=\"396\" data-end=\"641\">Donnez \u00e0 votre BMW E36 le look embl\u00e9matique du sport automobile avec cette <strong data-start=\"449\" data-end=\"475\">Becquet arri\u00e8re de style GT<\/strong>, Ce becquet a \u00e9t\u00e9 con\u00e7u sur la base du l\u00e9gendaire mod\u00e8le E36 M3 GT. Con\u00e7u \u00e0 la fois pour l'esth\u00e9tique et la performance, ce spoiler am\u00e9liore l'a\u00e9rodynamisme \u00e0 grande vitesse.<\/p>\n<p data-start=\"643\" data-end=\"906\">Fabriqu\u00e9 en plastique ABS de haute qualit\u00e9, ce spoiler s'adapte parfaitement au hayon du coup\u00e9, de la berline ou de la compacte E36. La ligne subtile mais agressive donne un look OEM+ \u00e9l\u00e9gant, sans donner l'impression d'un tuning exag\u00e9r\u00e9.<\/p>\n<p data-start=\"908\" data-end=\"1113\">Id\u00e9al pour une utilisation sur la voie publique, les jours de piste ou les projets de d\u00e9rive. Les points de montage sont pr\u00e9par\u00e9s et peuvent \u00eatre fix\u00e9s avec des boulons et\/ou du mastic. Pour une meilleure adaptation et une plus grande durabilit\u00e9, nous recommandons un montage professionnel.<\/p>\n<p>Le montage est possible dans notre atelier : MrJuul Cars \u00e0 Roermond.<\/p>\n<p data-start=\"1115\" data-end=\"1129\"><strong data-start=\"1115\" data-end=\"1129\">Caract\u00e9ristiques :<\/strong><\/p>\n<ul data-start=\"1130\" data-end=\"1356\">\n<li data-start=\"1130\" data-end=\"1179\">\n<p data-start=\"1132\" data-end=\"1179\">Convient aux coup\u00e9s, berlines et cabriolets BMW E36.<\/p>\n<\/li>\n<li data-start=\"1130\" data-end=\"1179\">\n<p data-start=\"1132\" data-end=\"1179\">Design de style GT, inspir\u00e9 de la M3 GT<\/p>\n<\/li>\n<li data-start=\"1226\" data-end=\"1265\">\n<p data-start=\"1228\" data-end=\"1265\">Am\u00e9lioration de la force portante et de l'apparence<\/p>\n<\/li>\n<li data-start=\"1266\" data-end=\"1318\">\n<p data-start=\"1268\" data-end=\"1318\">Disponible en appr\u00eat, pr\u00eat \u00e0 \u00eatre peint<\/p>\n<\/li>\n<li data-start=\"1319\" data-end=\"1356\">\n<p data-start=\"1321\" data-end=\"1356\">Coupe et mat\u00e9riaux de haute qualit\u00e9<\/p>\n<\/li>\n<\/ul>\n<p data-start=\"1358\" data-end=\"1418\">Rendez votre E36 unique et pr\u00eate pour la course avec ce spoiler GT intemporel.<\/p>","protected":false},"excerpt":{"rendered":"<p><strong data-start=\"0\" data-end=\"33\" data-is-only-node=\"\">GT Wing Version basse - BMW E36<\/strong><br data-start=\"33\" data-end=\"36\" \/>Donnez \u00e0 votre BMW E36 un look agressif et am\u00e9liorez l'a\u00e9rodynamisme gr\u00e2ce \u00e0 ces <strong data-start=\"109\" data-end=\"132\">GT Wing version basse<\/strong>. Fabriqu\u00e9 pour un ajustement serr\u00e9 et une force d'appui optimale sans exag\u00e9ration de la hauteur. Id\u00e9al pour une utilisation sur route et sur circuit.<\/p>","protected":false},"featured_media":53058,"comment_status":"open","ping_status":"closed","template":"","meta":{"_acf_changed":false},"product_brand":[],"product_cat":[153],"product_tag":[3849,3853,280,3851,3850,3657,512,3852,3854,3847,3855],"giftcard-category":[],"class_list":{"0":"post-53045","1":"product","2":"type-product","3":"status-publish","4":"has-post-thumbnail","6":"product_cat-spoilers","7":"product_tag-bmw-e36-gt-wing-low-version","8":"product_tag-cross","9":"product_tag-drift","10":"product_tag-gt-wing","11":"product_tag-low-version","12":"product_tag-race","13":"product_tag-rally","14":"product_tag-street","15":"product_tag-streeto","16":"product_tag-style","17":"product_tag-trackparts","20":"instock","21":"taxable","22":"shipping-taxable","23":"purchasable","24":"product-type-simple","25":"product-grid-view"},"exclude_global_add_ons":[],"addons":[],"acf":[],"_links":{"self":[{"href":"https:\/\/race4driftparts.com\/fr\/wp-json\/wp\/v2\/product\/53045","targetHints":{"allow":["GET"]}}],"collection":[{"href":"https:\/\/race4driftparts.com\/fr\/wp-json\/wp\/v2\/product"}],"about":[{"href":"https:\/\/race4driftparts.com\/fr\/wp-json\/wp\/v2\/types\/product"}],"replies":[{"embeddable":true,"href":"https:\/\/race4driftparts.com\/fr\/wp-json\/wp\/v2\/comments?post=53045"}],"version-history":[{"count":0,"href":"https:\/\/race4driftparts.com\/fr\/wp-json\/wp\/v2\/product\/53045\/revisions"}],"wp:featuredmedia":[{"embeddable":true,"href":"https:\/\/race4driftparts.com\/fr\/wp-json\/wp\/v2\/media\/53058"}],"wp:attachment":[{"href":"https:\/\/race4driftparts.com\/fr\/wp-json\/wp\/v2\/media?parent=53045"}],"wp:term":[{"taxonomy":"product_brand","embeddable":true,"href":"https:\/\/race4driftparts.com\/fr\/wp-json\/wp\/v2\/product_brand?post=53045"},{"taxonomy":"product_cat","embeddable":true,"href":"https:\/\/race4driftparts.com\/fr\/wp-json\/wp\/v2\/product_cat?post=53045"},{"taxonomy":"product_tag","embeddable":true,"href":"https:\/\/race4driftparts.com\/fr\/wp-json\/wp\/v2\/product_tag?post=53045"},{"taxonomy":"giftcard-category","embeddable":true,"href":"https:\/\/race4driftparts.com\/fr\/wp-json\/wp\/v2\/giftcard-category?post=53045"}],"curies":[{"name":"wp","href":"https:\/\/api.w.org\/{rel}","templated":true}]}}