{"id":53075,"date":"2025-08-02T11:56:00","date_gmt":"2025-08-02T09:56:00","guid":{"rendered":"https:\/\/race4driftparts.com\/?post_type=product&#038;p=53075"},"modified":"2025-10-07T21:22:00","modified_gmt":"2025-10-07T19:22:00","slug":"bmw-e36-gt-spoiler-hoge-versie-hoogglans-zwart","status":"publish","type":"product","link":"https:\/\/race4driftparts.com\/fr\/shop\/exterieur\/spoilers\/bmw-e36-gt-spoiler-high-version-high-gloss-black\/","title":{"rendered":"BMW E36 GT Spoiler High Version Coupe et Sedan en noir brillant."},"content":{"rendered":"<h1>BMW E36 GT Spoiler High Version Coupe et Sedan en noir brillant.<\/h1>\n<p data-start=\"219\" data-end=\"506\">Donnez \u00e0 votre BMW E36 un look sport automobile authentique gr\u00e2ce \u00e0 ce kit d'accessoires. <strong data-start=\"275\" data-end=\"315\">Becquet arri\u00e8re de style GT (version haute) en noir brillant<\/strong>. Sp\u00e9cialement con\u00e7u pour les <strong data-start=\"347\" data-end=\"370\">E36 coup\u00e9 comme berline<\/strong>, mais aussi \u00e9ventuellement sur les cabriolets.<br \/>\nCe spoiler combine performance a\u00e9rodynamique et look agressif - parfait pour une utilisation sur circuit, en drift ou sur route.<\/p>\n<p data-start=\"508\" data-end=\"767\">Inspir\u00e9 de la version originale de BMW Motorsport, cet aileron GT offre une force d'appui suppl\u00e9mentaire \u00e0 grande vitesse. Le design sur\u00e9lev\u00e9 am\u00e9liore non seulement la stabilit\u00e9 de conduite, mais donne \u00e9galement \u00e0 votre E36 le look embl\u00e9matique \u2018pr\u00eat pour la course\u2019.<\/p>\n<p data-start=\"769\" data-end=\"783\"><strong data-start=\"769\" data-end=\"783\">Caract\u00e9ristiques :<\/strong><\/p>\n<ul data-start=\"784\" data-end=\"1071\">\n<li data-start=\"784\" data-end=\"835\">\n<p data-start=\"786\" data-end=\"835\">Convient \u00e0 BMW E36 coup\u00e9 et berline (1991-1999)<\/p>\n<\/li>\n<li data-start=\"836\" data-end=\"890\">\n<p data-start=\"838\" data-end=\"890\">Version haute - pour un maximum d'a\u00e9rodynamisme<\/p>\n<\/li>\n<li data-start=\"891\" data-end=\"962\">\n<p data-start=\"893\" data-end=\"962\">Fabriqu\u00e9 en plastique ABS de haute qualit\u00e9.<\/p>\n<\/li>\n<li data-start=\"963\" data-end=\"1011\">\n<p data-start=\"965\" data-end=\"1011\">Conception ajust\u00e9e, facile \u00e0 assembler<\/p>\n<\/li>\n<li data-start=\"1012\" data-end=\"1071\">\n<p data-start=\"1014\" data-end=\"1071\">Id\u00e9al pour les circuits, le drift, le time attack ou les voitures d'exposition<\/p>\n<\/li>\n<li data-start=\"1012\" data-end=\"1071\">\u00c9galement disponible chez nous en appr\u00eat, pr\u00eat \u00e0 \u00eatre pulv\u00e9ris\u00e9.<\/li>\n<\/ul>\n<p data-start=\"1073\" data-end=\"1201\"><strong data-start=\"1073\" data-end=\"1085\">Assemblage :<\/strong><br data-start=\"1085\" data-end=\"1088\" \/>Le spoiler est livr\u00e9 avec des vis de montage.<br \/>\nUn kit de montage est recommand\u00e9 lors de l'installation pour plus de solidit\u00e9.<\/p>\n<p>L'installation par un professionnel est recommand\u00e9e pour de meilleurs r\u00e9sultats.<\/p>\n<p>C'est possible dans notre atelier : MrJuul Cars \u00e0 Roermond.<\/p>","protected":false},"excerpt":{"rendered":"<p><strong data-start=\"88\" data-end=\"138\">BMW E36 GT Spoiler - Version haute (Coup\u00e9\/Sedan) Noir brillant<\/strong><br data-start=\"138\" data-end=\"141\" \/>Am\u00e9liorez votre BMW E36 avec cet aileron arri\u00e8re de style GT. Convient aux coup\u00e9s et aux berlines. Fournit plus de force d'appui, un look agressif et un v\u00e9ritable attrait pour le sport automobile. Parfait pour la route, le drift ou le circuit.<\/p>","protected":false},"featured_media":53077,"comment_status":"open","ping_status":"closed","template":"","meta":{"_acf_changed":false},"product_brand":[],"product_cat":[153],"product_tag":[627,3863,280,3704,3851,3861,3857,3852,3847,3862],"giftcard-category":[],"class_list":{"0":"post-53075","1":"product","2":"type-product","3":"status-publish","4":"has-post-thumbnail","6":"product_cat-spoilers","7":"product_tag-bmw-e36","8":"product_tag-circuit","9":"product_tag-drift","10":"product_tag-e36","11":"product_tag-gt-wing","12":"product_tag-hifg-version","13":"product_tag-ltw-wing","14":"product_tag-street","15":"product_tag-style","16":"product_tag-track","19":"onbackorder","20":"taxable","21":"shipping-taxable","22":"purchasable","23":"product-type-simple","24":"product-grid-view"},"exclude_global_add_ons":[],"addons":[],"acf":[],"_links":{"self":[{"href":"https:\/\/race4driftparts.com\/fr\/wp-json\/wp\/v2\/product\/53075","targetHints":{"allow":["GET"]}}],"collection":[{"href":"https:\/\/race4driftparts.com\/fr\/wp-json\/wp\/v2\/product"}],"about":[{"href":"https:\/\/race4driftparts.com\/fr\/wp-json\/wp\/v2\/types\/product"}],"replies":[{"embeddable":true,"href":"https:\/\/race4driftparts.com\/fr\/wp-json\/wp\/v2\/comments?post=53075"}],"version-history":[{"count":0,"href":"https:\/\/race4driftparts.com\/fr\/wp-json\/wp\/v2\/product\/53075\/revisions"}],"wp:featuredmedia":[{"embeddable":true,"href":"https:\/\/race4driftparts.com\/fr\/wp-json\/wp\/v2\/media\/53077"}],"wp:attachment":[{"href":"https:\/\/race4driftparts.com\/fr\/wp-json\/wp\/v2\/media?parent=53075"}],"wp:term":[{"taxonomy":"product_brand","embeddable":true,"href":"https:\/\/race4driftparts.com\/fr\/wp-json\/wp\/v2\/product_brand?post=53075"},{"taxonomy":"product_cat","embeddable":true,"href":"https:\/\/race4driftparts.com\/fr\/wp-json\/wp\/v2\/product_cat?post=53075"},{"taxonomy":"product_tag","embeddable":true,"href":"https:\/\/race4driftparts.com\/fr\/wp-json\/wp\/v2\/product_tag?post=53075"},{"taxonomy":"giftcard-category","embeddable":true,"href":"https:\/\/race4driftparts.com\/fr\/wp-json\/wp\/v2\/giftcard-category?post=53075"}],"curies":[{"name":"wp","href":"https:\/\/api.w.org\/{rel}","templated":true}]}}