{"id":53107,"date":"2025-08-10T15:46:24","date_gmt":"2025-08-10T13:46:24","guid":{"rendered":"https:\/\/race4driftparts.com\/?post_type=product&#038;p=53107"},"modified":"2026-04-20T17:35:56","modified_gmt":"2026-04-20T15:35:56","slug":"bmw-e36-m3-achterbumper-m-bumper-past-op-alle-e36-modellen-behalve-compact-upgrade-je-bmw-e36-met-deze-sportieve-achterbumper-in-m-stijl-geschikt-voor-alle-e36-modellen-behalve-de-compact","status":"publish","type":"product","link":"https:\/\/race4driftparts.com\/fr\/shop\/exterieur\/bumpers\/bmw-e36-m3-rear-bumper-m-bumper-fits-all-e36-models-except-compact-upgrade-your-bmw-e36-with-this-sporty-m-style-rear-bumper-suitable-for-all-e36-models-except-compact\/","title":{"rendered":"BMW E36 M3 Pare-chocs arri\u00e8re - Pare-chocs M - Haute Qualit\u00e9 Convient \u00e0 tous les mod\u00e8les E36 (sauf compact) (1992-1999)"},"content":{"rendered":"<h2>BMW E36 M3 Pare-chocs arri\u00e8re - Pare-chocs M - Haute Qualit\u00e9 Convient \u00e0 tous les mod\u00e8les E36 (sauf compact) (1992-1999)<\/h2>\n<p data-start=\"173\" data-end=\"257\"><strong data-start=\"173\" data-end=\"257\">BMW E36 M3 Rear Bumper - M Bumper | Durable, Perfect Fit &amp; Sporty Design<\/strong><\/p>\n<p data-start=\"259\" data-end=\"574\">Offrez \u00e0 votre BMW E36 une mise \u00e0 niveau accrocheuse gr\u00e2ce \u00e0 ce syst\u00e8me d'\u00e9chappement de haute qualit\u00e9. <strong data-start=\"322\" data-end=\"349\">pare-chocs arri\u00e8re en style M<\/strong>, Le pare-chocs M est particuli\u00e8rement adapt\u00e9 \u00e0 tous les mod\u00e8les BMW E36, \u00e0 l'exception de la Compact (1992-1999). Ce pare-chocs M sportif est fabriqu\u00e9 en plastique durable et r\u00e9sistant aux chocs et offre un ajustement parfait pour une installation facile sans modifications.<\/p>\n<p data-start=\"576\" data-end=\"926\">Ce pare-chocs arri\u00e8re donne \u00e0 votre BMW E36 M3 et autres variantes E36 un look M agressif et authentique qui fait passer l'apparence de votre voiture au niveau sup\u00e9rieur. Ce pare-chocs n'est pas seulement \u00e9l\u00e9gant, il augmente \u00e9galement la protection et l'a\u00e9rodynamisme \u00e0 l'arri\u00e8re de votre voiture. Id\u00e9al pour la restauration, le tuning ou le remplacement d'un pare-chocs endommag\u00e9.<\/p>\n<p data-start=\"928\" data-end=\"944\"><strong data-start=\"928\" data-end=\"942\">Caract\u00e9ristiques :<\/strong><\/p>\n<ul data-start=\"945\" data-end=\"1357\">\n<li data-start=\"945\" data-end=\"1024\">\n<p data-start=\"947\" data-end=\"1024\">Pare-chocs arri\u00e8re en style M convenant \u00e0 tous les mod\u00e8les BMW E36 sauf Compact<\/p>\n<\/li>\n<li data-start=\"1025\" data-end=\"1085\">\n<p data-start=\"1027\" data-end=\"1085\">Plastique durable et r\u00e9sistant aux chocs pour une qualit\u00e9 durable<\/p>\n<\/li>\n<li data-start=\"1086\" data-end=\"1149\">\n<p data-start=\"1088\" data-end=\"1149\">Parfaitement adapt\u00e9, facile \u00e0 assembler sans modifications<\/p>\n<\/li>\n<li data-start=\"1150\" data-end=\"1212\">\n<p data-start=\"1152\" data-end=\"1212\">Un look M sportif et agressif pour une apparence unique<\/p>\n<\/li>\n<li data-start=\"1213\" data-end=\"1264\">\n<p data-start=\"1215\" data-end=\"1264\">Augmente la protection et l'a\u00e9rodynamisme de votre E36<\/p>\n<\/li>\n<li data-start=\"1265\" data-end=\"1306\">\n<p data-start=\"1267\" data-end=\"1306\">Convient pour les ann\u00e9es de construction 1992 \u00e0 1999<\/p>\n<\/li>\n<li data-start=\"1307\" data-end=\"1357\">\n<p data-start=\"1309\" data-end=\"1357\">Parfait pour la restauration, le r\u00e9glage et le remplacement<\/p>\n<\/li>\n<li data-start=\"1307\" data-end=\"1357\">Livr\u00e9 avec diffuseur et ailes.<\/li>\n<\/ul>\n<p data-start=\"1359\" data-end=\"1504\">Commandez d\u00e8s maintenant votre pare-chocs BMW E36 M3 M et donnez \u00e0 votre voiture un lifting impressionnant de style M avec l'assurance d'un ajustement parfait et d'une qualit\u00e9 sup\u00e9rieure !<\/p>","protected":false},"excerpt":{"rendered":"<h3>BMW E36 M3 Pare-chocs arri\u00e8re - Pare-chocs M - Haute Qualit\u00e9 Convient \u00e0 tous les mod\u00e8les E36 (sauf compact) (1992-1999)<\/h3>\n<p data-start=\"1624\" data-end=\"1920\">Am\u00e9liorez votre BMW E36 avec ce mod\u00e8le sportif. <strong data-start=\"1662\" data-end=\"1689\">pare-chocs arri\u00e8re en style M<\/strong>. Convient \u00e0 tous les mod\u00e8les E36, \u00e0 l'exception du mod\u00e8le Compact, avec un ajustement parfait et fabriqu\u00e9 en plastique durable. Installation facile sans aucune modification. Donnez \u00e0 votre voiture un look M agressif et am\u00e9liorez la protection. Commandez d\u00e8s maintenant !<\/p>","protected":false},"featured_media":53108,"comment_status":"open","ping_status":"closed","template":"","meta":{"_acf_changed":false},"product_brand":[],"product_cat":[150],"product_tag":[3704,3864,3865,3866,3868,3867],"giftcard-category":[],"class_list":{"0":"post-53107","1":"product","2":"type-product","3":"status-publish","4":"has-post-thumbnail","6":"product_cat-bumpers","7":"product_tag-e36","8":"product_tag-m-bumper","9":"product_tag-m3","10":"product_tag-m3-bumper","11":"product_tag-mpakket","12":"product_tag-rear-bumper-m3-style","15":"instock","16":"taxable","17":"shipping-taxable","18":"purchasable","19":"product-type-simple","20":"product-grid-view"},"exclude_global_add_ons":[],"addons":[],"acf":[],"_links":{"self":[{"href":"https:\/\/race4driftparts.com\/fr\/wp-json\/wp\/v2\/product\/53107","targetHints":{"allow":["GET"]}}],"collection":[{"href":"https:\/\/race4driftparts.com\/fr\/wp-json\/wp\/v2\/product"}],"about":[{"href":"https:\/\/race4driftparts.com\/fr\/wp-json\/wp\/v2\/types\/product"}],"replies":[{"embeddable":true,"href":"https:\/\/race4driftparts.com\/fr\/wp-json\/wp\/v2\/comments?post=53107"}],"version-history":[{"count":1,"href":"https:\/\/race4driftparts.com\/fr\/wp-json\/wp\/v2\/product\/53107\/revisions"}],"predecessor-version":[{"id":59862,"href":"https:\/\/race4driftparts.com\/fr\/wp-json\/wp\/v2\/product\/53107\/revisions\/59862"}],"wp:featuredmedia":[{"embeddable":true,"href":"https:\/\/race4driftparts.com\/fr\/wp-json\/wp\/v2\/media\/53108"}],"wp:attachment":[{"href":"https:\/\/race4driftparts.com\/fr\/wp-json\/wp\/v2\/media?parent=53107"}],"wp:term":[{"taxonomy":"product_brand","embeddable":true,"href":"https:\/\/race4driftparts.com\/fr\/wp-json\/wp\/v2\/product_brand?post=53107"},{"taxonomy":"product_cat","embeddable":true,"href":"https:\/\/race4driftparts.com\/fr\/wp-json\/wp\/v2\/product_cat?post=53107"},{"taxonomy":"product_tag","embeddable":true,"href":"https:\/\/race4driftparts.com\/fr\/wp-json\/wp\/v2\/product_tag?post=53107"},{"taxonomy":"giftcard-category","embeddable":true,"href":"https:\/\/race4driftparts.com\/fr\/wp-json\/wp\/v2\/giftcard-category?post=53107"}],"curies":[{"name":"wp","href":"https:\/\/api.w.org\/{rel}","templated":true}]}}