{"id":53389,"date":"2025-10-05T11:59:01","date_gmt":"2025-10-05T09:59:01","guid":{"rendered":"https:\/\/race4driftparts.com\/?post_type=product&#038;p=53389"},"modified":"2025-10-05T12:01:41","modified_gmt":"2025-10-05T10:01:41","slug":"bmw-e36-zwarte-nieren-facelift-1996-2000-glanzend-dubbelspijls-grill-oem-pasvorm","status":"publish","type":"product","link":"https:\/\/race4driftparts.com\/fr\/shop\/exterieur\/grille-en-nieren\/bmw-e36-black-kidneys-facelift-1996-2000-shiny-double-pillar-grill-oem-fit\/","title":{"rendered":"BMW E36 Black Kidneys Facelift (1996-2000) - Grille Double Fl\u00e8che Brillante | OEM Fit"},"content":{"rendered":"<h1>BMW E36 Black Kidneys Facelift (1996-2000) - Grille Double Fl\u00e8che Brillante | OEM Fit<\/h1>\n<p data-start=\"806\" data-end=\"1117\"><strong data-start=\"806\" data-end=\"895\">Donnez \u00e0 votre BMW E36 Facelift (ann\u00e9e 1996-2000) un look moderne et agressif.<\/strong> avec ce noir brillant <strong data-start=\"921\" data-end=\"953\">reins \u00e0 double pilier (grille)<\/strong>.<br data-start=\"954\" data-end=\"957\" \/>Cette grille de rechange de haute qualit\u00e9 remplace la version chrom\u00e9e standard et donne instantan\u00e9ment une image de marque \u00e0 la voiture. <strong data-start=\"1057\" data-end=\"1086\">une allure plus sportive et plus serr\u00e9e<\/strong> A l'avant de votre E36.<\/p>\n<hr data-start=\"1119\" data-end=\"1122\" \/>\n<h2 data-start=\"1124\" data-end=\"1162\">Am\u00e9lioration sportive avec ajustement OEM<\/h2>\n<p data-start=\"1164\" data-end=\"1387\">La calandre noire du nouveau mod\u00e8le est con\u00e7ue avec <strong data-start=\"1253\" data-end=\"1274\">Sp\u00e9cifications OEM<\/strong> pour un ajustement parfait.<br data-start=\"1301\" data-end=\"1304\" \/>L'installation est termin\u00e9e <strong data-start=\"1328\" data-end=\"1343\">plug and play<\/strong>sans aucune modification ou pi\u00e8ce suppl\u00e9mentaire.<\/p>\n<p data-start=\"1389\" data-end=\"1520\">Que vous travailliez sur un <strong data-start=\"1417\" data-end=\"1462\">projet de tuning, driftbuild ou mise \u00e0 jour OEM<\/strong>Ces reins noirs s'int\u00e8grent parfaitement \u00e0 tout projet E36.<\/p>\n<hr data-start=\"1522\" data-end=\"1525\" \/>\n<h2 data-start=\"1527\" data-end=\"1545\">Convient pour<\/h2>\n<p data-start=\"1547\" data-end=\"1622\">BMW E36 Facelift (1996-2000)<br data-start=\"1577\" data-end=\"1580\" \/>Berline<br data-start=\"1587\" data-end=\"1590\" \/>\u2714 Coup\u00e9<br data-start=\"1597\" data-end=\"1600\" \/>\u2714 Convertible<br data-start=\"1608\" data-end=\"1611\" \/>\u2714 Touring<\/p>\n<p data-start=\"1624\" data-end=\"1684\"><strong data-start=\"1624\" data-end=\"1647\">Ne convient pas pour :<\/strong><br data-start=\"1647\" data-end=\"1650\" \/>BMW E36 Pre-facelift (1990-1996)<\/p>\n<p data-start=\"1686\" data-end=\"1767\"><em data-start=\"1686\" data-end=\"1765\">(Pour cela, consultez notre version pr\u00e9facelift des reins noirs \u00e0 double pilier).<\/em><\/p>\n<hr data-start=\"1769\" data-end=\"1772\" \/>\n<h2 data-start=\"1774\" data-end=\"1802\">Caract\u00e9ristiques principales<\/h2>\n<ul data-start=\"1804\" data-end=\"2141\">\n<li data-start=\"1804\" data-end=\"1865\">\n<p data-start=\"1806\" data-end=\"1865\"><strong data-start=\"1806\" data-end=\"1835\">Finition noire brillante<\/strong> - look sportif et moderne<\/p>\n<\/li>\n<li data-start=\"1866\" data-end=\"1927\">\n<p data-start=\"1868\" data-end=\"1927\"><strong data-start=\"1868\" data-end=\"1891\">Conception \u00e0 double broche<\/strong> - Inspir\u00e9 par les grilles de style M<\/p>\n<\/li>\n<li data-start=\"1991\" data-end=\"2056\">\n<p data-start=\"1993\" data-end=\"2056\"><strong data-start=\"1993\" data-end=\"2008\">Adaptation OEM<\/strong> - assemblage facile, aucun r\u00e9glage n'est n\u00e9cessaire<\/p>\n<\/li>\n<li data-start=\"2057\" data-end=\"2141\">\n<p data-start=\"2059\" data-end=\"2141\"><strong data-start=\"2059\" data-end=\"2087\">Am\u00e9lioration directe du lifting<\/strong> - Am\u00e9liorez l'apparence de votre E36 en quelques minutes<\/p>\n<\/li>\n<\/ul>\n<hr data-start=\"2143\" data-end=\"2146\" \/>\n<h2 data-start=\"2148\" data-end=\"2204\">Pourquoi choisir ces reins E36 Facelift noirs ?<\/h2>\n<p data-start=\"2206\" data-end=\"2418\">\u2714 Un look moderne et agressif<br data-start=\"2235\" data-end=\"2238\" \/>\u2714 Finition de haute qualit\u00e9 avec rev\u00eatement noir brillant<br data-start=\"2290\" data-end=\"2293\" \/>\u2714 Parfaitement adapt\u00e9 \u00e0 tous les mod\u00e8les E36 facelift<br data-start=\"2343\" data-end=\"2346\" \/>\u2714 Mat\u00e9riau durable qui dure longtemps<br data-start=\"2383\" data-end=\"2386\" \/>\u2714 Assemblage rapide et facile<\/p>\n<hr data-start=\"2420\" data-end=\"2423\" \/>\n<p data-start=\"2425\" data-end=\"2681\"><strong data-start=\"2425\" data-end=\"2448\">Mise \u00e0 niveau aujourd'hui<\/strong> votre BMW E36 Facelift et faites ressortir votre classique avec ces doubles piliers noirs brillants et \u00e9l\u00e9gants.<br data-start=\"2557\" data-end=\"2560\" \/>La combinaison parfaite de <strong data-start=\"2587\" data-end=\"2629\">Qualit\u00e9 OEM et aspect sportif<\/strong> - un petit ajustement avec un grand effet visuel.<\/p>\n<hr data-start=\"2683\" data-end=\"2686\" \/>\n<p data-start=\"2688\" data-end=\"2774\"><strong data-start=\"2693\" data-end=\"2772\">Commandez maintenant et donnez \u00e0 votre BMW E36 Facelift (1996-2000) le look qu'elle m\u00e9rite !<\/strong><\/p>","protected":false},"excerpt":{"rendered":"<p data-start=\"526\" data-end=\"721\">Donnez \u00e0 votre BMW E36 Facelift (1996-2000) un look sportif et moderne avec ces rognons \u00e0 double fl\u00e8che noir brillant. Parfaitement adapt\u00e9s \u00e0 l'\u00e9quipement d'origine, ils sont durables et pr\u00eats \u00e0 l'emploi.<\/p>","protected":false},"featured_media":53390,"comment_status":"open","ping_status":"closed","template":"","meta":{"_acf_changed":false},"product_brand":[],"product_cat":[158],"product_tag":[3965,279,627,3704,3964,3967,3966],"giftcard-category":[],"class_list":{"0":"post-53389","1":"product","2":"type-product","3":"status-publish","4":"has-post-thumbnail","6":"product_cat-grille-en-nieren","7":"product_tag-blacked-out","8":"product_tag-bmw","9":"product_tag-bmw-e36","10":"product_tag-e36","11":"product_tag-nieren","12":"product_tag-styling","13":"product_tag-tuning","16":"onbackorder","17":"taxable","18":"shipping-taxable","19":"purchasable","20":"product-type-simple","21":"product-grid-view"},"exclude_global_add_ons":[],"addons":[],"acf":[],"_links":{"self":[{"href":"https:\/\/race4driftparts.com\/fr\/wp-json\/wp\/v2\/product\/53389","targetHints":{"allow":["GET"]}}],"collection":[{"href":"https:\/\/race4driftparts.com\/fr\/wp-json\/wp\/v2\/product"}],"about":[{"href":"https:\/\/race4driftparts.com\/fr\/wp-json\/wp\/v2\/types\/product"}],"replies":[{"embeddable":true,"href":"https:\/\/race4driftparts.com\/fr\/wp-json\/wp\/v2\/comments?post=53389"}],"version-history":[{"count":0,"href":"https:\/\/race4driftparts.com\/fr\/wp-json\/wp\/v2\/product\/53389\/revisions"}],"wp:featuredmedia":[{"embeddable":true,"href":"https:\/\/race4driftparts.com\/fr\/wp-json\/wp\/v2\/media\/53390"}],"wp:attachment":[{"href":"https:\/\/race4driftparts.com\/fr\/wp-json\/wp\/v2\/media?parent=53389"}],"wp:term":[{"taxonomy":"product_brand","embeddable":true,"href":"https:\/\/race4driftparts.com\/fr\/wp-json\/wp\/v2\/product_brand?post=53389"},{"taxonomy":"product_cat","embeddable":true,"href":"https:\/\/race4driftparts.com\/fr\/wp-json\/wp\/v2\/product_cat?post=53389"},{"taxonomy":"product_tag","embeddable":true,"href":"https:\/\/race4driftparts.com\/fr\/wp-json\/wp\/v2\/product_tag?post=53389"},{"taxonomy":"giftcard-category","embeddable":true,"href":"https:\/\/race4driftparts.com\/fr\/wp-json\/wp\/v2\/giftcard-category?post=53389"}],"curies":[{"name":"wp","href":"https:\/\/api.w.org\/{rel}","templated":true}]}}