{"id":54330,"date":"2025-11-06T17:55:51","date_gmt":"2025-11-06T16:55:51","guid":{"rendered":"https:\/\/race4driftparts.com\/?post_type=product&#038;p=54330"},"modified":"2025-11-12T16:15:19","modified_gmt":"2025-11-12T15:15:19","slug":"bmw-e46-m-sportlook-voorbumper-coupe-cabrio-1999-2007","status":"publish","type":"product","link":"https:\/\/race4driftparts.com\/fr\/shop\/exterieur\/bumpers\/bmw-e46-m-sportlook-front-bumper-coupe-convertible-1999-2007\/","title":{"rendered":"BMW E46 M Sportlook Pare-chocs avant Coupe\/Cabrio 1999-2007"},"content":{"rendered":"<h2>BMW E46 M Sportlook Pare-chocs avant Coupe\/Cabrio 1999-2007<\/h2>\n<p data-start=\"871\" data-end=\"1148\">Am\u00e9liorez l'aspect de votre <strong data-start=\"894\" data-end=\"942\">BMW E46 Coup\u00e9 ou Cabriolet (ann\u00e9e 1999-2007)<\/strong> avec cette <strong data-start=\"952\" data-end=\"995\">Pare-chocs avant M Sport de qualit\u00e9 sup\u00e9rieure<\/strong>. Ce pare-chocs donne \u00e0 votre voiture une allure sportive et dynamique. <strong data-start=\"1087\" data-end=\"1119\">points de fixation d'origine<\/strong> pour un ajustement parfait.<\/p>\n<p data-start=\"1150\" data-end=\"1440\">Le pare-chocs est compos\u00e9 de <strong data-start=\"1179\" data-end=\"1213\">polypropyl\u00e8ne (PP) de haute qualit\u00e9<\/strong> - un mat\u00e9riau qui est \u00e0 la fois <strong data-start=\"1240\" data-end=\"1274\">R\u00e9sistant aux chocs comme incassable<\/strong> est id\u00e9al pour une utilisation quotidienne et une durabilit\u00e9 \u00e0 long terme. En outre, la surface est <strong data-start=\"1364\" data-end=\"1378\">pr\u00eat \u00e0 \u00eatre pulv\u00e9ris\u00e9<\/strong>, Vous pouvez donc facilement le terminer dans la couleur souhait\u00e9e.<\/p>\n<p data-start=\"1442\" data-end=\"1564\">Pour le montage et les meilleurs r\u00e9sultats, il est recommand\u00e9 que le pare-chocs soit <strong data-start=\"1508\" data-end=\"1561\">ajuster et r\u00e9gler avant de pulv\u00e9riser<\/strong>.<\/p>\n<p data-start=\"1566\" data-end=\"1582\"><strong data-start=\"1566\" data-end=\"1580\">Avantages :<\/strong><\/p>\n<ul data-start=\"1583\" data-end=\"1865\">\n<li data-start=\"1583\" data-end=\"1628\">\n<p data-start=\"1585\" data-end=\"1628\">Votre BMW donne-t-elle le <strong data-start=\"1601\" data-end=\"1626\">look M Sport embl\u00e9matique<\/strong><\/p>\n<\/li>\n<li data-start=\"1629\" data-end=\"1686\">\n<p data-start=\"1631\" data-end=\"1686\"><strong data-start=\"1631\" data-end=\"1674\">Durable, r\u00e9sistant aux chocs et solide <\/strong>mat\u00e9riel<\/p>\n<\/li>\n<li data-start=\"1687\" data-end=\"1750\">\n<p data-start=\"1689\" data-end=\"1750\"><strong data-start=\"1689\" data-end=\"1711\">Montage facile<\/strong> gr\u00e2ce aux points de fixation d'origine<\/p>\n<\/li>\n<li data-start=\"1751\" data-end=\"1808\">\n<p data-start=\"1753\" data-end=\"1808\"><strong data-start=\"1753\" data-end=\"1781\">Polypropyl\u00e8ne pr\u00eat \u00e0 l'emploi<\/strong> pour une correspondance parfaite des couleurs<\/p>\n<\/li>\n<li data-start=\"1809\" data-end=\"1865\">\n<p data-start=\"1811\" data-end=\"1865\">Convient pour <strong data-start=\"1825\" data-end=\"1863\">BMW E46 Coup\u00e9 &amp; Cabriolet (1999-2007)<\/strong><\/p>\n<\/li>\n<\/ul>\n<p data-start=\"1867\" data-end=\"1887\"><strong data-start=\"1867\" data-end=\"1885\">Sp\u00e9cifications :<\/strong><\/p>\n<ul data-start=\"1888\" data-end=\"2004\">\n<li data-start=\"1888\" data-end=\"1925\">\n<p data-start=\"1890\" data-end=\"1925\"><strong data-start=\"1890\" data-end=\"1904\">Mat\u00e9riau :<\/strong> Polypropyl\u00e8ne (PP)<\/p>\n<\/li>\n<li data-start=\"1926\" data-end=\"1963\">\n<p data-start=\"1928\" data-end=\"1963\"><strong data-start=\"1928\" data-end=\"1938\">Couleur :<\/strong> Non peint \/ pr\u00eat \u00e0 \u00eatre pulv\u00e9ris\u00e9<\/p>\n<\/li>\n<li data-start=\"1964\" data-end=\"2004\">\n<p data-start=\"1966\" data-end=\"2004\"><strong data-start=\"1966\" data-end=\"1978\">Assemblage :<\/strong> Points de fixation d'origine<\/p>\n<\/li>\n<\/ul>\n<p data-start=\"2006\" data-end=\"2177\">Apportez l'aspect sportif de la <strong data-start=\"2044\" data-end=\"2055\">S\u00e9rie M<\/strong> \u00e0 votre propre BMW avec ce pare-chocs avant \u00e9l\u00e9gant et durable - la combinaison parfaite de la qualit\u00e9, de l'ajustement et du design.<\/p>","protected":false},"excerpt":{"rendered":"<h3>BMW E46 M Sportlook Pare-chocs avant Coupe\/Cabrio 1999-2007<\/h3>\n<p>Donnez votre <strong data-start=\"364\" data-end=\"403\">BMW E46 Coup\u00e9 ou Cabriolet (1999-2007)<\/strong> un look sportif avec cette <strong data-start=\"439\" data-end=\"484\">Pare-chocs avant M Sport de haute qualit\u00e9<\/strong>. Le pare-chocs s'adapte parfaitement aux points de fixation d'origine et est compos\u00e9 de <strong data-start=\"557\" data-end=\"614\">polypropyl\u00e8ne pouvant \u00eatre peint, r\u00e9sistant aux chocs et incassable<\/strong>.<\/p>","protected":false},"featured_media":54332,"comment_status":"open","ping_status":"closed","template":"","meta":{"_acf_changed":false},"product_brand":[],"product_cat":[150],"product_tag":[],"giftcard-category":[],"class_list":{"0":"post-54330","1":"product","2":"type-product","3":"status-publish","4":"has-post-thumbnail","6":"product_cat-bumpers","9":"onbackorder","10":"taxable","11":"shipping-taxable","12":"purchasable","13":"product-type-simple","14":"product-grid-view"},"exclude_global_add_ons":[],"addons":[],"acf":[],"_links":{"self":[{"href":"https:\/\/race4driftparts.com\/fr\/wp-json\/wp\/v2\/product\/54330","targetHints":{"allow":["GET"]}}],"collection":[{"href":"https:\/\/race4driftparts.com\/fr\/wp-json\/wp\/v2\/product"}],"about":[{"href":"https:\/\/race4driftparts.com\/fr\/wp-json\/wp\/v2\/types\/product"}],"replies":[{"embeddable":true,"href":"https:\/\/race4driftparts.com\/fr\/wp-json\/wp\/v2\/comments?post=54330"}],"version-history":[{"count":0,"href":"https:\/\/race4driftparts.com\/fr\/wp-json\/wp\/v2\/product\/54330\/revisions"}],"wp:featuredmedia":[{"embeddable":true,"href":"https:\/\/race4driftparts.com\/fr\/wp-json\/wp\/v2\/media\/54332"}],"wp:attachment":[{"href":"https:\/\/race4driftparts.com\/fr\/wp-json\/wp\/v2\/media?parent=54330"}],"wp:term":[{"taxonomy":"product_brand","embeddable":true,"href":"https:\/\/race4driftparts.com\/fr\/wp-json\/wp\/v2\/product_brand?post=54330"},{"taxonomy":"product_cat","embeddable":true,"href":"https:\/\/race4driftparts.com\/fr\/wp-json\/wp\/v2\/product_cat?post=54330"},{"taxonomy":"product_tag","embeddable":true,"href":"https:\/\/race4driftparts.com\/fr\/wp-json\/wp\/v2\/product_tag?post=54330"},{"taxonomy":"giftcard-category","embeddable":true,"href":"https:\/\/race4driftparts.com\/fr\/wp-json\/wp\/v2\/giftcard-category?post=54330"}],"curies":[{"name":"wp","href":"https:\/\/api.w.org\/{rel}","templated":true}]}}