{"id":54392,"date":"2025-11-12T17:25:02","date_gmt":"2025-11-12T16:25:02","guid":{"rendered":"https:\/\/race4driftparts.com\/?post_type=product&#038;p=54392"},"modified":"2025-12-16T10:52:27","modified_gmt":"2025-12-16T09:52:27","slug":"bmw-e36-coupe-overfenders-set-v1-front-35mm-v1-rear-45mm-felony-style","status":"publish","type":"product","link":"https:\/\/race4driftparts.com\/fr\/shop\/exterieur\/bodykits\/bmw-e36-coupe-overfenders-set-v1-front-35mm-v1-rear-45mm-felony-style\/","title":{"rendered":"BMW E36 Coupe Overfenders Set V1 Front +35mm \/ V1 Rear +45mm (Felony Style)"},"content":{"rendered":"<h2>BMW E36 Coupe Overfenders Set V1 Front +35mm \/ V1 Rear +45mm (Felony Style)<\/h2>\n<p data-start=\"244\" data-end=\"322\"><strong data-start=\"244\" data-end=\"322\">BMW E36 Coupe Overfenders Set - V1 Avant +35mm \/ Arri\u00e8re +45mm (Felony Style)<\/strong><\/p>\n<p data-start=\"324\" data-end=\"546\">Donnez \u00e0 votre BMW E36 Coup\u00e9 un look large et agressif avec ce kit d'accessoires pour BMW E36 Coup\u00e9. <strong data-start=\"391\" data-end=\"426\">Set d'overfenders V1 de style f\u00e9lon<\/strong>. Parfait pour ceux qui veulent cr\u00e9er un look widebody saisissant avec un espace suppl\u00e9mentaire pour des roues plus larges et une position plus basse.<\/p>\n<p data-start=\"548\" data-end=\"711\">Cet ensemble de garde-boue a \u00e9t\u00e9 con\u00e7u avec le souci de l'ajustement et du d\u00e9tail, en s'inspirant du c\u00e9l\u00e8bre mod\u00e8le de l'Union europ\u00e9enne. <strong data-start=\"645\" data-end=\"660\">Formulaire pour les d\u00e9lits<\/strong> Le style \"widebody\" du monde de la d\u00e9rive et du sport automobile.<\/p>\n<p data-start=\"713\" data-end=\"728\">L'ensemble comprend<\/p>\n<ul data-start=\"729\" data-end=\"844\">\n<li data-start=\"729\" data-end=\"785\">\n<p data-start=\"731\" data-end=\"785\"><strong data-start=\"731\" data-end=\"755\">Garde-boue avant :<\/strong> +35 mm d'\u00e9largissement par c\u00f4t\u00e9<\/p>\n<\/li>\n<li data-start=\"786\" data-end=\"844\">\n<p data-start=\"788\" data-end=\"844\"><strong data-start=\"788\" data-end=\"814\">Garde-boue arri\u00e8re :<\/strong> +\u00c9largissement de 45 mm de chaque c\u00f4t\u00e9<\/p>\n<\/li>\n<\/ul>\n<p data-start=\"846\" data-end=\"1153\">Fabriqu\u00e9 \u00e0 partir de mat\u00e9riaux de haute qualit\u00e9 <strong data-start=\"870\" data-end=\"884\">fibre de verre<\/strong> et a termin\u00e9 avec un <strong data-start=\"906\" data-end=\"923\">gelcoat blanc<\/strong>, Ces garde-boue sont l\u00e9gers, solides et faciles \u00e0 monter. L'espace suppl\u00e9mentaire pour les roues permet de monter des jantes plus larges, ce qui donne un aspect plus robuste et am\u00e9liore les performances en drift et sur circuit.<\/p>\n<p data-start=\"1155\" data-end=\"1164\"><strong>Remarque :<\/strong><\/p>\n<ul data-start=\"1165\" data-end=\"1359\">\n<li data-start=\"1165\" data-end=\"1253\">\n<p data-start=\"1167\" data-end=\"1253\">Le produit est <strong data-start=\"1182\" data-end=\"1214\">non pr\u00e9par\u00e9 pour la peinture<\/strong> et est d\u00e9livr\u00e9 <strong data-start=\"1233\" data-end=\"1250\">sans primer<\/strong>.<\/p>\n<\/li>\n<li data-start=\"1254\" data-end=\"1359\">\n<p data-start=\"1256\" data-end=\"1359\">Pour de meilleurs r\u00e9sultats, il est recommand\u00e9 de poncer et d'ajuster la surface avant la pulv\u00e9risation.<\/p>\n<\/li>\n<\/ul>\n<p data-start=\"1361\" data-end=\"1527\"><strong data-start=\"1382\" data-end=\"1396\">Mat\u00e9riau :<\/strong> Fibre de verre (FRP)<br data-start=\"1413\" data-end=\"1416\" \/><strong data-start=\"1416\" data-end=\"1426\">Couleur :<\/strong> Gelcoat blanc<br data-start=\"1440\" data-end=\"1443\" \/><strong data-start=\"1443\" data-end=\"1458\">Application :<\/strong> BMW E36 Coup\u00e9<br data-start=\"1472\" data-end=\"1475\" \/><strong data-start=\"1475\" data-end=\"1487\">Largeur :<\/strong> Avant +35 mm \/ arri\u00e8re +45 mm par c\u00f4t\u00e9<\/p>\n<p data-start=\"1529\" data-end=\"1566\">Pourquoi choisir Race4DriftParts :<\/p>\n<ul data-start=\"1567\" data-end=\"1738\">\n<li data-start=\"1567\" data-end=\"1610\">\n<p data-start=\"1569\" data-end=\"1610\">Lots en stock \u00e0 Roermond, Pays-Bas<\/p>\n<\/li>\n<li data-start=\"1611\" data-end=\"1665\">\n<p data-start=\"1613\" data-end=\"1665\">Sp\u00e9cialiste des pi\u00e8ces de drift, de course et de carrosserie large<\/p>\n<\/li>\n<li data-start=\"1666\" data-end=\"1699\">\n<p data-start=\"1668\" data-end=\"1699\">Livraison rapide en Europe.<\/p>\n<\/li>\n<li data-start=\"1700\" data-end=\"1738\">\n<p data-start=\"1702\" data-end=\"1738\">Haute qualit\u00e9 et ajustement parfait<\/p>\n<\/li>\n<\/ul>","protected":false},"excerpt":{"rendered":"<h3>BMW E36 Coupe Overfenders Set V1 Front +35mm \/ V1 Rear +45mm (Felony Style)<\/h3>\n<p>Les garde-boue de style f\u00e9lon sont pr\u00eats pour <strong data-start=\"1940\" data-end=\"1957\">BMW E36 Coup\u00e9<\/strong>.<br data-start=\"1958\" data-end=\"1961\" \/>Avant +35 mm par c\u00f4t\u00e9, arri\u00e8re +45 mm par c\u00f4t\u00e9.<br data-start=\"2018\" data-end=\"2021\" \/>Fabriqu\u00e9 en fibre de verre solide avec une finition en gelcoat blanc.<br data-start=\"2078\" data-end=\"2081\" \/>Non pr\u00e9par\u00e9 pour la peinture, livr\u00e9 sans appr\u00eat.<br data-start=\"2134\" data-end=\"2137\" \/>Offre un look Felony large et agressif et de l'espace suppl\u00e9mentaire pour les roues.<\/p>","protected":false},"featured_media":54393,"comment_status":"open","ping_status":"closed","template":"","meta":{"_acf_changed":false},"product_brand":[4112],"product_cat":[160],"product_tag":[627,280,4115,4113,4116,3657,512,3945,4117],"giftcard-category":[],"class_list":{"0":"post-54392","1":"product","2":"type-product","3":"status-publish","4":"has-post-thumbnail","6":"product_brand-mway","7":"product_cat-bodykits","8":"product_tag-bmw-e36","9":"product_tag-drift","10":"product_tag-felony","11":"product_tag-mway","12":"product_tag-overfender","13":"product_tag-race","14":"product_tag-rally","15":"product_tag-stance","16":"product_tag-widebody","19":"instock","20":"taxable","21":"shipping-taxable","22":"purchasable","23":"product-type-simple","24":"product-grid-view"},"exclude_global_add_ons":[],"addons":[],"acf":[],"_links":{"self":[{"href":"https:\/\/race4driftparts.com\/fr\/wp-json\/wp\/v2\/product\/54392","targetHints":{"allow":["GET"]}}],"collection":[{"href":"https:\/\/race4driftparts.com\/fr\/wp-json\/wp\/v2\/product"}],"about":[{"href":"https:\/\/race4driftparts.com\/fr\/wp-json\/wp\/v2\/types\/product"}],"replies":[{"embeddable":true,"href":"https:\/\/race4driftparts.com\/fr\/wp-json\/wp\/v2\/comments?post=54392"}],"version-history":[{"count":0,"href":"https:\/\/race4driftparts.com\/fr\/wp-json\/wp\/v2\/product\/54392\/revisions"}],"wp:featuredmedia":[{"embeddable":true,"href":"https:\/\/race4driftparts.com\/fr\/wp-json\/wp\/v2\/media\/54393"}],"wp:attachment":[{"href":"https:\/\/race4driftparts.com\/fr\/wp-json\/wp\/v2\/media?parent=54392"}],"wp:term":[{"taxonomy":"product_brand","embeddable":true,"href":"https:\/\/race4driftparts.com\/fr\/wp-json\/wp\/v2\/product_brand?post=54392"},{"taxonomy":"product_cat","embeddable":true,"href":"https:\/\/race4driftparts.com\/fr\/wp-json\/wp\/v2\/product_cat?post=54392"},{"taxonomy":"product_tag","embeddable":true,"href":"https:\/\/race4driftparts.com\/fr\/wp-json\/wp\/v2\/product_tag?post=54392"},{"taxonomy":"giftcard-category","embeddable":true,"href":"https:\/\/race4driftparts.com\/fr\/wp-json\/wp\/v2\/giftcard-category?post=54392"}],"curies":[{"name":"wp","href":"https:\/\/api.w.org\/{rel}","templated":true}]}}