{"id":54408,"date":"2025-11-12T19:57:11","date_gmt":"2025-11-12T18:57:11","guid":{"rendered":"https:\/\/race4driftparts.com\/?post_type=product&#038;p=54408"},"modified":"2025-11-16T15:18:27","modified_gmt":"2025-11-16T14:18:27","slug":"bmw-e36-coupe-overfenders-set-v2-front-60mm-rear-60mm-felony-style","status":"publish","type":"product","link":"https:\/\/race4driftparts.com\/fr\/shop\/exterieur\/bodykits\/bmw-e36-coupe-overfenders-set-v2-front-60mm-rear-60mm-felony-style\/","title":{"rendered":"BMW E36 Coupe Overfenders Set - V2 Front +60mm \/ Rear +60mm (Felony Style)"},"content":{"rendered":"<h2 data-start=\"0\" data-end=\"80\"><strong data-start=\"0\" data-end=\"78\">BMW E36 Coupe Overfenders Set - V2 Front +60mm \/ Rear +60mm (Felony Style)<\/strong><\/h2>\n<p data-start=\"82\" data-end=\"352\">Donnez \u00e0 votre BMW E36 Coup\u00e9 un look encore plus large et plus agressif avec ce kit d'accessoires pour BMW E36 Coup\u00e9. <strong data-start=\"157\" data-end=\"192\">Jeu de pare-chocs V2 de style f\u00e9lon<\/strong>. Cette version V2 est con\u00e7ue pour les enthousiastes qui veulent vraiment se d\u00e9marquer avec un look widebody extr\u00eame et un maximum d'espace pour des roues larges et une position basse.<\/p>\n<p data-start=\"354\" data-end=\"603\">Les garde-boue sont con\u00e7us avec pr\u00e9cision pour une <strong data-start=\"411\" data-end=\"435\">l'ajustement et la finition<\/strong>inspir\u00e9e de l'embl\u00e9matique <strong data-start=\"466\" data-end=\"496\">Formulaire Felony Style large<\/strong> du monde du drift et du sport automobile. Parfait pour les voitures d'exposition ainsi que pour les projets s\u00e9rieux de drift ou de piste.<\/p>\n<p data-start=\"605\" data-end=\"624\"><strong data-start=\"605\" data-end=\"622\">L'ensemble comprend<\/strong><\/p>\n<ul data-start=\"625\" data-end=\"740\">\n<li data-start=\"625\" data-end=\"681\">\n<p data-start=\"627\" data-end=\"681\"><strong data-start=\"627\" data-end=\"651\">Garde-boue avant :<\/strong> +\u00c9largissement de 60 mm par c\u00f4t\u00e9<\/p>\n<\/li>\n<li data-start=\"682\" data-end=\"740\">\n<p data-start=\"684\" data-end=\"740\"><strong data-start=\"684\" data-end=\"710\">Garde-boue arri\u00e8re :<\/strong> +\u00c9largissement de 60 mm par c\u00f4t\u00e9<\/p>\n<\/li>\n<\/ul>\n<p data-start=\"742\" data-end=\"1122\">Fabriqu\u00e9 en <strong data-start=\"754\" data-end=\"786\">Fibre de verre de haute qualit\u00e9 (FRP)<\/strong> et a termin\u00e9 avec un <strong data-start=\"808\" data-end=\"825\">gelcoat blanc<\/strong>, Ces garde-boue sont \u00e0 la fois l\u00e9gers et robustes. L'installation est facile et l'espace suppl\u00e9mentaire pour les roues permet d'utiliser des jantes beaucoup plus larges. Il en r\u00e9sulte non seulement une <strong data-start=\"1016\" data-end=\"1042\">look agressif et large<\/strong>, mais aussi en <strong data-start=\"1056\" data-end=\"1086\">une meilleure stabilit\u00e9 et une meilleure adh\u00e9rence<\/strong> en cas de d\u00e9rive ou d'utilisation sur piste.<\/p>\n<p data-start=\"1124\" data-end=\"1137\"><strong data-start=\"1124\" data-end=\"1135\">Remarque :<\/strong><\/p>\n<ul data-start=\"1138\" data-end=\"1350\">\n<li data-start=\"1138\" data-end=\"1222\">\n<p data-start=\"1140\" data-end=\"1222\">Le produit est <strong data-start=\"1155\" data-end=\"1187\">non pr\u00e9par\u00e9 pour la peinture<\/strong> et est fourni sans appr\u00eat.<\/p>\n<\/li>\n<li data-start=\"1223\" data-end=\"1350\">\n<p data-start=\"1225\" data-end=\"1350\">Pour de meilleurs r\u00e9sultats, il est recommand\u00e9 que la surface <strong data-start=\"1281\" data-end=\"1318\">pon\u00e7age l\u00e9ger et ajustement<\/strong> avant la pulv\u00e9risation ou l'assemblage.<\/p>\n<\/li>\n<\/ul>\n<p data-start=\"1352\" data-end=\"1372\"><strong data-start=\"1352\" data-end=\"1370\">Sp\u00e9cifications :<\/strong><\/p>\n<ul data-start=\"1373\" data-end=\"1526\">\n<li data-start=\"1373\" data-end=\"1408\">\n<p data-start=\"1375\" data-end=\"1408\"><strong data-start=\"1375\" data-end=\"1389\">Mat\u00e9riau :<\/strong> Fibre de verre (FRP)<\/p>\n<\/li>\n<li data-start=\"1409\" data-end=\"1437\">\n<p data-start=\"1411\" data-end=\"1437\"><strong data-start=\"1411\" data-end=\"1421\">Couleur :<\/strong> Gelcoat blanc<\/p>\n<\/li>\n<li data-start=\"1438\" data-end=\"1471\">\n<p data-start=\"1440\" data-end=\"1471\"><strong data-start=\"1440\" data-end=\"1455\">Application :<\/strong> BMW E36 Coup\u00e9<\/p>\n<\/li>\n<li data-start=\"1472\" data-end=\"1526\">\n<p data-start=\"1474\" data-end=\"1526\"><strong data-start=\"1474\" data-end=\"1486\">Largeur :<\/strong> Avant +60 mm \/ arri\u00e8re +60 mm par c\u00f4t\u00e9<\/p>\n<\/li>\n<\/ul>\n<p data-start=\"1528\" data-end=\"1569\"><strong data-start=\"1528\" data-end=\"1567\">Pourquoi choisir Race4DriftParts :<\/strong><\/p>\n<ul data-start=\"1570\" data-end=\"1788\">\n<li data-start=\"1570\" data-end=\"1615\">\n<p data-start=\"1572\" data-end=\"1615\">Stock important en <strong data-start=\"1590\" data-end=\"1613\">Roermond, Pays-Bas<\/strong><\/p>\n<\/li>\n<li data-start=\"1616\" data-end=\"1674\">\n<p data-start=\"1618\" data-end=\"1674\">Sp\u00e9cialiste en <strong data-start=\"1632\" data-end=\"1672\">pi\u00e8ces de d\u00e9rive, de course et de carrosserie<\/strong><\/p>\n<\/li>\n<li data-start=\"1675\" data-end=\"1712\">\n<p data-start=\"1677\" data-end=\"1712\"><strong data-start=\"1677\" data-end=\"1696\">Livraison rapide<\/strong> en Europe<\/p>\n<\/li>\n<li data-start=\"1713\" data-end=\"1788\">\n<p data-start=\"1715\" data-end=\"1788\"><strong data-start=\"1715\" data-end=\"1733\">Haute qualit\u00e9<\/strong>, La coupe parfaite et l'allure robuste de Felony<\/p>\n<\/li>\n<\/ul>\n<p data-start=\"1790\" data-end=\"1923\">Avec la <strong data-start=\"1797\" data-end=\"1833\">BMW E36 Coupe Overfenders Set V2<\/strong> Faites passer votre E36 au niveau sup\u00e9rieur - pr\u00eate pour la rue, le spectacle ou la piste.<\/p>","protected":false},"excerpt":{"rendered":"<h3 data-start=\"27\" data-end=\"444\">BMW E36 Coupe Overfenders Set - V2 Front +60mm \/ Rear +60mm (Felony Style)<\/h3>\n<p data-start=\"27\" data-end=\"444\">Donnez \u00e0 votre BMW E36 Coup\u00e9 un look tr\u00e8s large avec le kit d'accessoires pour BMW E36 Coup\u00e9. <strong data-start=\"82\" data-end=\"117\">V2 Felony Style Overfenders Set<\/strong>. Ce set \u00e9largit l'avant avec <strong data-start=\"154\" data-end=\"164\">+60 mm<\/strong> et le dos avec <strong data-start=\"186\" data-end=\"196\">+60 mm<\/strong> par c\u00f4t\u00e9, pour un look agressif et un espace suppl\u00e9mentaire pour les roues larges. Fabriqu\u00e9 en <strong data-start=\"287\" data-end=\"322\">Fibre de verre (FRP) l\u00e9g\u00e8re et r\u00e9sistante<\/strong> avec une finition en gelcoat blanc. Parfaitement adapt\u00e9, facile \u00e0 assembler et id\u00e9al pour les projets de drift, de course ou d'exposition.<\/p>\n<p data-start=\"446\" data-end=\"589\" data-is-last-node=\"\" data-is-only-node=\"\"><strong data-start=\"446\" data-end=\"461\">Application :<\/strong> BMW E36 Coup\u00e9<br data-start=\"475\" data-end=\"478\" \/><strong data-start=\"478\" data-end=\"490\" data-is-only-node=\"\">Largeur :<\/strong> Avant +60 mm \/ arri\u00e8re +60 mm par c\u00f4t\u00e9<br data-start=\"528\" data-end=\"531\" \/><strong data-start=\"531\" data-end=\"545\">Mat\u00e9riau :<\/strong> Fibre de verre (FRP)<br data-start=\"562\" data-end=\"565\" \/><strong data-start=\"565\" data-end=\"575\">Couleur :<\/strong> Gelcoat blanc<\/p>","protected":false},"featured_media":54409,"comment_status":"open","ping_status":"closed","template":"","meta":{"_acf_changed":false},"product_brand":[4112],"product_cat":[160],"product_tag":[4027,3704,4113,4118],"giftcard-category":[],"class_list":{"0":"post-54408","1":"product","2":"type-product","3":"status-publish","4":"has-post-thumbnail","6":"product_brand-mway","7":"product_cat-bodykits","8":"product_tag-bmwe36","9":"product_tag-e36","10":"product_tag-mway","11":"product_tag-overfenders","14":"onbackorder","15":"taxable","16":"shipping-taxable","17":"purchasable","18":"product-type-simple","19":"product-grid-view"},"exclude_global_add_ons":[],"addons":[],"acf":[],"_links":{"self":[{"href":"https:\/\/race4driftparts.com\/fr\/wp-json\/wp\/v2\/product\/54408","targetHints":{"allow":["GET"]}}],"collection":[{"href":"https:\/\/race4driftparts.com\/fr\/wp-json\/wp\/v2\/product"}],"about":[{"href":"https:\/\/race4driftparts.com\/fr\/wp-json\/wp\/v2\/types\/product"}],"replies":[{"embeddable":true,"href":"https:\/\/race4driftparts.com\/fr\/wp-json\/wp\/v2\/comments?post=54408"}],"version-history":[{"count":0,"href":"https:\/\/race4driftparts.com\/fr\/wp-json\/wp\/v2\/product\/54408\/revisions"}],"wp:featuredmedia":[{"embeddable":true,"href":"https:\/\/race4driftparts.com\/fr\/wp-json\/wp\/v2\/media\/54409"}],"wp:attachment":[{"href":"https:\/\/race4driftparts.com\/fr\/wp-json\/wp\/v2\/media?parent=54408"}],"wp:term":[{"taxonomy":"product_brand","embeddable":true,"href":"https:\/\/race4driftparts.com\/fr\/wp-json\/wp\/v2\/product_brand?post=54408"},{"taxonomy":"product_cat","embeddable":true,"href":"https:\/\/race4driftparts.com\/fr\/wp-json\/wp\/v2\/product_cat?post=54408"},{"taxonomy":"product_tag","embeddable":true,"href":"https:\/\/race4driftparts.com\/fr\/wp-json\/wp\/v2\/product_tag?post=54408"},{"taxonomy":"giftcard-category","embeddable":true,"href":"https:\/\/race4driftparts.com\/fr\/wp-json\/wp\/v2\/giftcard-category?post=54408"}],"curies":[{"name":"wp","href":"https:\/\/api.w.org\/{rel}","templated":true}]}}