{"id":54418,"date":"2025-11-12T20:13:37","date_gmt":"2025-11-12T19:13:37","guid":{"rendered":"https:\/\/race4driftparts.com\/?post_type=product&#038;p=54418"},"modified":"2025-11-16T15:18:27","modified_gmt":"2025-11-16T14:18:27","slug":"bmw-e36-coupe-overfenders-set-v3-front-60mm-vents-rear-60mm-felony-style","status":"publish","type":"product","link":"https:\/\/race4driftparts.com\/fr\/shop\/exterieur\/bodykits\/bmw-e36-coupe-overfenders-set-v3-front-60mm-vents-rear-60mm-felony-style\/","title":{"rendered":"BMW E36 Coupe Overfenders Set - V3 Front +60mm + Vents \/ Rear +60mm (Felony Style)"},"content":{"rendered":"<h2 data-start=\"34\" data-end=\"122\">BMW E36 Coupe Overfenders Set - V3 Front +60mm + Vents \/ Rear +60mm (Felony Style)<\/h2>\n<p data-start=\"124\" data-end=\"523\">Donnez \u00e0 votre BMW E36 Coupe une allure encore plus \u00e9l\u00e9gante gr\u00e2ce \u00e0 ce kit d'accessoires. <strong data-start=\"192\" data-end=\"251\">Felony-style V3 Overfenders Set with vents<\/strong>. Ces overfenders combinent un <strong data-start=\"285\" data-end=\"317\">apparence large et extr\u00eame<\/strong> avec <strong data-start=\"322\" data-end=\"351\">bouches d'a\u00e9ration fonctionnelles<\/strong> \u00e0 l'avant pour un refroidissement suppl\u00e9mentaire et un look sportif et agressif. Parfait pour ceux qui veulent transformer leur E36 en une v\u00e9ritable machine \u00e0 faire tourner les t\u00eates, dans la rue ou sur la piste.<\/p>\n<p data-start=\"525\" data-end=\"822\">L'ensemble V2 est con\u00e7u en tenant compte des \u00e9l\u00e9ments suivants <strong data-start=\"566\" data-end=\"597\">la pr\u00e9cision, l'ajustement et le d\u00e9tail<\/strong>, inspir\u00e9 par le l\u00e9gendaire <strong data-start=\"632\" data-end=\"662\">Formulaire Felony Style large<\/strong> du monde du drift et du sport automobile. Les \u00e9vents ajout\u00e9s dans les ailes avant am\u00e9liorent le flux d'air et ajoutent un v\u00e9ritable look de sport automobile.<\/p>\n<p data-start=\"824\" data-end=\"843\"><strong data-start=\"824\" data-end=\"841\">L'ensemble comprend<\/strong><\/p>\n<ul data-start=\"844\" data-end=\"969\">\n<li data-start=\"844\" data-end=\"910\">\n<p data-start=\"846\" data-end=\"910\"><strong data-start=\"846\" data-end=\"880\">Garde-boue avant avec orifices d'a\u00e9ration :<\/strong> +\u00c9largissement de 60 mm par c\u00f4t\u00e9<\/p>\n<\/li>\n<li data-start=\"911\" data-end=\"969\">\n<p data-start=\"913\" data-end=\"969\"><strong data-start=\"913\" data-end=\"939\">Garde-boue arri\u00e8re :<\/strong> +\u00c9largissement de 60 mm par c\u00f4t\u00e9<\/p>\n<\/li>\n<\/ul>\n<p data-start=\"971\" data-end=\"1283\">Fabriqu\u00e9 en <strong data-start=\"983\" data-end=\"1015\">Fibre de verre de haute qualit\u00e9 (FRP)<\/strong> et a termin\u00e9 avec un <strong data-start=\"1037\" data-end=\"1054\">gelcoat blanc<\/strong>, Ces garde-boue sont l\u00e9gers, durables et faciles \u00e0 monter. L'espace suppl\u00e9mentaire pour les roues permet d'accueillir des jantes et des pneus plus larges, ce qui donne une allure agressive et am\u00e9liore les performances en drift et sur circuit.<\/p>\n<p data-start=\"1285\" data-end=\"1298\"><strong data-start=\"1285\" data-end=\"1296\">Remarque :<\/strong><\/p>\n<ul data-start=\"1299\" data-end=\"1515\">\n<li data-start=\"1299\" data-end=\"1387\">\n<p data-start=\"1301\" data-end=\"1387\">Le produit est <strong data-start=\"1316\" data-end=\"1348\">non pr\u00e9par\u00e9 pour la peinture<\/strong> et est d\u00e9livr\u00e9 <strong data-start=\"1367\" data-end=\"1384\">sans primer<\/strong>.<\/p>\n<\/li>\n<li data-start=\"1388\" data-end=\"1515\">\n<p data-start=\"1390\" data-end=\"1515\">Pour de meilleurs r\u00e9sultats, il est recommand\u00e9 que la surface <strong data-start=\"1446\" data-end=\"1483\">pon\u00e7age l\u00e9ger et ajustement<\/strong> avant la pulv\u00e9risation ou l'assemblage.<\/p>\n<\/li>\n<\/ul>\n<p data-start=\"1517\" data-end=\"1537\"><strong data-start=\"1517\" data-end=\"1535\">Sp\u00e9cifications :<\/strong><\/p>\n<ul data-start=\"1538\" data-end=\"1767\">\n<li data-start=\"1538\" data-end=\"1573\">\n<p data-start=\"1540\" data-end=\"1573\"><strong data-start=\"1540\" data-end=\"1554\">Mat\u00e9riau :<\/strong> Fibre de verre (FRP)<\/p>\n<\/li>\n<li data-start=\"1574\" data-end=\"1602\">\n<p data-start=\"1576\" data-end=\"1602\"><strong data-start=\"1576\" data-end=\"1586\">Couleur :<\/strong> Gelcoat blanc<\/p>\n<\/li>\n<li data-start=\"1603\" data-end=\"1636\">\n<p data-start=\"1605\" data-end=\"1636\"><strong data-start=\"1605\" data-end=\"1620\">Application :<\/strong> BMW E36 Coup\u00e9<\/p>\n<\/li>\n<li data-start=\"1637\" data-end=\"1691\">\n<p data-start=\"1639\" data-end=\"1691\"><strong data-start=\"1639\" data-end=\"1651\">Largeur :<\/strong> Avant +60 mm \/ arri\u00e8re +60 mm par c\u00f4t\u00e9<\/p>\n<\/li>\n<li data-start=\"1692\" data-end=\"1767\">\n<p data-start=\"1694\" data-end=\"1767\"><strong data-start=\"1694\" data-end=\"1704\">Extra :<\/strong> Bouches d'a\u00e9ration fonctionnelles dans les ailes avant<\/p>\n<\/li>\n<\/ul>\n<p data-start=\"1769\" data-end=\"1810\"><strong data-start=\"1769\" data-end=\"1808\">Pourquoi choisir Race4DriftParts :<\/strong><\/p>\n<ul data-start=\"1811\" data-end=\"2029\">\n<li data-start=\"1811\" data-end=\"1856\">\n<p data-start=\"1813\" data-end=\"1856\">Stock important en <strong data-start=\"1831\" data-end=\"1854\">Roermond, Pays-Bas<\/strong><\/p>\n<\/li>\n<li data-start=\"1857\" data-end=\"1915\">\n<p data-start=\"1859\" data-end=\"1915\">Sp\u00e9cialiste en <strong data-start=\"1873\" data-end=\"1913\">pi\u00e8ces de d\u00e9rive, de course et de carrosserie<\/strong><\/p>\n<\/li>\n<li data-start=\"1916\" data-end=\"1953\">\n<p data-start=\"1918\" data-end=\"1953\"><strong data-start=\"1918\" data-end=\"1937\">Livraison rapide<\/strong> en Europe<\/p>\n<\/li>\n<li data-start=\"1954\" data-end=\"2029\">\n<p data-start=\"1956\" data-end=\"2029\"><strong data-start=\"1956\" data-end=\"1974\">Haute qualit\u00e9<\/strong>, La coupe parfaite et l'allure robuste de Felony<\/p>\n<\/li>\n<\/ul>\n<p data-start=\"2031\" data-end=\"2172\">Rendez votre E36 unique avec le <strong data-start=\"2056\" data-end=\"2098\">BMW E36 Coupe V3 D\u00e9flecteurs avec a\u00e9rations<\/strong> - la combinaison parfaite de <strong data-start=\"2128\" data-end=\"2169\">esth\u00e9tique, performance et fonctionnalit\u00e9<\/strong>.<\/p>","protected":false},"excerpt":{"rendered":"<h3 data-start=\"2213\" data-end=\"2631\">BMW E36 Coupe Overfenders Set - V3 Front +60mm + Vents \/ Rear +60mm (Felony Style)<\/h3>\n<p data-start=\"2213\" data-end=\"2631\">Donnez \u00e0 votre BMW E36 Coup\u00e9 un look large et agressif avec le kit d'accessoires pour BMW E36 Coup\u00e9. <strong data-start=\"2271\" data-end=\"2316\">V2 Felony Style Overfenders Set with vents<\/strong>. Avant \u00e9largi <strong data-start=\"2338\" data-end=\"2358\">+60 mm par c\u00f4t\u00e9<\/strong> avec bouches d'a\u00e9ration int\u00e9gr\u00e9es pour plus de fra\u00eecheur et de style ; arri\u00e8re \u00e9largi <strong data-start=\"2442\" data-end=\"2462\">+60 mm par c\u00f4t\u00e9<\/strong>. Fabriqu\u00e9 en <strong data-start=\"2476\" data-end=\"2511\">Fibre de verre (FRP) l\u00e9g\u00e8re et r\u00e9sistante<\/strong> avec <strong data-start=\"2516\" data-end=\"2543\">finition gelcoat blanc<\/strong>. Parfaitement adapt\u00e9, facile \u00e0 monter et id\u00e9al pour le drift, la course ou l'exposition.<\/p>\n<p data-start=\"2633\" data-end=\"2778\" data-is-last-node=\"\" data-is-only-node=\"\"><strong data-start=\"2633\" data-end=\"2648\">Application :<\/strong> BMW E36 Coup\u00e9<br data-start=\"2662\" data-end=\"2665\" \/><strong data-start=\"2665\" data-end=\"2677\">Largeur :<\/strong> Avant +60 mm (avec bouches d'a\u00e9ration) \/ Arri\u00e8re +60 mm<br data-start=\"2717\" data-end=\"2720\" \/><strong data-start=\"2720\" data-end=\"2734\">Mat\u00e9riau :<\/strong> Fibre de verre (FRP)<br data-start=\"2751\" data-end=\"2754\" \/><strong data-start=\"2754\" data-end=\"2764\">Couleur :<\/strong> Gelcoat blanc<\/p>","protected":false},"featured_media":54420,"comment_status":"open","ping_status":"closed","template":"","meta":{"_acf_changed":false},"product_brand":[4112],"product_cat":[160],"product_tag":[627,4027,3704,4115,4113,4118,4117,4119],"giftcard-category":[],"class_list":{"0":"post-54418","1":"product","2":"type-product","3":"status-publish","4":"has-post-thumbnail","6":"product_brand-mway","7":"product_cat-bodykits","8":"product_tag-bmw-e36","9":"product_tag-bmwe36","10":"product_tag-e36","11":"product_tag-felony","12":"product_tag-mway","13":"product_tag-overfenders","14":"product_tag-widebody","15":"product_tag-with-vents","18":"onbackorder","19":"taxable","20":"shipping-taxable","21":"purchasable","22":"product-type-simple","23":"product-grid-view"},"exclude_global_add_ons":[],"addons":[],"acf":[],"_links":{"self":[{"href":"https:\/\/race4driftparts.com\/fr\/wp-json\/wp\/v2\/product\/54418","targetHints":{"allow":["GET"]}}],"collection":[{"href":"https:\/\/race4driftparts.com\/fr\/wp-json\/wp\/v2\/product"}],"about":[{"href":"https:\/\/race4driftparts.com\/fr\/wp-json\/wp\/v2\/types\/product"}],"replies":[{"embeddable":true,"href":"https:\/\/race4driftparts.com\/fr\/wp-json\/wp\/v2\/comments?post=54418"}],"version-history":[{"count":0,"href":"https:\/\/race4driftparts.com\/fr\/wp-json\/wp\/v2\/product\/54418\/revisions"}],"wp:featuredmedia":[{"embeddable":true,"href":"https:\/\/race4driftparts.com\/fr\/wp-json\/wp\/v2\/media\/54420"}],"wp:attachment":[{"href":"https:\/\/race4driftparts.com\/fr\/wp-json\/wp\/v2\/media?parent=54418"}],"wp:term":[{"taxonomy":"product_brand","embeddable":true,"href":"https:\/\/race4driftparts.com\/fr\/wp-json\/wp\/v2\/product_brand?post=54418"},{"taxonomy":"product_cat","embeddable":true,"href":"https:\/\/race4driftparts.com\/fr\/wp-json\/wp\/v2\/product_cat?post=54418"},{"taxonomy":"product_tag","embeddable":true,"href":"https:\/\/race4driftparts.com\/fr\/wp-json\/wp\/v2\/product_tag?post=54418"},{"taxonomy":"giftcard-category","embeddable":true,"href":"https:\/\/race4driftparts.com\/fr\/wp-json\/wp\/v2\/giftcard-category?post=54418"}],"curies":[{"name":"wp","href":"https:\/\/api.w.org\/{rel}","templated":true}]}}