{"id":54428,"date":"2025-11-12T20:27:55","date_gmt":"2025-11-12T19:27:55","guid":{"rendered":"https:\/\/race4driftparts.com\/?post_type=product&#038;p=54428"},"modified":"2025-11-16T15:18:27","modified_gmt":"2025-11-16T14:18:27","slug":"bmw-e36-sedan-overfenders-set-v1-front-35mm-v1-rear-45mm-without-door-handle-felony-style","status":"publish","type":"product","link":"https:\/\/race4driftparts.com\/fr\/shop\/exterieur\/bodykits\/bmw-e36-sedan-overfenders-set-v1-front-35mm-v1-rear-45mm-without-door-handle-felony-style\/","title":{"rendered":"BMW E36 Sedan Overfenders Set - V1 Front +35mm \/ V1 Rear +45mm (Without Door Handle, Felony Style)"},"content":{"rendered":"<h2 data-start=\"34\" data-end=\"138\"><strong data-start=\"34\" data-end=\"136\">BMW E36 Sedan Overfenders Set - V1 Front +35mm \/ V1 Rear +45mm (Without Door Handle, Felony Style)<\/strong><\/h2>\n<p data-start=\"34\" data-end=\"138\">Donnez votre <strong data-start=\"148\" data-end=\"165\">BMW E36 Berline<\/strong> un look large et agressif avec ces <strong data-start=\"211\" data-end=\"265\">Jeu de garde-boue V1 de style f\u00e9lon sans fentes de porte<\/strong>. Cet ensemble complet est parfait pour ceux qui ont un <strong data-start=\"309\" data-end=\"346\">un look large, propre et uniforme<\/strong> La voiture de sport est un \u00e9l\u00e9ment essentiel de l'image de marque que l'on veut cr\u00e9er, avec un espace suppl\u00e9mentaire pour des roues plus larges et une position plus basse. Gr\u00e2ce \u00e0 la <strong data-start=\"429\" data-end=\"461\">\u201cConception \u201dsans poign\u00e9e de porte<\/strong> Votre E36 re\u00e7oit-elle une <strong data-start=\"480\" data-end=\"520\">Finition nette, inspir\u00e9e de la course<\/strong> qui convient parfaitement aux voitures de drift, de course ou d'exposition.<\/p>\n<p data-start=\"574\" data-end=\"918\">Les overfenders V1 sont con\u00e7us avec <strong data-start=\"611\" data-end=\"642\">pr\u00e9cision et souci du d\u00e9tail<\/strong>inspir\u00e9e de l'embl\u00e9matique <strong data-start=\"673\" data-end=\"703\">Formulaire Felony Style large<\/strong> du monde de la d\u00e9rive et du sport automobile. La combinaison de <strong data-start=\"756\" data-end=\"775\">V1 Avant +35 mm<\/strong> et <strong data-start=\"779\" data-end=\"797\">V1 arri\u00e8re +45 mm<\/strong> offre un \u00e9largissement \u00e9quilibr\u00e9 et un look agressif qui suit parfaitement les lignes de la berline E36.<\/p>\n<p data-start=\"920\" data-end=\"939\"><strong data-start=\"920\" data-end=\"937\">L'ensemble comprend<\/strong><\/p>\n<ul data-start=\"940\" data-end=\"1127\">\n<li data-start=\"940\" data-end=\"1007\">\n<p data-start=\"942\" data-end=\"1007\"><strong data-start=\"942\" data-end=\"977\">Garde-boue avant (V1 Front) :<\/strong> +35 mm d'\u00e9largissement par c\u00f4t\u00e9<\/p>\n<\/li>\n<li data-start=\"1008\" data-end=\"1076\">\n<p data-start=\"1010\" data-end=\"1076\"><strong data-start=\"1010\" data-end=\"1046\">Garde-boue arri\u00e8re (V1 Rear) :<\/strong> +\u00c9largissement de 45 mm de chaque c\u00f4t\u00e9<\/p>\n<\/li>\n<li data-start=\"1077\" data-end=\"1127\">\n<p data-start=\"1079\" data-end=\"1127\"><strong data-start=\"1079\" data-end=\"1125\">Sans \u00e9videment pour la poign\u00e9e de porte (aspect lisse)<\/strong><\/p>\n<\/li>\n<\/ul>\n<p data-start=\"1129\" data-end=\"1452\">Fabriqu\u00e9 en <strong data-start=\"1141\" data-end=\"1173\">Fibre de verre de haute qualit\u00e9 (FRP)<\/strong> et a termin\u00e9 avec un <strong data-start=\"1195\" data-end=\"1212\">gelcoat blanc<\/strong>, Ces garde-boue sont l\u00e9gers, solides et faciles \u00e0 monter. L'espace suppl\u00e9mentaire pour les roues permet d'utiliser des jantes plus larges, ce qui se traduit par un gain de temps et d'argent. <strong data-start=\"1367\" data-end=\"1385\">un regard plus s\u00e9v\u00e8re<\/strong> et <strong data-start=\"1389\" data-end=\"1420\">Am\u00e9lioration de la maniabilit\u00e9<\/strong> En drift et sur piste.<\/p>\n<p data-start=\"1454\" data-end=\"1467\"><strong data-start=\"1454\" data-end=\"1465\">Remarque :<\/strong><\/p>\n<ul data-start=\"1468\" data-end=\"1684\">\n<li data-start=\"1468\" data-end=\"1556\">\n<p data-start=\"1470\" data-end=\"1556\">Le produit est <strong data-start=\"1485\" data-end=\"1517\">non pr\u00e9par\u00e9 pour la peinture<\/strong> et est d\u00e9livr\u00e9 <strong data-start=\"1536\" data-end=\"1553\">sans primer<\/strong>.<\/p>\n<\/li>\n<li data-start=\"1557\" data-end=\"1684\">\n<p data-start=\"1559\" data-end=\"1684\">Pour de meilleurs r\u00e9sultats, il est recommand\u00e9 que la surface <strong data-start=\"1615\" data-end=\"1652\">pon\u00e7age l\u00e9ger et ajustement<\/strong> avant la pulv\u00e9risation ou l'assemblage.<\/p>\n<\/li>\n<\/ul>\n<p data-start=\"1686\" data-end=\"1706\"><strong data-start=\"1686\" data-end=\"1704\">Sp\u00e9cifications :<\/strong><\/p>\n<ul data-start=\"1707\" data-end=\"1912\">\n<li data-start=\"1707\" data-end=\"1742\">\n<p data-start=\"1709\" data-end=\"1742\"><strong data-start=\"1709\" data-end=\"1723\">Mat\u00e9riau :<\/strong> Fibre de verre (FRP)<\/p>\n<\/li>\n<li data-start=\"1743\" data-end=\"1771\">\n<p data-start=\"1745\" data-end=\"1771\"><strong data-start=\"1745\" data-end=\"1755\">Couleur :<\/strong> Gelcoat blanc<\/p>\n<\/li>\n<li data-start=\"1772\" data-end=\"1805\">\n<p data-start=\"1774\" data-end=\"1805\"><strong data-start=\"1774\" data-end=\"1789\">Application :<\/strong> BMW E36 Berline<\/p>\n<\/li>\n<li data-start=\"1806\" data-end=\"1865\">\n<p data-start=\"1808\" data-end=\"1865\"><strong data-start=\"1808\" data-end=\"1820\">Largeur :<\/strong> V1 avant +35 mm \/ V1 arri\u00e8re +45 mm par c\u00f4t\u00e9<\/p>\n<\/li>\n<li data-start=\"1866\" data-end=\"1912\">\n<p data-start=\"1868\" data-end=\"1912\"><strong data-start=\"1868\" data-end=\"1879\">Conception :<\/strong> Sans poign\u00e9e de porte (aspect lisse)<\/p>\n<\/li>\n<\/ul>\n<p data-start=\"1914\" data-end=\"1955\"><strong data-start=\"1914\" data-end=\"1953\">Pourquoi choisir Race4DriftParts :<\/strong><\/p>\n<ul data-start=\"1956\" data-end=\"2176\">\n<li data-start=\"1956\" data-end=\"2001\">\n<p data-start=\"1958\" data-end=\"2001\">Stock important en <strong data-start=\"1976\" data-end=\"1999\">Roermond, Pays-Bas<\/strong><\/p>\n<\/li>\n<li data-start=\"2002\" data-end=\"2060\">\n<p data-start=\"2004\" data-end=\"2060\">Sp\u00e9cialiste en <strong data-start=\"2018\" data-end=\"2058\">pi\u00e8ces de d\u00e9rive, de course et de carrosserie<\/strong><\/p>\n<\/li>\n<li data-start=\"2061\" data-end=\"2098\">\n<p data-start=\"2063\" data-end=\"2098\"><strong data-start=\"2063\" data-end=\"2082\">Livraison rapide<\/strong> en Europe<\/p>\n<\/li>\n<li data-start=\"2099\" data-end=\"2176\">\n<p data-start=\"2101\" data-end=\"2176\"><strong data-start=\"2101\" data-end=\"2119\">Haute qualit\u00e9<\/strong>Une coupe parfaite et une finition \u00e9l\u00e9gante de type Felony<\/p>\n<\/li>\n<\/ul>\n<p data-start=\"2178\" data-end=\"2361\">Transformez votre berline en une v\u00e9ritable l\u00e9gende \u00e0 large carrosserie avec le <strong data-start=\"2238\" data-end=\"2291\">BMW E36 Sedan V1 Overfenders Set sans poign\u00e9e de porte<\/strong> - la combinaison parfaite de <strong data-start=\"2321\" data-end=\"2358\">style, fonctionnalit\u00e9 et ajustement<\/strong>.<\/p>","protected":false},"excerpt":{"rendered":"<h3>BMW E36 Sedan Overfenders Set - V1 Front +35mm \/ V1 Rear +45mm (Without Door Handle, Felony Style)<\/h3>\n<p data-start=\"2402\" data-end=\"2794\">Am\u00e9liorez votre BMW E36 Sedan avec la <strong data-start=\"2434\" data-end=\"2486\">V1 Felony Style Overfenders Set sans poign\u00e9e de porte<\/strong>. Les <strong data-start=\"2491\" data-end=\"2503\">V1 Front<\/strong> s'\u00e9largit avec <strong data-start=\"2518\" data-end=\"2538\">+35 mm par c\u00f4t\u00e9<\/strong> et le <strong data-start=\"2545\" data-end=\"2556\">V1 Arri\u00e8re<\/strong> avec <strong data-start=\"2561\" data-end=\"2581\">+45 mm par c\u00f4t\u00e9<\/strong> Pour un look agressif et propre. Fabriqu\u00e9 en <strong data-start=\"2637\" data-end=\"2672\">Fibre de verre (FRP) l\u00e9g\u00e8re et r\u00e9sistante<\/strong> avec <strong data-start=\"2677\" data-end=\"2704\">finition gelcoat blanc<\/strong>. Parfaitement adapt\u00e9, facile \u00e0 assembler et id\u00e9al pour les projets de drift, de course ou d'exposition.<\/p>\n<p data-start=\"2796\" data-end=\"2979\" data-is-last-node=\"\" data-is-only-node=\"\"><strong data-start=\"2796\" data-end=\"2811\">Application :<\/strong> BMW E36 Berline<br data-start=\"2825\" data-end=\"2828\" \/><strong data-start=\"2828\" data-end=\"2840\">Largeur :<\/strong> V1 avant +35 mm \/ V1 arri\u00e8re +45 mm<br data-start=\"2873\" data-end=\"2876\" \/><strong data-start=\"2876\" data-end=\"2890\">Mat\u00e9riau :<\/strong> Fibre de verre (FRP)<br data-start=\"2907\" data-end=\"2910\" \/><strong data-start=\"2910\" data-end=\"2920\">Couleur :<\/strong> Gelcoat blanc<br data-start=\"2934\" data-end=\"2937\" \/><strong data-start=\"2937\" data-end=\"2948\">Conception :<\/strong> Sans poign\u00e9e de porte (aspect lisse)<\/p>","protected":false},"featured_media":54429,"comment_status":"open","ping_status":"closed","template":"","meta":{"_acf_changed":false},"product_brand":[4112],"product_cat":[160],"product_tag":[4027,3704,4115,4113,4120,4117],"giftcard-category":[],"class_list":{"0":"post-54428","1":"product","2":"type-product","3":"status-publish","4":"has-post-thumbnail","6":"product_brand-mway","7":"product_cat-bodykits","8":"product_tag-bmwe36","9":"product_tag-e36","10":"product_tag-felony","11":"product_tag-mway","12":"product_tag-sedan","13":"product_tag-widebody","16":"onbackorder","17":"taxable","18":"shipping-taxable","19":"purchasable","20":"product-type-simple","21":"product-grid-view"},"exclude_global_add_ons":[],"addons":[],"acf":[],"_links":{"self":[{"href":"https:\/\/race4driftparts.com\/fr\/wp-json\/wp\/v2\/product\/54428","targetHints":{"allow":["GET"]}}],"collection":[{"href":"https:\/\/race4driftparts.com\/fr\/wp-json\/wp\/v2\/product"}],"about":[{"href":"https:\/\/race4driftparts.com\/fr\/wp-json\/wp\/v2\/types\/product"}],"replies":[{"embeddable":true,"href":"https:\/\/race4driftparts.com\/fr\/wp-json\/wp\/v2\/comments?post=54428"}],"version-history":[{"count":0,"href":"https:\/\/race4driftparts.com\/fr\/wp-json\/wp\/v2\/product\/54428\/revisions"}],"wp:featuredmedia":[{"embeddable":true,"href":"https:\/\/race4driftparts.com\/fr\/wp-json\/wp\/v2\/media\/54429"}],"wp:attachment":[{"href":"https:\/\/race4driftparts.com\/fr\/wp-json\/wp\/v2\/media?parent=54428"}],"wp:term":[{"taxonomy":"product_brand","embeddable":true,"href":"https:\/\/race4driftparts.com\/fr\/wp-json\/wp\/v2\/product_brand?post=54428"},{"taxonomy":"product_cat","embeddable":true,"href":"https:\/\/race4driftparts.com\/fr\/wp-json\/wp\/v2\/product_cat?post=54428"},{"taxonomy":"product_tag","embeddable":true,"href":"https:\/\/race4driftparts.com\/fr\/wp-json\/wp\/v2\/product_tag?post=54428"},{"taxonomy":"giftcard-category","embeddable":true,"href":"https:\/\/race4driftparts.com\/fr\/wp-json\/wp\/v2\/giftcard-category?post=54428"}],"curies":[{"name":"wp","href":"https:\/\/api.w.org\/{rel}","templated":true}]}}