{"id":54441,"date":"2025-11-12T20:40:16","date_gmt":"2025-11-12T19:40:16","guid":{"rendered":"https:\/\/race4driftparts.com\/?post_type=product&#038;p=54441"},"modified":"2025-11-16T15:18:27","modified_gmt":"2025-11-16T14:18:27","slug":"bmw-e36-sedan-overfenders-set-v1-front-35mm-v2-rear-45mm-with-door-handle-felony-style","status":"publish","type":"product","link":"https:\/\/race4driftparts.com\/fr\/shop\/exterieur\/bodykits\/bmw-e36-sedan-overfenders-set-v1-front-35mm-v2-rear-45mm-with-door-handle-felony-style\/","title":{"rendered":"BMW E36 Sedan Overfenders Set - V1 Front +35mm \/ V2 Rear +45mm (With Door Handle, Felony Style)"},"content":{"rendered":"<h3>BMW E36 Sedan Overfenders Set - V1 Front +35mm \/ V2 Rear +45mm (With Door Handle, Felony Style)<\/h3>\n<p data-start=\"137\" data-end=\"583\">Donnez votre <strong data-start=\"145\" data-end=\"162\">BMW E36 Berline<\/strong> Un look widebody sportif et \u00e9quilibr\u00e9 gr\u00e2ce \u00e0 cette <strong data-start=\"220\" data-end=\"278\">Jeu de pare-chocs de style f\u00e9lon avec d\u00e9coupes pour les poign\u00e9es de porte<\/strong>. Cette combinaison de <strong data-start=\"300\" data-end=\"312\">V1 Front<\/strong> et <strong data-start=\"316\" data-end=\"327\">V2 arri\u00e8re<\/strong> offre le meilleur de deux styles : un \u00e9largissement subtil \u00e0 l'avant et un aspect plus puissant et plus large \u00e0 l'arri\u00e8re. Id\u00e9al pour ceux qui souhaitent ajouter une <strong data-start=\"500\" data-end=\"542\">look a\u00e9rodynamique et agressif<\/strong> sans compromettre la facilit\u00e9 d'utilisation.<\/p>\n<p data-start=\"585\" data-end=\"981\">Les garde-boue sont con\u00e7us avec <strong data-start=\"619\" data-end=\"666\">ajustement pr\u00e9cis et souci du d\u00e9tail<\/strong>inspir\u00e9e de la c\u00e9l\u00e8bre <strong data-start=\"695\" data-end=\"725\">Formulaire Felony Style large<\/strong> du monde de la d\u00e9rive et du sport automobile. Gr\u00e2ce \u00e0 la <strong data-start=\"771\" data-end=\"806\">d\u00e9coupes pour les poign\u00e9es de porte<\/strong> la voiture conserve son aspect pratique et ses lignes d'origine, tandis que les passages de roues plus larges offrent plus d'espace pour les passagers. <strong data-start=\"937\" data-end=\"953\">roues larges<\/strong> et un <strong data-start=\"961\" data-end=\"978\">position plus basse<\/strong>.<\/p>\n<p data-start=\"983\" data-end=\"1002\"><strong data-start=\"983\" data-end=\"1000\">L'ensemble comprend<\/strong><\/p>\n<ul data-start=\"1003\" data-end=\"1192\">\n<li data-start=\"1003\" data-end=\"1070\">\n<p data-start=\"1005\" data-end=\"1070\"><strong data-start=\"1005\" data-end=\"1040\">Garde-boue avant (V1 Front) :<\/strong> +35 mm d'\u00e9largissement par c\u00f4t\u00e9<\/p>\n<\/li>\n<li data-start=\"1071\" data-end=\"1139\">\n<p data-start=\"1073\" data-end=\"1139\"><strong data-start=\"1073\" data-end=\"1109\">Garde-boue arri\u00e8re (V2 Rear) :<\/strong> +\u00c9largissement de 45 mm de chaque c\u00f4t\u00e9<\/p>\n<\/li>\n<li data-start=\"1140\" data-end=\"1192\">\n<p data-start=\"1142\" data-end=\"1192\"><strong data-start=\"1142\" data-end=\"1190\">Avec d\u00e9coupes pour les poign\u00e9es de porte (aspect OEM)<\/strong><\/p>\n<\/li>\n<\/ul>\n<p data-start=\"1194\" data-end=\"1523\">Fabriqu\u00e9 en <strong data-start=\"1206\" data-end=\"1238\">Fibre de verre de haute qualit\u00e9 (FRP)<\/strong> et a termin\u00e9 avec un <strong data-start=\"1260\" data-end=\"1277\">gelcoat blanc<\/strong>Ces garde-boue sont l\u00e9gers, solides et faciles \u00e0 monter. L'espace suppl\u00e9mentaire autour des passages de roue permet d'utiliser des jantes et des pneus plus larges, offrant ainsi une meilleure visibilit\u00e9. <strong data-start=\"1454\" data-end=\"1472\">un regard plus s\u00e9v\u00e8re<\/strong> et <strong data-start=\"1476\" data-end=\"1491\">meilleure prise en main<\/strong> En cas de d\u00e9rive ou d'utilisation sur piste.<\/p>\n<p data-start=\"1525\" data-end=\"1538\"><strong data-start=\"1525\" data-end=\"1536\">Remarque :<\/strong><\/p>\n<ul data-start=\"1539\" data-end=\"1755\">\n<li data-start=\"1539\" data-end=\"1627\">\n<p data-start=\"1541\" data-end=\"1627\">Le produit est <strong data-start=\"1556\" data-end=\"1588\">non pr\u00e9par\u00e9 pour la peinture<\/strong> et est d\u00e9livr\u00e9 <strong data-start=\"1607\" data-end=\"1624\">sans primer<\/strong>.<\/p>\n<\/li>\n<li data-start=\"1628\" data-end=\"1755\">\n<p data-start=\"1630\" data-end=\"1755\">Pour de meilleurs r\u00e9sultats, il est recommand\u00e9 que la surface <strong data-start=\"1686\" data-end=\"1723\">pon\u00e7age l\u00e9ger et ajustement<\/strong> avant la pulv\u00e9risation ou l'assemblage.<\/p>\n<\/li>\n<\/ul>\n<p data-start=\"1757\" data-end=\"1777\"><strong data-start=\"1757\" data-end=\"1775\">Sp\u00e9cifications :<\/strong><\/p>\n<ul data-start=\"1778\" data-end=\"1995\">\n<li data-start=\"1778\" data-end=\"1813\">\n<p data-start=\"1780\" data-end=\"1813\"><strong data-start=\"1780\" data-end=\"1794\">Mat\u00e9riau :<\/strong> Fibre de verre (FRP)<\/p>\n<\/li>\n<li data-start=\"1814\" data-end=\"1842\">\n<p data-start=\"1816\" data-end=\"1842\"><strong data-start=\"1816\" data-end=\"1826\">Couleur :<\/strong> Gelcoat blanc<\/p>\n<\/li>\n<li data-start=\"1843\" data-end=\"1876\">\n<p data-start=\"1845\" data-end=\"1876\"><strong data-start=\"1845\" data-end=\"1860\">Application :<\/strong> BMW E36 Berline<\/p>\n<\/li>\n<li data-start=\"1877\" data-end=\"1936\">\n<p data-start=\"1879\" data-end=\"1936\"><strong data-start=\"1879\" data-end=\"1891\">Largeur :<\/strong> V1 avant +35 mm \/ V2 arri\u00e8re +45 mm par c\u00f4t\u00e9<\/p>\n<\/li>\n<li data-start=\"1937\" data-end=\"1995\">\n<p data-start=\"1939\" data-end=\"1995\"><strong data-start=\"1939\" data-end=\"1950\">Conception :<\/strong> Avec encoche pour poign\u00e9e de porte<\/p>\n<\/li>\n<\/ul>\n<p data-start=\"1997\" data-end=\"2038\"><strong data-start=\"1997\" data-end=\"2036\">Pourquoi choisir Race4DriftParts :<\/strong><\/p>\n<ul data-start=\"2039\" data-end=\"2259\">\n<li data-start=\"2039\" data-end=\"2084\">\n<p data-start=\"2041\" data-end=\"2084\">Stock important en <strong data-start=\"2059\" data-end=\"2082\">Roermond, Pays-Bas<\/strong><\/p>\n<\/li>\n<li data-start=\"2085\" data-end=\"2143\">\n<p data-start=\"2087\" data-end=\"2143\">Sp\u00e9cialiste en <strong data-start=\"2101\" data-end=\"2141\">pi\u00e8ces de d\u00e9rive, de course et de carrosserie<\/strong><\/p>\n<\/li>\n<li data-start=\"2144\" data-end=\"2181\">\n<p data-start=\"2146\" data-end=\"2181\"><strong data-start=\"2146\" data-end=\"2165\">Livraison rapide<\/strong> en Europe<\/p>\n<\/li>\n<li data-start=\"2182\" data-end=\"2259\">\n<p data-start=\"2184\" data-end=\"2259\"><strong data-start=\"2184\" data-end=\"2202\">Haute qualit\u00e9<\/strong>Une coupe parfaite et une finition \u00e9l\u00e9gante de type Felony<\/p>\n<\/li>\n<\/ul>\n<p data-start=\"2261\" data-end=\"2411\">Am\u00e9liorez votre berline avec le <strong data-start=\"2285\" data-end=\"2338\">BMW E36 Sedan Jeu de pare-chocs V1\/V2 avec poign\u00e9e de porte<\/strong> - l'\u00e9quilibre parfait entre <strong data-start=\"2367\" data-end=\"2408\">fonctionnalit\u00e9, style et performance<\/strong>.<\/p>","protected":false},"excerpt":{"rendered":"<h3>BMW E36 Sedan Overfenders Set - V1 Front +35mm \/ V2 Rear +45mm (With Door Handle, Felony Style)<\/h3>\n<p data-start=\"2452\" data-end=\"2890\">Donnez \u00e0 votre BMW E36 Sedan un look large, agressif et fonctionnel avec le <strong data-start=\"2525\" data-end=\"2577\">Jeu de pare-chocs V1\/V2 Felony Style avec poign\u00e9e de porte<\/strong>. Les <strong data-start=\"2582\" data-end=\"2594\">V1 Front<\/strong> s'\u00e9largit avec <strong data-start=\"2609\" data-end=\"2629\">+35 mm par c\u00f4t\u00e9<\/strong> et le <strong data-start=\"2636\" data-end=\"2647\">V2 arri\u00e8re<\/strong> avec <strong data-start=\"2652\" data-end=\"2672\">+45 mm par c\u00f4t\u00e9<\/strong>. Gr\u00e2ce aux d\u00e9coupes pour les poign\u00e9es de porte, vous conservez les lignes d'origine et la facilit\u00e9 d'utilisation. Fabriqu\u00e9 en <strong data-start=\"2775\" data-end=\"2810\">Fibre de verre (FRP) l\u00e9g\u00e8re et r\u00e9sistante<\/strong> avec <strong data-start=\"2815\" data-end=\"2842\">finition gelcoat blanc<\/strong>. Parfait pour les projets de drift, de course ou d'exposition.<\/p>\n<p data-start=\"2892\" data-end=\"3077\" data-is-last-node=\"\" data-is-only-node=\"\"><strong data-start=\"2892\" data-end=\"2907\">Application :<\/strong> BMW E36 Berline<br data-start=\"2921\" data-end=\"2924\" \/><strong data-start=\"2924\" data-end=\"2936\">Largeur :<\/strong> V1 avant +35 mm \/ V2 arri\u00e8re +45 mm<br data-start=\"2969\" data-end=\"2972\" \/><strong data-start=\"2972\" data-end=\"2986\">Mat\u00e9riau :<\/strong> Fibre de verre (FRP)<br data-start=\"3003\" data-end=\"3006\" \/><strong data-start=\"3006\" data-end=\"3016\">Couleur :<\/strong> Gelcoat blanc<br data-start=\"3030\" data-end=\"3033\" \/><strong data-start=\"3033\" data-end=\"3044\">Conception :<\/strong> Avec poign\u00e9e de porte<\/p>","protected":false},"featured_media":54442,"comment_status":"open","ping_status":"closed","template":"","meta":{"_acf_changed":false},"product_brand":[4112],"product_cat":[160],"product_tag":[279,627,3704,4115,4113,4120,4117],"giftcard-category":[],"class_list":{"0":"post-54441","1":"product","2":"type-product","3":"status-publish","4":"has-post-thumbnail","6":"product_brand-mway","7":"product_cat-bodykits","8":"product_tag-bmw","9":"product_tag-bmw-e36","10":"product_tag-e36","11":"product_tag-felony","12":"product_tag-mway","13":"product_tag-sedan","14":"product_tag-widebody","17":"onbackorder","18":"taxable","19":"shipping-taxable","20":"purchasable","21":"product-type-simple","22":"product-grid-view"},"exclude_global_add_ons":[],"addons":[],"acf":[],"_links":{"self":[{"href":"https:\/\/race4driftparts.com\/fr\/wp-json\/wp\/v2\/product\/54441","targetHints":{"allow":["GET"]}}],"collection":[{"href":"https:\/\/race4driftparts.com\/fr\/wp-json\/wp\/v2\/product"}],"about":[{"href":"https:\/\/race4driftparts.com\/fr\/wp-json\/wp\/v2\/types\/product"}],"replies":[{"embeddable":true,"href":"https:\/\/race4driftparts.com\/fr\/wp-json\/wp\/v2\/comments?post=54441"}],"version-history":[{"count":0,"href":"https:\/\/race4driftparts.com\/fr\/wp-json\/wp\/v2\/product\/54441\/revisions"}],"wp:featuredmedia":[{"embeddable":true,"href":"https:\/\/race4driftparts.com\/fr\/wp-json\/wp\/v2\/media\/54442"}],"wp:attachment":[{"href":"https:\/\/race4driftparts.com\/fr\/wp-json\/wp\/v2\/media?parent=54441"}],"wp:term":[{"taxonomy":"product_brand","embeddable":true,"href":"https:\/\/race4driftparts.com\/fr\/wp-json\/wp\/v2\/product_brand?post=54441"},{"taxonomy":"product_cat","embeddable":true,"href":"https:\/\/race4driftparts.com\/fr\/wp-json\/wp\/v2\/product_cat?post=54441"},{"taxonomy":"product_tag","embeddable":true,"href":"https:\/\/race4driftparts.com\/fr\/wp-json\/wp\/v2\/product_tag?post=54441"},{"taxonomy":"giftcard-category","embeddable":true,"href":"https:\/\/race4driftparts.com\/fr\/wp-json\/wp\/v2\/giftcard-category?post=54441"}],"curies":[{"name":"wp","href":"https:\/\/api.w.org\/{rel}","templated":true}]}}